{"id":4617,"date":"2019-02-14T11:19:56","date_gmt":"2019-02-14T09:19:56","guid":{"rendered":"https:\/\/pti.eu\/?page_id=4617"},"modified":"2024-09-09T12:41:15","modified_gmt":"2024-09-09T10:41:15","slug":"bloklejehuse","status":"publish","type":"page","link":"https:\/\/pti.eu\/da\/produkter\/lejehuse\/bloklejehuse\/","title":{"rendered":"Bloklejehuse"},"content":{"rendered":"\n<style type=\"text\/css\" data-created_by=\"avia_inline_auto\" id=\"style-css-av-3jxq15-0d556701be9510b1dd642f0ce0307213\">\n.flex_column.av-3jxq15-0d556701be9510b1dd642f0ce0307213{\nborder-radius:0px 0px 0px 0px;\npadding:0px 0px 0px 0px;\n}\n<\/style>\n<div  class='flex_column av-3jxq15-0d556701be9510b1dd642f0ce0307213 av_one_full  avia-builder-el-0  el_before_av_hr  avia-builder-el-first  first flex_column_div av-zero-column-padding  '     ><section  class='av_textblock_section av-js5yn2x3-41a581aa6a32adfdae27ff3df93b137a '   itemscope=\"itemscope\" itemtype=\"https:\/\/schema.org\/CreativeWork\" ><div class='avia_textblock'  itemprop=\"text\" ><p><strong>BL, BL-W, PDN og PDNB:<\/strong> Disse udelte huse er specielt udviklet til ventilatorer og er forsynet med to lejes\u00e6der. P\u00e5 baggrund af denne opbygning er en forskydning af akslen umuliggjort. Takket v\u00e6re en fedtreguleringsskive der er monteret ved hvert leje, er vedligeholdelsen gjort lettere.<\/p>\n<p>Afh\u00e6ngigt af typen kan de leveres med eller uden aksel.<\/p>\n<p>Ved foresp\u00f8rgsel kan vi tilbyde dem med h\u00f8jtemperaturslejer og fedt.<\/p>\n<p><strong>DFL: <\/strong>DFL leveres som et komplet s\u00e6t best\u00e5ende af hus, aksel med sporkuglelejer, passkiver, akselendeskiver og fikseringsbolte. Sporkuglelejerne som huset er forsynet med, er fyldt med fedt og designet til en beregnet levetid p\u00e5 ca. 20.000 til 30.000 timer.<\/p>\n<\/div><\/section><\/div>\n\n<style type=\"text\/css\" data-created_by=\"avia_inline_auto\" id=\"style-css-av-jwuf1vhp-2b6e730c1461838ad701fcc02b3994ec\">\n#top .hr.hr-invisible.av-jwuf1vhp-2b6e730c1461838ad701fcc02b3994ec{\nheight:30px;\n}\n<\/style>\n<div  class='hr av-jwuf1vhp-2b6e730c1461838ad701fcc02b3994ec hr-invisible  avia-builder-el-2  el_after_av_one_full  el_before_av_icon_box '><span class='hr-inner '><span class=\"hr-inner-style\"><\/span><\/span><\/div>\n\n<style type=\"text\/css\" data-created_by=\"avia_inline_auto\" id=\"style-css-av-jwuez05e-efed7561bf0da78533f899356acd2041\">\n.iconbox.av-jwuez05e-efed7561bf0da78533f899356acd2041 .iconbox_icon{\nbackground-color:#201d5b;\ncolor:#ffffff;\n}\n.iconbox.av-jwuez05e-efed7561bf0da78533f899356acd2041 .iconbox_icon.avia-svg-icon svg:first-child{\nfill:#ffffff;\nstroke:#ffffff;\n}\n<\/style>\n<article  class='iconbox iconbox_left_content av-jwuez05e-efed7561bf0da78533f899356acd2041  avia-builder-el-3  el_after_av_hr  el_before_av_hr '  itemscope=\"itemscope\" itemtype=\"https:\/\/schema.org\/CreativeWork\" ><a href='https:\/\/shop.pti.eu\/da\/produkter\/bloklejehuse' title='Bestil online' aria-label='Bestil online'  target=\"_blank\"  rel=\"noopener noreferrer\" class='iconbox_icon heading-color avia-iconfont avia-font-entypo-fontello' data-av_icon='\ue859' data-av_iconfont='entypo-fontello' title=\"Bestil online\" desc=\"Bestil online\" ><\/a><div class=\"iconbox_content\"><header class=\"entry-content-header\" aria-label=\"Icon: Bestil online\"><h3 class='iconbox_content_title '  itemprop=\"headline\" ><a href='https:\/\/shop.pti.eu\/da\/produkter\/bloklejehuse' title='Bestil online'  target=\"_blank\"  rel=\"noopener noreferrer\">Bestil online<\/a><\/h3><\/header><div class='iconbox_content_container '  itemprop=\"text\" ><p>Find disse produkter, tjek lagerbeholdningen og se dine priser i vores <a href=\"https:\/\/shop.pti.eu\/da\/produkter\/bloklejehuse\">webshop<\/a>.<\/p>\n<p>Benyt dit login for at se nettopriser. Har du ikke s\u00e5dan et, kan du f\u00e5 et\u00a0<strong><a href=\"https:\/\/shop.pti.eu\/da\/opret-konto\">her.<\/a><\/strong><\/p>\n<\/div><\/div><footer class=\"entry-footer\"><\/footer><\/article>\n\n<style type=\"text\/css\" data-created_by=\"avia_inline_auto\" id=\"style-css-av-jwuf1vhp-1-b5e4e3efad5ea20b438dac45aaf43b2d\">\n#top .hr.hr-invisible.av-jwuf1vhp-1-b5e4e3efad5ea20b438dac45aaf43b2d{\nheight:10px;\n}\n<\/style>\n<div  class='hr av-jwuf1vhp-1-b5e4e3efad5ea20b438dac45aaf43b2d hr-invisible  avia-builder-el-4  el_after_av_icon_box  el_before_av_one_third '><span class='hr-inner '><span class=\"hr-inner-style\"><\/span><\/span><\/div>\n<div class='flex_column_table av-qriar-2259f18fdf5df83c3ee51ad57dca8fdd sc-av_one_third av-equal-height-column-flextable'>\n<style type=\"text\/css\" data-created_by=\"avia_inline_auto\" id=\"style-css-av-qriar-2259f18fdf5df83c3ee51ad57dca8fdd\">\n.flex_column.av-qriar-2259f18fdf5df83c3ee51ad57dca8fdd{\nborder-radius:0px 0px 0px 0px;\npadding:0px 0px 0px 0px;\n}\n<\/style>\n<div  class='flex_column av-qriar-2259f18fdf5df83c3ee51ad57dca8fdd av_one_third  avia-builder-el-5  el_after_av_hr  el_before_av_two_third  first flex_column_table_cell av-equal-height-column av-align-middle av-zero-column-padding  '     ><style type=\"text\/css\" data-created_by=\"avia_inline_auto\" id=\"style-css-av-mg12r-fb8722c144a01fb8713eb85e25c853b7\">\n.avia-image-container.av-mg12r-fb8722c144a01fb8713eb85e25c853b7 img.avia_image{\nbox-shadow:none;\n}\n.avia-image-container.av-mg12r-fb8722c144a01fb8713eb85e25c853b7 .av-image-caption-overlay-center{\ncolor:#ffffff;\n}\n<\/style>\n<div  class='avia-image-container av-mg12r-fb8722c144a01fb8713eb85e25c853b7 av-styling- avia-align-center  avia-builder-el-6  avia-builder-el-no-sibling '   itemprop=\"image\" itemscope=\"itemscope\" itemtype=\"https:\/\/schema.org\/ImageObject\" ><div class=\"avia-image-container-inner\"><div class=\"avia-image-overlay-wrap\"><img decoding=\"async\" fetchpriority=\"high\" class='wp-image-2341 avia-img-lazy-loading-not-2341 avia_image ' src=\"https:\/\/pti.eu\/wp-content\/uploads\/2011\/08\/double-bearing-housing.jpg\" alt='' title='double-bearing-housing'  height=\"200\" width=\"200\"  itemprop=\"thumbnailUrl\" srcset=\"https:\/\/pti.eu\/wp-content\/uploads\/2011\/08\/double-bearing-housing.jpg 200w, https:\/\/pti.eu\/wp-content\/uploads\/2011\/08\/double-bearing-housing-80x80.jpg 80w, https:\/\/pti.eu\/wp-content\/uploads\/2011\/08\/double-bearing-housing-36x36.jpg 36w, https:\/\/pti.eu\/wp-content\/uploads\/2011\/08\/double-bearing-housing-180x180.jpg 180w, https:\/\/pti.eu\/wp-content\/uploads\/2011\/08\/double-bearing-housing-120x120.jpg 120w\" sizes=\"(max-width: 200px) 100vw, 200px\" \/><\/div><\/div><\/div><\/div>\n<div class='av-flex-placeholder'><\/div>\n<style type=\"text\/css\" data-created_by=\"avia_inline_auto\" id=\"style-css-av-gts7n-2993d6521fee2c189596ebbf503af07d\">\n.flex_column.av-gts7n-2993d6521fee2c189596ebbf503af07d{\nborder-radius:0px 0px 0px 0px;\npadding:0px 0px 0px 0px;\n}\n<\/style>\n<div  class='flex_column av-gts7n-2993d6521fee2c189596ebbf503af07d av_two_third  avia-builder-el-7  el_after_av_one_third  avia-builder-el-last  flex_column_table_cell av-equal-height-column av-align-middle av-zero-column-padding  '     ><section  class='av_textblock_section av-az2kb-4e2f863e46f3c30b50716eaf461daa2e '   itemscope=\"itemscope\" itemtype=\"https:\/\/schema.org\/CreativeWork\" ><div class='avia_textblock'  itemprop=\"text\" ><p><a href=\"https:\/\/pti.eu\/pdf\/lejehuse\/BL.pdf\" target=\"_blank\" rel=\"noopener noreferrer\">BL<\/a>\u00a0&#8211; Bloklejehuse\u00a0(uden aksel)<\/p>\n<p><a href=\"https:\/\/pti.eu\/pdf\/lejehuse\/BLW.pdf\" target=\"_blank\" rel=\"noopener noreferrer\">BL-W<\/a>\u00a0&#8211; Bloklejehuse\u00a0(med aksel)<\/p>\n<p><a href=\"https:\/\/pti.eu\/pdf\/lejehuse\/PDN.pdf\" target=\"_blank\" rel=\"noopener noreferrer\">PDN<\/a>\u00a0&#8211; Bloklejehuse (uden aksel)<\/p>\n<p><a href=\"https:\/\/pti.eu\/pdf\/lejehuse\/PDNB.pdf\" target=\"_blank\" rel=\"noopener noreferrer\">PDNB<\/a>\u00a0&#8211; Bloklejehuse (med aksel)<\/p>\n<p><a href=\"https:\/\/pti.eu\/pdf\/lejehuse\/DFL.pdf\" target=\"_blank\" rel=\"noopener noreferrer\">DFL serie<\/a>\u00a0&#8211; Dobbeltlejehus med flange<\/p>\n<\/div><\/section><\/div><\/div><!--close column table wrapper. Autoclose: 1 -->\n","protected":false},"excerpt":{"rendered":"","protected":false},"author":1,"featured_media":0,"parent":443,"menu_order":0,"comment_status":"closed","ping_status":"closed","template":"","meta":{"footnotes":""},"class_list":["post-4617","page","type-page","status-publish","hentry"],"yoast_head":"<!-- This site is optimized with the Yoast SEO plugin v27.5 - https:\/\/yoast.com\/product\/yoast-seo-wordpress\/ -->\n<title>Bloklejehuse - PTI<\/title>\n<meta name=\"robots\" content=\"index, follow, max-snippet:-1, max-image-preview:large, max-video-preview:-1\" \/>\n<link rel=\"canonical\" href=\"https:\/\/pti.eu\/da\/produkter\/lejehuse\/bloklejehuse\/\" \/>\n<meta property=\"og:locale\" content=\"da_DK\" \/>\n<meta property=\"og:type\" content=\"article\" \/>\n<meta property=\"og:title\" content=\"Bloklejehuse - PTI\" \/>\n<meta property=\"og:url\" content=\"https:\/\/pti.eu\/da\/produkter\/lejehuse\/bloklejehuse\/\" \/>\n<meta property=\"og:site_name\" content=\"PTI\" \/>\n<meta property=\"article:publisher\" content=\"https:\/\/www.facebook.com\/ptieuropa\" \/>\n<meta property=\"article:modified_time\" content=\"2024-09-09T10:41:15+00:00\" \/>\n<meta name=\"twitter:card\" content=\"summary_large_image\" \/>\n<meta name=\"twitter:site\" content=\"@ptieu\" \/>\n<meta name=\"twitter:label1\" content=\"Estimeret l\u00e6setid\" \/>\n\t<meta name=\"twitter:data1\" content=\"4 minutes\" \/>\n<script type=\"application\/ld+json\" class=\"yoast-schema-graph\">{\"@context\":\"https:\\\/\\\/schema.org\",\"@graph\":[{\"@type\":\"WebPage\",\"@id\":\"https:\\\/\\\/pti.eu\\\/da\\\/produkter\\\/lejehuse\\\/bloklejehuse\\\/\",\"url\":\"https:\\\/\\\/pti.eu\\\/da\\\/produkter\\\/lejehuse\\\/bloklejehuse\\\/\",\"name\":\"Bloklejehuse - PTI\",\"isPartOf\":{\"@id\":\"https:\\\/\\\/pti.eu\\\/da\\\/#website\"},\"datePublished\":\"2019-02-14T09:19:56+00:00\",\"dateModified\":\"2024-09-09T10:41:15+00:00\",\"breadcrumb\":{\"@id\":\"https:\\\/\\\/pti.eu\\\/da\\\/produkter\\\/lejehuse\\\/bloklejehuse\\\/#breadcrumb\"},\"inLanguage\":\"da-DK\",\"potentialAction\":[{\"@type\":\"ReadAction\",\"target\":[\"https:\\\/\\\/pti.eu\\\/da\\\/produkter\\\/lejehuse\\\/bloklejehuse\\\/\"]}]},{\"@type\":\"BreadcrumbList\",\"@id\":\"https:\\\/\\\/pti.eu\\\/da\\\/produkter\\\/lejehuse\\\/bloklejehuse\\\/#breadcrumb\",\"itemListElement\":[{\"@type\":\"ListItem\",\"position\":1,\"name\":\"Home\",\"item\":\"https:\\\/\\\/pti.eu\\\/da\\\/hjem\\\/\"},{\"@type\":\"ListItem\",\"position\":2,\"name\":\"Produkter\",\"item\":\"https:\\\/\\\/pti.eu\\\/da\\\/produkter\\\/\"},{\"@type\":\"ListItem\",\"position\":3,\"name\":\"Lejehuse\",\"item\":\"https:\\\/\\\/pti.eu\\\/da\\\/produkter\\\/lejehuse\\\/\"},{\"@type\":\"ListItem\",\"position\":4,\"name\":\"Bloklejehuse\"}]},{\"@type\":\"WebSite\",\"@id\":\"https:\\\/\\\/pti.eu\\\/da\\\/#website\",\"url\":\"https:\\\/\\\/pti.eu\\\/da\\\/\",\"name\":\"PTI Europa\",\"description\":\"Bearings &amp; Transmission\",\"publisher\":{\"@id\":\"https:\\\/\\\/pti.eu\\\/da\\\/#organization\"},\"potentialAction\":[{\"@type\":\"SearchAction\",\"target\":{\"@type\":\"EntryPoint\",\"urlTemplate\":\"https:\\\/\\\/pti.eu\\\/da\\\/?s={search_term_string}\"},\"query-input\":{\"@type\":\"PropertyValueSpecification\",\"valueRequired\":true,\"valueName\":\"search_term_string\"}}],\"inLanguage\":\"da-DK\"},{\"@type\":\"Organization\",\"@id\":\"https:\\\/\\\/pti.eu\\\/da\\\/#organization\",\"name\":\"PTI Europa A\\\/S\",\"url\":\"https:\\\/\\\/pti.eu\\\/da\\\/\",\"logo\":{\"@type\":\"ImageObject\",\"inLanguage\":\"da-DK\",\"@id\":\"https:\\\/\\\/pti.eu\\\/da\\\/#\\\/schema\\\/logo\\\/image\\\/\",\"url\":\"https:\\\/\\\/pti.eu\\\/wp-content\\\/uploads\\\/2021\\\/05\\\/PTI-Logo.png\",\"contentUrl\":\"https:\\\/\\\/pti.eu\\\/wp-content\\\/uploads\\\/2021\\\/05\\\/PTI-Logo.png\",\"width\":673,\"height\":673,\"caption\":\"PTI Europa A\\\/S\"},\"image\":{\"@id\":\"https:\\\/\\\/pti.eu\\\/da\\\/#\\\/schema\\\/logo\\\/image\\\/\"},\"sameAs\":[\"https:\\\/\\\/www.facebook.com\\\/ptieuropa\",\"https:\\\/\\\/x.com\\\/ptieu\",\"https:\\\/\\\/www.linkedin.com\\\/company\\\/pti-europa-a-s\\\/\"]}]}<\/script>\n<!-- \/ Yoast SEO plugin. -->","yoast_head_json":{"title":"Bloklejehuse - PTI","robots":{"index":"index","follow":"follow","max-snippet":"max-snippet:-1","max-image-preview":"max-image-preview:large","max-video-preview":"max-video-preview:-1"},"canonical":"https:\/\/pti.eu\/da\/produkter\/lejehuse\/bloklejehuse\/","og_locale":"da_DK","og_type":"article","og_title":"Bloklejehuse - PTI","og_url":"https:\/\/pti.eu\/da\/produkter\/lejehuse\/bloklejehuse\/","og_site_name":"PTI","article_publisher":"https:\/\/www.facebook.com\/ptieuropa","article_modified_time":"2024-09-09T10:41:15+00:00","twitter_card":"summary_large_image","twitter_site":"@ptieu","twitter_misc":{"Estimeret l\u00e6setid":"4 minutes"},"schema":{"@context":"https:\/\/schema.org","@graph":[{"@type":"WebPage","@id":"https:\/\/pti.eu\/da\/produkter\/lejehuse\/bloklejehuse\/","url":"https:\/\/pti.eu\/da\/produkter\/lejehuse\/bloklejehuse\/","name":"Bloklejehuse - PTI","isPartOf":{"@id":"https:\/\/pti.eu\/da\/#website"},"datePublished":"2019-02-14T09:19:56+00:00","dateModified":"2024-09-09T10:41:15+00:00","breadcrumb":{"@id":"https:\/\/pti.eu\/da\/produkter\/lejehuse\/bloklejehuse\/#breadcrumb"},"inLanguage":"da-DK","potentialAction":[{"@type":"ReadAction","target":["https:\/\/pti.eu\/da\/produkter\/lejehuse\/bloklejehuse\/"]}]},{"@type":"BreadcrumbList","@id":"https:\/\/pti.eu\/da\/produkter\/lejehuse\/bloklejehuse\/#breadcrumb","itemListElement":[{"@type":"ListItem","position":1,"name":"Home","item":"https:\/\/pti.eu\/da\/hjem\/"},{"@type":"ListItem","position":2,"name":"Produkter","item":"https:\/\/pti.eu\/da\/produkter\/"},{"@type":"ListItem","position":3,"name":"Lejehuse","item":"https:\/\/pti.eu\/da\/produkter\/lejehuse\/"},{"@type":"ListItem","position":4,"name":"Bloklejehuse"}]},{"@type":"WebSite","@id":"https:\/\/pti.eu\/da\/#website","url":"https:\/\/pti.eu\/da\/","name":"PTI Europa","description":"Bearings &amp; Transmission","publisher":{"@id":"https:\/\/pti.eu\/da\/#organization"},"potentialAction":[{"@type":"SearchAction","target":{"@type":"EntryPoint","urlTemplate":"https:\/\/pti.eu\/da\/?s={search_term_string}"},"query-input":{"@type":"PropertyValueSpecification","valueRequired":true,"valueName":"search_term_string"}}],"inLanguage":"da-DK"},{"@type":"Organization","@id":"https:\/\/pti.eu\/da\/#organization","name":"PTI Europa A\/S","url":"https:\/\/pti.eu\/da\/","logo":{"@type":"ImageObject","inLanguage":"da-DK","@id":"https:\/\/pti.eu\/da\/#\/schema\/logo\/image\/","url":"https:\/\/pti.eu\/wp-content\/uploads\/2021\/05\/PTI-Logo.png","contentUrl":"https:\/\/pti.eu\/wp-content\/uploads\/2021\/05\/PTI-Logo.png","width":673,"height":673,"caption":"PTI Europa A\/S"},"image":{"@id":"https:\/\/pti.eu\/da\/#\/schema\/logo\/image\/"},"sameAs":["https:\/\/www.facebook.com\/ptieuropa","https:\/\/x.com\/ptieu","https:\/\/www.linkedin.com\/company\/pti-europa-a-s\/"]}]}},"_links":{"self":[{"href":"https:\/\/pti.eu\/da\/wp-json\/wp\/v2\/pages\/4617","targetHints":{"allow":["GET"]}}],"collection":[{"href":"https:\/\/pti.eu\/da\/wp-json\/wp\/v2\/pages"}],"about":[{"href":"https:\/\/pti.eu\/da\/wp-json\/wp\/v2\/types\/page"}],"author":[{"embeddable":true,"href":"https:\/\/pti.eu\/da\/wp-json\/wp\/v2\/users\/1"}],"replies":[{"embeddable":true,"href":"https:\/\/pti.eu\/da\/wp-json\/wp\/v2\/comments?post=4617"}],"version-history":[{"count":9,"href":"https:\/\/pti.eu\/da\/wp-json\/wp\/v2\/pages\/4617\/revisions"}],"predecessor-version":[{"id":14035,"href":"https:\/\/pti.eu\/da\/wp-json\/wp\/v2\/pages\/4617\/revisions\/14035"}],"up":[{"embeddable":true,"href":"https:\/\/pti.eu\/da\/wp-json\/wp\/v2\/pages\/443"}],"wp:attachment":[{"href":"https:\/\/pti.eu\/da\/wp-json\/wp\/v2\/media?parent=4617"}],"curies":[{"name":"wp","href":"https:\/\/api.w.org\/{rel}","templated":true}]}}