{"id":5477,"date":"2019-03-15T12:05:56","date_gmt":"2019-03-15T10:05:56","guid":{"rendered":"https:\/\/pti.eu\/?page_id=5477"},"modified":"2024-08-19T10:52:19","modified_gmt":"2024-08-19T08:52:19","slug":"kugleruller","status":"publish","type":"page","link":"https:\/\/pti.eu\/da\/produkter\/tilbehor\/kugleruller\/","title":{"rendered":"Kugleruller"},"content":{"rendered":"\n<style type=\"text\/css\" data-created_by=\"avia_inline_auto\" id=\"style-css-av-59j185-f43ccdba2413e52921002a3ab20cc8e9\">\n#top .av-special-heading.av-59j185-f43ccdba2413e52921002a3ab20cc8e9{\npadding-bottom:10px;\n}\nbody .av-special-heading.av-59j185-f43ccdba2413e52921002a3ab20cc8e9 .av-special-heading-tag .heading-char{\nfont-size:25px;\n}\n.av-special-heading.av-59j185-f43ccdba2413e52921002a3ab20cc8e9 .av-subheading{\nfont-size:15px;\n}\n<\/style>\n<div  class='av-special-heading av-59j185-f43ccdba2413e52921002a3ab20cc8e9 av-special-heading-h3  avia-builder-el-0  el_before_av_one_full  avia-builder-el-first '><h3 class='av-special-heading-tag '  itemprop=\"headline\"  >Kugleruller<\/h3><div class=\"special-heading-border\"><div class=\"special-heading-inner-border\"><\/div><\/div><\/div>\n\n<style type=\"text\/css\" data-created_by=\"avia_inline_auto\" id=\"style-css-av-2e4wb9-e3654154cf2d366a320b149729a3d360\">\n.flex_column.av-2e4wb9-e3654154cf2d366a320b149729a3d360{\nborder-radius:0px 0px 0px 0px;\npadding:0px 0px 0px 0px;\n}\n<\/style>\n<div  class='flex_column av-2e4wb9-e3654154cf2d366a320b149729a3d360 av_one_full  avia-builder-el-1  el_after_av_heading  el_before_av_hr  first flex_column_div av-zero-column-padding  '     ><section  class='av_textblock_section av-jv290d0k-4681342b0e6e6120acd958396538867b '   itemscope=\"itemscope\" itemtype=\"https:\/\/schema.org\/CreativeWork\" ><div class='avia_textblock'  itemprop=\"text\" ><p>Kugleruller tilbydes i modeller med og uden flange, i almindeligt-, zinkbelagt- og rustfri st\u00e5l.<\/p>\n<p>Kugleruller har et bredt anvendelsesomr\u00e5de, ved hj\u00e6lp af disse kan tunge elementer nemt bev\u00e6ges i alle retninger.<\/p>\n<p>Eksempler p\u00e5 anvendelsesomr\u00e5de: Plukkestationer, transportb\u00e5nd og arbejdsstationer.<\/p>\n<\/div><\/section><\/div>\n\n<style type=\"text\/css\" data-created_by=\"avia_inline_auto\" id=\"style-css-av-jwuf1vhp-2b6e730c1461838ad701fcc02b3994ec\">\n#top .hr.hr-invisible.av-jwuf1vhp-2b6e730c1461838ad701fcc02b3994ec{\nheight:30px;\n}\n<\/style>\n<div  class='hr av-jwuf1vhp-2b6e730c1461838ad701fcc02b3994ec hr-invisible  avia-builder-el-3  el_after_av_one_full  el_before_av_icon_box '><span class='hr-inner '><span class=\"hr-inner-style\"><\/span><\/span><\/div>\n\n<style type=\"text\/css\" data-created_by=\"avia_inline_auto\" id=\"style-css-av-jwuez05e-a057d257e7cdbc26012b58044e7ac3ac\">\n.iconbox.av-jwuez05e-a057d257e7cdbc26012b58044e7ac3ac .iconbox_icon{\nbackground-color:#201d5b;\ncolor:#ffffff;\n}\n.iconbox.av-jwuez05e-a057d257e7cdbc26012b58044e7ac3ac .iconbox_icon.avia-svg-icon svg:first-child{\nfill:#ffffff;\nstroke:#ffffff;\n}\n<\/style>\n<article  class='iconbox iconbox_left_content av-jwuez05e-a057d257e7cdbc26012b58044e7ac3ac  avia-builder-el-4  el_after_av_hr  el_before_av_heading '  itemscope=\"itemscope\" itemtype=\"https:\/\/schema.org\/CreativeWork\" ><a href='https:\/\/shop.pti.eu\/da\/produkter\/kugler-og-ruller' title='Bestil online' aria-label='Bestil online'  target=\"_blank\"  rel=\"noopener noreferrer\" class='iconbox_icon heading-color avia-iconfont avia-font-entypo-fontello' data-av_icon='\ue859' data-av_iconfont='entypo-fontello' title=\"Bestil online\" desc=\"Bestil online\" ><\/a><div class=\"iconbox_content\"><header class=\"entry-content-header\" aria-label=\"Icon: Bestil online\"><h3 class='iconbox_content_title '  itemprop=\"headline\" ><a href='https:\/\/shop.pti.eu\/da\/produkter\/kugler-og-ruller' title='Bestil online'  target=\"_blank\"  rel=\"noopener noreferrer\">Bestil online<\/a><\/h3><\/header><div class='iconbox_content_container '  itemprop=\"text\" ><p>Find disse produkter, tjek lagerbeholdningen og se dine priser i vores <a href=\"https:\/\/shop.pti.eu\/da\/produkter\/kugler-og-ruller\">webshop<\/a>.<\/p>\n<p>Benyt dit login for at se nettopriser. Har du ikke s\u00e5dan et, kan du f\u00e5 et\u00a0<strong><a href=\"https:\/\/shop.pti.eu\/da\/opret-konto\">her.<\/a><\/strong><\/p>\n<\/div><\/div><footer class=\"entry-footer\"><\/footer><\/article>\n\n<style type=\"text\/css\" data-created_by=\"avia_inline_auto\" id=\"style-css-av-3syo85-28ddb52ec39a08903d19024022690cb2\">\n#top .av-special-heading.av-3syo85-28ddb52ec39a08903d19024022690cb2{\npadding-bottom:10px;\n}\nbody .av-special-heading.av-3syo85-28ddb52ec39a08903d19024022690cb2 .av-special-heading-tag .heading-char{\nfont-size:25px;\n}\n.av-special-heading.av-3syo85-28ddb52ec39a08903d19024022690cb2 .av-subheading{\nfont-size:15px;\n}\n<\/style>\n<div  class='av-special-heading av-3syo85-28ddb52ec39a08903d19024022690cb2 av-special-heading-h6  avia-builder-el-5  el_after_av_icon_box  el_before_av_one_third '><h6 class='av-special-heading-tag '  itemprop=\"headline\"  >Kugleruller<\/h6><div class=\"special-heading-border\"><div class=\"special-heading-inner-border\"><\/div><\/div><\/div>\n<div class='flex_column_table av-8fdut-537032a861b49c20c268d82fd3374616 sc-av_one_third av-equal-height-column-flextable'>\n<style type=\"text\/css\" data-created_by=\"avia_inline_auto\" id=\"style-css-av-8fdut-537032a861b49c20c268d82fd3374616\">\n.flex_column.av-8fdut-537032a861b49c20c268d82fd3374616{\nborder-radius:0px 0px 0px 0px;\npadding:0px 0px 0px 0px;\n}\n<\/style>\n<div  class='flex_column av-8fdut-537032a861b49c20c268d82fd3374616 av_one_third  avia-builder-el-6  el_after_av_heading  el_before_av_two_third  first flex_column_table_cell av-equal-height-column av-align-middle av-zero-column-padding  '     ><style type=\"text\/css\" data-created_by=\"avia_inline_auto\" id=\"style-css-av-88h0h-dfdb7e6941ed340578f0d61d0fe938d0\">\n.avia-image-container.av-88h0h-dfdb7e6941ed340578f0d61d0fe938d0 img.avia_image{\nbox-shadow:none;\n}\n.avia-image-container.av-88h0h-dfdb7e6941ed340578f0d61d0fe938d0 .av-image-caption-overlay-center{\ncolor:#ffffff;\n}\n<\/style>\n<div  class='avia-image-container av-88h0h-dfdb7e6941ed340578f0d61d0fe938d0 av-styling- avia-align-center  avia-builder-el-7  avia-builder-el-no-sibling '   itemprop=\"image\" itemscope=\"itemscope\" itemtype=\"https:\/\/schema.org\/ImageObject\" ><div class=\"avia-image-container-inner\"><div class=\"avia-image-overlay-wrap\"><img decoding=\"async\" fetchpriority=\"high\" class='wp-image-4056 avia-img-lazy-loading-not-4056 avia_image ' src=\"https:\/\/pti.eu\/wp-content\/uploads\/2011\/08\/sbm.png\" alt='' title='sbm'  height=\"200\" width=\"200\"  itemprop=\"thumbnailUrl\" srcset=\"https:\/\/pti.eu\/wp-content\/uploads\/2011\/08\/sbm.png 200w, https:\/\/pti.eu\/wp-content\/uploads\/2011\/08\/sbm-80x80.png 80w, https:\/\/pti.eu\/wp-content\/uploads\/2011\/08\/sbm-36x36.png 36w, https:\/\/pti.eu\/wp-content\/uploads\/2011\/08\/sbm-180x180.png 180w, https:\/\/pti.eu\/wp-content\/uploads\/2011\/08\/sbm-120x120.png 120w\" sizes=\"(max-width: 200px) 100vw, 200px\" \/><\/div><\/div><\/div><\/div>\n<div class='av-flex-placeholder'><\/div>\n<style type=\"text\/css\" data-created_by=\"avia_inline_auto\" id=\"style-css-av-79sv5-e81855c3f652efb9995ec8a480e011bd\">\n.flex_column.av-79sv5-e81855c3f652efb9995ec8a480e011bd{\nborder-radius:0px 0px 0px 0px;\npadding:0px 0px 0px 0px;\n}\n<\/style>\n<div  class='flex_column av-79sv5-e81855c3f652efb9995ec8a480e011bd av_two_third  avia-builder-el-8  el_after_av_one_third  el_before_av_hr  flex_column_table_cell av-equal-height-column av-align-middle av-zero-column-padding  '     ><section  class='av_textblock_section av-6y94h-ec5d0723a3d9cdd91d76069a2740e7e7 '   itemscope=\"itemscope\" itemtype=\"https:\/\/schema.org\/CreativeWork\" ><div class='avia_textblock'  itemprop=\"text\" ><p><a href=\"https:\/\/pti.eu\/pdf\/adapters\/SBM.pdf\" target=\"_blank\" rel=\"noopener noreferrer\">SBM Kugleruller<\/a><\/p>\n<\/div><\/section><\/div><\/div><!--close column table wrapper. Autoclose: 1 -->\n\n<style type=\"text\/css\" data-created_by=\"avia_inline_auto\" id=\"style-css-av-6hna9-09352339f5394e1fce2428d93541b1b2\">\n#top .hr.hr-invisible.av-6hna9-09352339f5394e1fce2428d93541b1b2{\nheight:30px;\n}\n<\/style>\n<div  class='hr av-6hna9-09352339f5394e1fce2428d93541b1b2 hr-invisible  avia-builder-el-10  el_after_av_two_third  el_before_av_heading '><span class='hr-inner '><span class=\"hr-inner-style\"><\/span><\/span><\/div>\n\n<style type=\"text\/css\" data-created_by=\"avia_inline_auto\" id=\"style-css-av-2hgpl1-0eea5b26a22e9e01738d54cf43e26b9b\">\n#top .av-special-heading.av-2hgpl1-0eea5b26a22e9e01738d54cf43e26b9b{\npadding-bottom:10px;\n}\nbody .av-special-heading.av-2hgpl1-0eea5b26a22e9e01738d54cf43e26b9b .av-special-heading-tag .heading-char{\nfont-size:25px;\n}\n.av-special-heading.av-2hgpl1-0eea5b26a22e9e01738d54cf43e26b9b .av-subheading{\nfont-size:15px;\n}\n<\/style>\n<div  class='av-special-heading av-2hgpl1-0eea5b26a22e9e01738d54cf43e26b9b av-special-heading-h6  avia-builder-el-11  el_after_av_hr  el_before_av_one_third '><h6 class='av-special-heading-tag '  itemprop=\"headline\"  >Kugleruller med flange<\/h6><div class=\"special-heading-border\"><div class=\"special-heading-inner-border\"><\/div><\/div><\/div>\n<div class='flex_column_table av-5xu8t-a0e9f2413faac7d8271efcae8c9d4b0b sc-av_one_third av-equal-height-column-flextable'>\n<style type=\"text\/css\" data-created_by=\"avia_inline_auto\" id=\"style-css-av-5xu8t-a0e9f2413faac7d8271efcae8c9d4b0b\">\n.flex_column.av-5xu8t-a0e9f2413faac7d8271efcae8c9d4b0b{\nborder-radius:0px 0px 0px 0px;\npadding:0px 0px 0px 0px;\n}\n<\/style>\n<div  class='flex_column av-5xu8t-a0e9f2413faac7d8271efcae8c9d4b0b av_one_third  avia-builder-el-12  el_after_av_heading  el_before_av_two_third  first flex_column_table_cell av-equal-height-column av-align-middle av-zero-column-padding  '     ><style type=\"text\/css\" data-created_by=\"avia_inline_auto\" id=\"style-css-av-59f2t-c267a6e0b6eeaff0bd3b54db6c0eb607\">\n.avia-image-container.av-59f2t-c267a6e0b6eeaff0bd3b54db6c0eb607 img.avia_image{\nbox-shadow:none;\n}\n.avia-image-container.av-59f2t-c267a6e0b6eeaff0bd3b54db6c0eb607 .av-image-caption-overlay-center{\ncolor:#ffffff;\n}\n<\/style>\n<div  class='avia-image-container av-59f2t-c267a6e0b6eeaff0bd3b54db6c0eb607 av-styling- avia-align-center  avia-builder-el-13  avia-builder-el-no-sibling '   itemprop=\"image\" itemscope=\"itemscope\" itemtype=\"https:\/\/schema.org\/ImageObject\" ><div class=\"avia-image-container-inner\"><div class=\"avia-image-overlay-wrap\"><img decoding=\"async\" fetchpriority=\"high\" class='wp-image-4032 avia-img-lazy-loading-not-4032 avia_image ' src=\"https:\/\/pti.eu\/wp-content\/uploads\/2011\/08\/balltransfer.jpg\" alt='' title='balltransfer'  height=\"200\" width=\"200\"  itemprop=\"thumbnailUrl\" srcset=\"https:\/\/pti.eu\/wp-content\/uploads\/2011\/08\/balltransfer.jpg 200w, https:\/\/pti.eu\/wp-content\/uploads\/2011\/08\/balltransfer-80x80.jpg 80w, https:\/\/pti.eu\/wp-content\/uploads\/2011\/08\/balltransfer-36x36.jpg 36w, https:\/\/pti.eu\/wp-content\/uploads\/2011\/08\/balltransfer-180x180.jpg 180w, https:\/\/pti.eu\/wp-content\/uploads\/2011\/08\/balltransfer-120x120.jpg 120w\" sizes=\"(max-width: 200px) 100vw, 200px\" \/><\/div><\/div><\/div><\/div>\n<div class='av-flex-placeholder'><\/div>\n<style type=\"text\/css\" data-created_by=\"avia_inline_auto\" id=\"style-css-av-49pql-ea379ec9a65b23e0acda48b4d698df47\">\n.flex_column.av-49pql-ea379ec9a65b23e0acda48b4d698df47{\nborder-radius:0px 0px 0px 0px;\npadding:0px 0px 0px 0px;\n}\n<\/style>\n<div  class='flex_column av-49pql-ea379ec9a65b23e0acda48b4d698df47 av_two_third  avia-builder-el-14  el_after_av_one_third  avia-builder-el-last  flex_column_table_cell av-equal-height-column av-align-middle av-zero-column-padding  '     ><section  class='av_textblock_section av-3rm49-2a5cd34e63c2575a6aa4ce1a130297a9 '   itemscope=\"itemscope\" itemtype=\"https:\/\/schema.org\/CreativeWork\" ><div class='avia_textblock'  itemprop=\"text\" ><p><a href=\"https:\/\/pti.eu\/pdf\/adapters\/SPM.pdf\" target=\"_blank\" rel=\"noopener noreferrer\">SPM Kugleruller<\/a><\/p>\n<\/div><\/section><\/div><\/div><!--close column table wrapper. Autoclose: 1 -->\n","protected":false},"excerpt":{"rendered":"","protected":false},"author":1,"featured_media":0,"parent":379,"menu_order":0,"comment_status":"closed","ping_status":"closed","template":"","meta":{"footnotes":""},"class_list":["post-5477","page","type-page","status-publish","hentry"],"yoast_head":"<!-- This site is optimized with the Yoast SEO plugin v27.6 - https:\/\/yoast.com\/product\/yoast-seo-wordpress\/ -->\n<title>Kugleruller - PTI<\/title>\n<meta name=\"robots\" content=\"index, follow, max-snippet:-1, max-image-preview:large, max-video-preview:-1\" \/>\n<link rel=\"canonical\" href=\"https:\/\/pti.eu\/da\/produkter\/tilbehor\/kugleruller\/\" \/>\n<meta property=\"og:locale\" content=\"da_DK\" \/>\n<meta property=\"og:type\" content=\"article\" \/>\n<meta property=\"og:title\" content=\"Kugleruller - PTI\" \/>\n<meta property=\"og:url\" content=\"https:\/\/pti.eu\/da\/produkter\/tilbehor\/kugleruller\/\" \/>\n<meta property=\"og:site_name\" content=\"PTI\" \/>\n<meta property=\"article:publisher\" content=\"https:\/\/www.facebook.com\/ptieuropa\" \/>\n<meta property=\"article:modified_time\" content=\"2024-08-19T08:52:19+00:00\" \/>\n<meta name=\"twitter:card\" content=\"summary_large_image\" \/>\n<meta name=\"twitter:site\" content=\"@ptieu\" \/>\n<meta name=\"twitter:label1\" content=\"Estimeret l\u00e6setid\" \/>\n\t<meta name=\"twitter:data1\" content=\"5 minutes\" \/>\n<script type=\"application\/ld+json\" class=\"yoast-schema-graph\">{\"@context\":\"https:\\\/\\\/schema.org\",\"@graph\":[{\"@type\":\"WebPage\",\"@id\":\"https:\\\/\\\/pti.eu\\\/da\\\/produkter\\\/tilbehor\\\/kugleruller\\\/\",\"url\":\"https:\\\/\\\/pti.eu\\\/da\\\/produkter\\\/tilbehor\\\/kugleruller\\\/\",\"name\":\"Kugleruller - PTI\",\"isPartOf\":{\"@id\":\"https:\\\/\\\/pti.eu\\\/da\\\/#website\"},\"datePublished\":\"2019-03-15T10:05:56+00:00\",\"dateModified\":\"2024-08-19T08:52:19+00:00\",\"breadcrumb\":{\"@id\":\"https:\\\/\\\/pti.eu\\\/da\\\/produkter\\\/tilbehor\\\/kugleruller\\\/#breadcrumb\"},\"inLanguage\":\"da-DK\",\"potentialAction\":[{\"@type\":\"ReadAction\",\"target\":[\"https:\\\/\\\/pti.eu\\\/da\\\/produkter\\\/tilbehor\\\/kugleruller\\\/\"]}]},{\"@type\":\"BreadcrumbList\",\"@id\":\"https:\\\/\\\/pti.eu\\\/da\\\/produkter\\\/tilbehor\\\/kugleruller\\\/#breadcrumb\",\"itemListElement\":[{\"@type\":\"ListItem\",\"position\":1,\"name\":\"Home\",\"item\":\"https:\\\/\\\/pti.eu\\\/da\\\/hjem\\\/\"},{\"@type\":\"ListItem\",\"position\":2,\"name\":\"Produkter\",\"item\":\"https:\\\/\\\/pti.eu\\\/da\\\/produkter\\\/\"},{\"@type\":\"ListItem\",\"position\":3,\"name\":\"Tilbeh\u00f8r\",\"item\":\"https:\\\/\\\/pti.eu\\\/da\\\/produkter\\\/tilbehor\\\/\"},{\"@type\":\"ListItem\",\"position\":4,\"name\":\"Kugleruller\"}]},{\"@type\":\"WebSite\",\"@id\":\"https:\\\/\\\/pti.eu\\\/da\\\/#website\",\"url\":\"https:\\\/\\\/pti.eu\\\/da\\\/\",\"name\":\"PTI Europa\",\"description\":\"Bearings &amp; Transmission\",\"publisher\":{\"@id\":\"https:\\\/\\\/pti.eu\\\/da\\\/#organization\"},\"potentialAction\":[{\"@type\":\"SearchAction\",\"target\":{\"@type\":\"EntryPoint\",\"urlTemplate\":\"https:\\\/\\\/pti.eu\\\/da\\\/?s={search_term_string}\"},\"query-input\":{\"@type\":\"PropertyValueSpecification\",\"valueRequired\":true,\"valueName\":\"search_term_string\"}}],\"inLanguage\":\"da-DK\"},{\"@type\":\"Organization\",\"@id\":\"https:\\\/\\\/pti.eu\\\/da\\\/#organization\",\"name\":\"PTI Europa A\\\/S\",\"url\":\"https:\\\/\\\/pti.eu\\\/da\\\/\",\"logo\":{\"@type\":\"ImageObject\",\"inLanguage\":\"da-DK\",\"@id\":\"https:\\\/\\\/pti.eu\\\/da\\\/#\\\/schema\\\/logo\\\/image\\\/\",\"url\":\"https:\\\/\\\/pti.eu\\\/wp-content\\\/uploads\\\/2021\\\/05\\\/PTI-Logo.png\",\"contentUrl\":\"https:\\\/\\\/pti.eu\\\/wp-content\\\/uploads\\\/2021\\\/05\\\/PTI-Logo.png\",\"width\":673,\"height\":673,\"caption\":\"PTI Europa A\\\/S\"},\"image\":{\"@id\":\"https:\\\/\\\/pti.eu\\\/da\\\/#\\\/schema\\\/logo\\\/image\\\/\"},\"sameAs\":[\"https:\\\/\\\/www.facebook.com\\\/ptieuropa\",\"https:\\\/\\\/x.com\\\/ptieu\",\"https:\\\/\\\/www.linkedin.com\\\/company\\\/pti-europa-a-s\\\/\"]}]}<\/script>\n<!-- \/ Yoast SEO plugin. -->","yoast_head_json":{"title":"Kugleruller - PTI","robots":{"index":"index","follow":"follow","max-snippet":"max-snippet:-1","max-image-preview":"max-image-preview:large","max-video-preview":"max-video-preview:-1"},"canonical":"https:\/\/pti.eu\/da\/produkter\/tilbehor\/kugleruller\/","og_locale":"da_DK","og_type":"article","og_title":"Kugleruller - PTI","og_url":"https:\/\/pti.eu\/da\/produkter\/tilbehor\/kugleruller\/","og_site_name":"PTI","article_publisher":"https:\/\/www.facebook.com\/ptieuropa","article_modified_time":"2024-08-19T08:52:19+00:00","twitter_card":"summary_large_image","twitter_site":"@ptieu","twitter_misc":{"Estimeret l\u00e6setid":"5 minutes"},"schema":{"@context":"https:\/\/schema.org","@graph":[{"@type":"WebPage","@id":"https:\/\/pti.eu\/da\/produkter\/tilbehor\/kugleruller\/","url":"https:\/\/pti.eu\/da\/produkter\/tilbehor\/kugleruller\/","name":"Kugleruller - PTI","isPartOf":{"@id":"https:\/\/pti.eu\/da\/#website"},"datePublished":"2019-03-15T10:05:56+00:00","dateModified":"2024-08-19T08:52:19+00:00","breadcrumb":{"@id":"https:\/\/pti.eu\/da\/produkter\/tilbehor\/kugleruller\/#breadcrumb"},"inLanguage":"da-DK","potentialAction":[{"@type":"ReadAction","target":["https:\/\/pti.eu\/da\/produkter\/tilbehor\/kugleruller\/"]}]},{"@type":"BreadcrumbList","@id":"https:\/\/pti.eu\/da\/produkter\/tilbehor\/kugleruller\/#breadcrumb","itemListElement":[{"@type":"ListItem","position":1,"name":"Home","item":"https:\/\/pti.eu\/da\/hjem\/"},{"@type":"ListItem","position":2,"name":"Produkter","item":"https:\/\/pti.eu\/da\/produkter\/"},{"@type":"ListItem","position":3,"name":"Tilbeh\u00f8r","item":"https:\/\/pti.eu\/da\/produkter\/tilbehor\/"},{"@type":"ListItem","position":4,"name":"Kugleruller"}]},{"@type":"WebSite","@id":"https:\/\/pti.eu\/da\/#website","url":"https:\/\/pti.eu\/da\/","name":"PTI Europa","description":"Bearings &amp; Transmission","publisher":{"@id":"https:\/\/pti.eu\/da\/#organization"},"potentialAction":[{"@type":"SearchAction","target":{"@type":"EntryPoint","urlTemplate":"https:\/\/pti.eu\/da\/?s={search_term_string}"},"query-input":{"@type":"PropertyValueSpecification","valueRequired":true,"valueName":"search_term_string"}}],"inLanguage":"da-DK"},{"@type":"Organization","@id":"https:\/\/pti.eu\/da\/#organization","name":"PTI Europa A\/S","url":"https:\/\/pti.eu\/da\/","logo":{"@type":"ImageObject","inLanguage":"da-DK","@id":"https:\/\/pti.eu\/da\/#\/schema\/logo\/image\/","url":"https:\/\/pti.eu\/wp-content\/uploads\/2021\/05\/PTI-Logo.png","contentUrl":"https:\/\/pti.eu\/wp-content\/uploads\/2021\/05\/PTI-Logo.png","width":673,"height":673,"caption":"PTI Europa A\/S"},"image":{"@id":"https:\/\/pti.eu\/da\/#\/schema\/logo\/image\/"},"sameAs":["https:\/\/www.facebook.com\/ptieuropa","https:\/\/x.com\/ptieu","https:\/\/www.linkedin.com\/company\/pti-europa-a-s\/"]}]}},"_links":{"self":[{"href":"https:\/\/pti.eu\/da\/wp-json\/wp\/v2\/pages\/5477","targetHints":{"allow":["GET"]}}],"collection":[{"href":"https:\/\/pti.eu\/da\/wp-json\/wp\/v2\/pages"}],"about":[{"href":"https:\/\/pti.eu\/da\/wp-json\/wp\/v2\/types\/page"}],"author":[{"embeddable":true,"href":"https:\/\/pti.eu\/da\/wp-json\/wp\/v2\/users\/1"}],"replies":[{"embeddable":true,"href":"https:\/\/pti.eu\/da\/wp-json\/wp\/v2\/comments?post=5477"}],"version-history":[{"count":7,"href":"https:\/\/pti.eu\/da\/wp-json\/wp\/v2\/pages\/5477\/revisions"}],"predecessor-version":[{"id":13849,"href":"https:\/\/pti.eu\/da\/wp-json\/wp\/v2\/pages\/5477\/revisions\/13849"}],"up":[{"embeddable":true,"href":"https:\/\/pti.eu\/da\/wp-json\/wp\/v2\/pages\/379"}],"wp:attachment":[{"href":"https:\/\/pti.eu\/da\/wp-json\/wp\/v2\/media?parent=5477"}],"curies":[{"name":"wp","href":"https:\/\/api.w.org\/{rel}","templated":true}]}}