{"id":5524,"date":"2019-03-15T12:23:49","date_gmt":"2019-03-15T10:23:49","guid":{"rendered":"https:\/\/pti.eu\/?page_id=5524"},"modified":"2024-08-19T11:55:30","modified_gmt":"2024-08-19T09:55:30","slug":"taperboesninger","status":"publish","type":"page","link":"https:\/\/pti.eu\/da\/produkter\/tilbehor\/taperboesninger\/","title":{"rendered":"Taperb\u00f8sninger"},"content":{"rendered":"\n<style type=\"text\/css\" data-created_by=\"avia_inline_auto\" id=\"style-css-av-22pdj8-0086d53fd2e4dea7ab90ce7a3c8581f3\">\n#top .av-special-heading.av-22pdj8-0086d53fd2e4dea7ab90ce7a3c8581f3{\npadding-bottom:10px;\n}\nbody .av-special-heading.av-22pdj8-0086d53fd2e4dea7ab90ce7a3c8581f3 .av-special-heading-tag .heading-char{\nfont-size:25px;\n}\n.av-special-heading.av-22pdj8-0086d53fd2e4dea7ab90ce7a3c8581f3 .av-subheading{\nfont-size:15px;\n}\n<\/style>\n<div  class='av-special-heading av-22pdj8-0086d53fd2e4dea7ab90ce7a3c8581f3 av-special-heading-h3  avia-builder-el-0  el_before_av_one_full  avia-builder-el-first '><h3 class='av-special-heading-tag '  itemprop=\"headline\"  >Taperb\u00f8sninger<\/h3><div class=\"special-heading-border\"><div class=\"special-heading-inner-border\"><\/div><\/div><\/div>\n\n<style type=\"text\/css\" data-created_by=\"avia_inline_auto\" id=\"style-css-av-2r5v2c-26e30cbff7251fb189f06ab122074b92\">\n.flex_column.av-2r5v2c-26e30cbff7251fb189f06ab122074b92{\nborder-radius:0px 0px 0px 0px;\npadding:0px 0px 0px 0px;\n}\n<\/style>\n<div  class='flex_column av-2r5v2c-26e30cbff7251fb189f06ab122074b92 av_one_full  avia-builder-el-1  el_after_av_heading  el_before_av_hr  first flex_column_div av-zero-column-padding  '     ><section  class='av_textblock_section av-ju3vx33a-a8ca8a09a0fd34648325f2bdb2de36e4 '   itemscope=\"itemscope\" itemtype=\"https:\/\/schema.org\/CreativeWork\" ><div class='avia_textblock'  itemprop=\"text\" ><p>Taperb\u00f8sninger forenkler fastg\u00f8relsen af \u200b\u200bkilremskiver, tandhjul og remskiver p\u00e5 akslen. Taperb\u00f8sninger kan bruges til aksler med og uden not.<\/p>\n<p>Taperb\u00f8sninger kan, hvis de ikke er beskadigede, genanvendes<\/p>\n<p><strong>Materiale:<\/strong><\/p>\n<p>Visse st\u00f8rrelser lagerf\u00f8res i en forst\u00e6rket udgave af st\u00e5l.<\/p>\n<\/div><\/section><\/div>\n\n<style type=\"text\/css\" data-created_by=\"avia_inline_auto\" id=\"style-css-av-jwuf1vhp-2b6e730c1461838ad701fcc02b3994ec\">\n#top .hr.hr-invisible.av-jwuf1vhp-2b6e730c1461838ad701fcc02b3994ec{\nheight:30px;\n}\n<\/style>\n<div  class='hr av-jwuf1vhp-2b6e730c1461838ad701fcc02b3994ec hr-invisible  avia-builder-el-3  el_after_av_one_full  el_before_av_icon_box '><span class='hr-inner '><span class=\"hr-inner-style\"><\/span><\/span><\/div>\n\n<style type=\"text\/css\" data-created_by=\"avia_inline_auto\" id=\"style-css-av-jwuez05e-1a3be7ea718e2ee844323ef6e3ef7b8c\">\n.iconbox.av-jwuez05e-1a3be7ea718e2ee844323ef6e3ef7b8c .iconbox_icon{\nbackground-color:#201d5b;\ncolor:#ffffff;\n}\n.iconbox.av-jwuez05e-1a3be7ea718e2ee844323ef6e3ef7b8c .iconbox_icon.avia-svg-icon svg:first-child{\nfill:#ffffff;\nstroke:#ffffff;\n}\n<\/style>\n<article  class='iconbox iconbox_left_content av-jwuez05e-1a3be7ea718e2ee844323ef6e3ef7b8c  avia-builder-el-4  el_after_av_hr  el_before_av_hr '  itemscope=\"itemscope\" itemtype=\"https:\/\/schema.org\/CreativeWork\" ><a href='https:\/\/shop.pti.eu\/da\/produkter\/taperboesninger' title='Bestil online' aria-label='Bestil online'  target=\"_blank\"  rel=\"noopener noreferrer\" class='iconbox_icon heading-color avia-iconfont avia-font-entypo-fontello' data-av_icon='\ue859' data-av_iconfont='entypo-fontello' title=\"Bestil online\" desc=\"Bestil online\" ><\/a><div class=\"iconbox_content\"><header class=\"entry-content-header\" aria-label=\"Icon: Bestil online\"><h3 class='iconbox_content_title '  itemprop=\"headline\" ><a href='https:\/\/shop.pti.eu\/da\/produkter\/taperboesninger' title='Bestil online'  target=\"_blank\"  rel=\"noopener noreferrer\">Bestil online<\/a><\/h3><\/header><div class='iconbox_content_container '  itemprop=\"text\" ><p>Find disse produkter, tjek lagerbeholdningen og se dine priser i vores <a href=\"https:\/\/shop.pti.eu\/da\/produkter\/taperboesninger\">webshop<\/a>.<\/p>\n<p>Benyt dit login for at se nettopriser. Har du ikke s\u00e5dan et, kan du f\u00e5 et\u00a0<strong><a href=\"https:\/\/shop.pti.eu\/da\/opret-konto\">her.<\/a><\/strong><\/p>\n<\/div><\/div><footer class=\"entry-footer\"><\/footer><\/article>\n\n<style type=\"text\/css\" data-created_by=\"avia_inline_auto\" id=\"style-css-av-2uytmc-010677d5aafbf0e462539953d4af40d7\">\n#top .hr.hr-invisible.av-2uytmc-010677d5aafbf0e462539953d4af40d7{\nheight:30px;\n}\n<\/style>\n<div  class='hr av-2uytmc-010677d5aafbf0e462539953d4af40d7 hr-invisible  avia-builder-el-5  el_after_av_icon_box  el_before_av_one_third '><span class='hr-inner '><span class=\"hr-inner-style\"><\/span><\/span><\/div>\n<div class='flex_column_table av-tgmcl-9e0adc3d1bf3022d2d2642d0aac9d9da sc-av_one_third av-equal-height-column-flextable'>\n<style type=\"text\/css\" data-created_by=\"avia_inline_auto\" id=\"style-css-av-tgmcl-9e0adc3d1bf3022d2d2642d0aac9d9da\">\n.flex_column.av-tgmcl-9e0adc3d1bf3022d2d2642d0aac9d9da{\nborder-radius:0px 0px 0px 0px;\npadding:0px 0px 0px 0px;\n}\n<\/style>\n<div  class='flex_column av-tgmcl-9e0adc3d1bf3022d2d2642d0aac9d9da av_one_third  avia-builder-el-6  el_after_av_hr  el_before_av_two_third  first flex_column_table_cell av-equal-height-column av-align-middle av-zero-column-padding  '     ><style type=\"text\/css\" data-created_by=\"avia_inline_auto\" id=\"style-css-av-sv2qd-e56e762180d2288b0094ed844c3be7d0\">\n.avia-image-container.av-sv2qd-e56e762180d2288b0094ed844c3be7d0 img.avia_image{\nbox-shadow:none;\n}\n.avia-image-container.av-sv2qd-e56e762180d2288b0094ed844c3be7d0 .av-image-caption-overlay-center{\ncolor:#ffffff;\n}\n<\/style>\n<div  class='avia-image-container av-sv2qd-e56e762180d2288b0094ed844c3be7d0 av-styling- avia-align-center  avia-builder-el-7  avia-builder-el-no-sibling '   itemprop=\"image\" itemscope=\"itemscope\" itemtype=\"https:\/\/schema.org\/ImageObject\" ><div class=\"avia-image-container-inner\"><div class=\"avia-image-overlay-wrap\"><img decoding=\"async\" fetchpriority=\"high\" class='wp-image-4064 avia-img-lazy-loading-not-4064 avia_image ' src=\"https:\/\/pti.eu\/wp-content\/uploads\/2011\/08\/taper-bush.jpg\" alt='' title='taper-bush'  height=\"200\" width=\"200\"  itemprop=\"thumbnailUrl\" srcset=\"https:\/\/pti.eu\/wp-content\/uploads\/2011\/08\/taper-bush.jpg 200w, https:\/\/pti.eu\/wp-content\/uploads\/2011\/08\/taper-bush-80x80.jpg 80w, https:\/\/pti.eu\/wp-content\/uploads\/2011\/08\/taper-bush-36x36.jpg 36w, https:\/\/pti.eu\/wp-content\/uploads\/2011\/08\/taper-bush-180x180.jpg 180w, https:\/\/pti.eu\/wp-content\/uploads\/2011\/08\/taper-bush-120x120.jpg 120w\" sizes=\"(max-width: 200px) 100vw, 200px\" \/><\/div><\/div><\/div><\/div>\n<div class='av-flex-placeholder'><\/div>\n<style type=\"text\/css\" data-created_by=\"avia_inline_auto\" id=\"style-css-av-s4hsd-327453b5beae42f9c384d14e1a4ffbb5\">\n.flex_column.av-s4hsd-327453b5beae42f9c384d14e1a4ffbb5{\nborder-radius:0px 0px 0px 0px;\npadding:0px 0px 0px 0px;\n}\n<\/style>\n<div  class='flex_column av-s4hsd-327453b5beae42f9c384d14e1a4ffbb5 av_two_third  avia-builder-el-8  el_after_av_one_third  avia-builder-el-last  flex_column_table_cell av-equal-height-column av-align-middle av-zero-column-padding  '     ><section  class='av_textblock_section av-riyxx-f7c4c3379f4a2d0b642273615e5f2f9f '   itemscope=\"itemscope\" itemtype=\"https:\/\/schema.org\/CreativeWork\" ><div class='avia_textblock'  itemprop=\"text\" ><p><a href=\"https:\/\/pti.eu\/pdf\/adapters\/TaperBushes.pdf\" target=\"_blank\" rel=\"noopener noreferrer\">Taperb\u00f8sninger Metriske<\/a><\/p>\n<p><a href=\"https:\/\/pti.eu\/pdf\/adapters\/TaperBushesInch.pdf\" target=\"_blank\" rel=\"noopener noreferrer\">Taperb\u00f8sninger Tommem\u00e5l<\/a><\/p>\n<\/div><\/section><\/div><\/div><!--close column table wrapper. Autoclose: 1 -->\n","protected":false},"excerpt":{"rendered":"","protected":false},"author":1,"featured_media":0,"parent":379,"menu_order":0,"comment_status":"closed","ping_status":"closed","template":"","meta":{"footnotes":""},"class_list":["post-5524","page","type-page","status-publish","hentry"],"yoast_head":"<!-- This site is optimized with the Yoast SEO plugin v27.5 - https:\/\/yoast.com\/product\/yoast-seo-wordpress\/ -->\n<title>Taperb\u00f8sninger - PTI<\/title>\n<meta name=\"robots\" content=\"index, follow, max-snippet:-1, max-image-preview:large, max-video-preview:-1\" \/>\n<link rel=\"canonical\" href=\"https:\/\/pti.eu\/da\/produkter\/tilbehor\/taperboesninger\/\" \/>\n<meta property=\"og:locale\" content=\"da_DK\" \/>\n<meta property=\"og:type\" content=\"article\" \/>\n<meta property=\"og:title\" content=\"Taperb\u00f8sninger - PTI\" \/>\n<meta property=\"og:url\" content=\"https:\/\/pti.eu\/da\/produkter\/tilbehor\/taperboesninger\/\" \/>\n<meta property=\"og:site_name\" content=\"PTI\" \/>\n<meta property=\"article:publisher\" content=\"https:\/\/www.facebook.com\/ptieuropa\" \/>\n<meta property=\"article:modified_time\" content=\"2024-08-19T09:55:30+00:00\" \/>\n<meta name=\"twitter:card\" content=\"summary_large_image\" \/>\n<meta name=\"twitter:site\" content=\"@ptieu\" \/>\n<meta name=\"twitter:label1\" content=\"Estimeret l\u00e6setid\" \/>\n\t<meta name=\"twitter:data1\" content=\"4 minutes\" \/>\n<script type=\"application\/ld+json\" class=\"yoast-schema-graph\">{\"@context\":\"https:\\\/\\\/schema.org\",\"@graph\":[{\"@type\":\"WebPage\",\"@id\":\"https:\\\/\\\/pti.eu\\\/da\\\/produkter\\\/tilbehor\\\/taperboesninger\\\/\",\"url\":\"https:\\\/\\\/pti.eu\\\/da\\\/produkter\\\/tilbehor\\\/taperboesninger\\\/\",\"name\":\"Taperb\u00f8sninger - PTI\",\"isPartOf\":{\"@id\":\"https:\\\/\\\/pti.eu\\\/da\\\/#website\"},\"datePublished\":\"2019-03-15T10:23:49+00:00\",\"dateModified\":\"2024-08-19T09:55:30+00:00\",\"breadcrumb\":{\"@id\":\"https:\\\/\\\/pti.eu\\\/da\\\/produkter\\\/tilbehor\\\/taperboesninger\\\/#breadcrumb\"},\"inLanguage\":\"da-DK\",\"potentialAction\":[{\"@type\":\"ReadAction\",\"target\":[\"https:\\\/\\\/pti.eu\\\/da\\\/produkter\\\/tilbehor\\\/taperboesninger\\\/\"]}]},{\"@type\":\"BreadcrumbList\",\"@id\":\"https:\\\/\\\/pti.eu\\\/da\\\/produkter\\\/tilbehor\\\/taperboesninger\\\/#breadcrumb\",\"itemListElement\":[{\"@type\":\"ListItem\",\"position\":1,\"name\":\"Home\",\"item\":\"https:\\\/\\\/pti.eu\\\/da\\\/hjem\\\/\"},{\"@type\":\"ListItem\",\"position\":2,\"name\":\"Produkter\",\"item\":\"https:\\\/\\\/pti.eu\\\/da\\\/produkter\\\/\"},{\"@type\":\"ListItem\",\"position\":3,\"name\":\"Tilbeh\u00f8r\",\"item\":\"https:\\\/\\\/pti.eu\\\/da\\\/produkter\\\/tilbehor\\\/\"},{\"@type\":\"ListItem\",\"position\":4,\"name\":\"Taperb\u00f8sninger\"}]},{\"@type\":\"WebSite\",\"@id\":\"https:\\\/\\\/pti.eu\\\/da\\\/#website\",\"url\":\"https:\\\/\\\/pti.eu\\\/da\\\/\",\"name\":\"PTI Europa\",\"description\":\"Bearings &amp; Transmission\",\"publisher\":{\"@id\":\"https:\\\/\\\/pti.eu\\\/da\\\/#organization\"},\"potentialAction\":[{\"@type\":\"SearchAction\",\"target\":{\"@type\":\"EntryPoint\",\"urlTemplate\":\"https:\\\/\\\/pti.eu\\\/da\\\/?s={search_term_string}\"},\"query-input\":{\"@type\":\"PropertyValueSpecification\",\"valueRequired\":true,\"valueName\":\"search_term_string\"}}],\"inLanguage\":\"da-DK\"},{\"@type\":\"Organization\",\"@id\":\"https:\\\/\\\/pti.eu\\\/da\\\/#organization\",\"name\":\"PTI Europa A\\\/S\",\"url\":\"https:\\\/\\\/pti.eu\\\/da\\\/\",\"logo\":{\"@type\":\"ImageObject\",\"inLanguage\":\"da-DK\",\"@id\":\"https:\\\/\\\/pti.eu\\\/da\\\/#\\\/schema\\\/logo\\\/image\\\/\",\"url\":\"https:\\\/\\\/pti.eu\\\/wp-content\\\/uploads\\\/2021\\\/05\\\/PTI-Logo.png\",\"contentUrl\":\"https:\\\/\\\/pti.eu\\\/wp-content\\\/uploads\\\/2021\\\/05\\\/PTI-Logo.png\",\"width\":673,\"height\":673,\"caption\":\"PTI Europa A\\\/S\"},\"image\":{\"@id\":\"https:\\\/\\\/pti.eu\\\/da\\\/#\\\/schema\\\/logo\\\/image\\\/\"},\"sameAs\":[\"https:\\\/\\\/www.facebook.com\\\/ptieuropa\",\"https:\\\/\\\/x.com\\\/ptieu\",\"https:\\\/\\\/www.linkedin.com\\\/company\\\/pti-europa-a-s\\\/\"]}]}<\/script>\n<!-- \/ Yoast SEO plugin. -->","yoast_head_json":{"title":"Taperb\u00f8sninger - PTI","robots":{"index":"index","follow":"follow","max-snippet":"max-snippet:-1","max-image-preview":"max-image-preview:large","max-video-preview":"max-video-preview:-1"},"canonical":"https:\/\/pti.eu\/da\/produkter\/tilbehor\/taperboesninger\/","og_locale":"da_DK","og_type":"article","og_title":"Taperb\u00f8sninger - PTI","og_url":"https:\/\/pti.eu\/da\/produkter\/tilbehor\/taperboesninger\/","og_site_name":"PTI","article_publisher":"https:\/\/www.facebook.com\/ptieuropa","article_modified_time":"2024-08-19T09:55:30+00:00","twitter_card":"summary_large_image","twitter_site":"@ptieu","twitter_misc":{"Estimeret l\u00e6setid":"4 minutes"},"schema":{"@context":"https:\/\/schema.org","@graph":[{"@type":"WebPage","@id":"https:\/\/pti.eu\/da\/produkter\/tilbehor\/taperboesninger\/","url":"https:\/\/pti.eu\/da\/produkter\/tilbehor\/taperboesninger\/","name":"Taperb\u00f8sninger - PTI","isPartOf":{"@id":"https:\/\/pti.eu\/da\/#website"},"datePublished":"2019-03-15T10:23:49+00:00","dateModified":"2024-08-19T09:55:30+00:00","breadcrumb":{"@id":"https:\/\/pti.eu\/da\/produkter\/tilbehor\/taperboesninger\/#breadcrumb"},"inLanguage":"da-DK","potentialAction":[{"@type":"ReadAction","target":["https:\/\/pti.eu\/da\/produkter\/tilbehor\/taperboesninger\/"]}]},{"@type":"BreadcrumbList","@id":"https:\/\/pti.eu\/da\/produkter\/tilbehor\/taperboesninger\/#breadcrumb","itemListElement":[{"@type":"ListItem","position":1,"name":"Home","item":"https:\/\/pti.eu\/da\/hjem\/"},{"@type":"ListItem","position":2,"name":"Produkter","item":"https:\/\/pti.eu\/da\/produkter\/"},{"@type":"ListItem","position":3,"name":"Tilbeh\u00f8r","item":"https:\/\/pti.eu\/da\/produkter\/tilbehor\/"},{"@type":"ListItem","position":4,"name":"Taperb\u00f8sninger"}]},{"@type":"WebSite","@id":"https:\/\/pti.eu\/da\/#website","url":"https:\/\/pti.eu\/da\/","name":"PTI Europa","description":"Bearings &amp; Transmission","publisher":{"@id":"https:\/\/pti.eu\/da\/#organization"},"potentialAction":[{"@type":"SearchAction","target":{"@type":"EntryPoint","urlTemplate":"https:\/\/pti.eu\/da\/?s={search_term_string}"},"query-input":{"@type":"PropertyValueSpecification","valueRequired":true,"valueName":"search_term_string"}}],"inLanguage":"da-DK"},{"@type":"Organization","@id":"https:\/\/pti.eu\/da\/#organization","name":"PTI Europa A\/S","url":"https:\/\/pti.eu\/da\/","logo":{"@type":"ImageObject","inLanguage":"da-DK","@id":"https:\/\/pti.eu\/da\/#\/schema\/logo\/image\/","url":"https:\/\/pti.eu\/wp-content\/uploads\/2021\/05\/PTI-Logo.png","contentUrl":"https:\/\/pti.eu\/wp-content\/uploads\/2021\/05\/PTI-Logo.png","width":673,"height":673,"caption":"PTI Europa A\/S"},"image":{"@id":"https:\/\/pti.eu\/da\/#\/schema\/logo\/image\/"},"sameAs":["https:\/\/www.facebook.com\/ptieuropa","https:\/\/x.com\/ptieu","https:\/\/www.linkedin.com\/company\/pti-europa-a-s\/"]}]}},"_links":{"self":[{"href":"https:\/\/pti.eu\/da\/wp-json\/wp\/v2\/pages\/5524","targetHints":{"allow":["GET"]}}],"collection":[{"href":"https:\/\/pti.eu\/da\/wp-json\/wp\/v2\/pages"}],"about":[{"href":"https:\/\/pti.eu\/da\/wp-json\/wp\/v2\/types\/page"}],"author":[{"embeddable":true,"href":"https:\/\/pti.eu\/da\/wp-json\/wp\/v2\/users\/1"}],"replies":[{"embeddable":true,"href":"https:\/\/pti.eu\/da\/wp-json\/wp\/v2\/comments?post=5524"}],"version-history":[{"count":10,"href":"https:\/\/pti.eu\/da\/wp-json\/wp\/v2\/pages\/5524\/revisions"}],"predecessor-version":[{"id":13982,"href":"https:\/\/pti.eu\/da\/wp-json\/wp\/v2\/pages\/5524\/revisions\/13982"}],"up":[{"embeddable":true,"href":"https:\/\/pti.eu\/da\/wp-json\/wp\/v2\/pages\/379"}],"wp:attachment":[{"href":"https:\/\/pti.eu\/da\/wp-json\/wp\/v2\/media?parent=5524"}],"curies":[{"name":"wp","href":"https:\/\/api.w.org\/{rel}","templated":true}]}}