{"id":5533,"date":"2019-03-15T12:25:29","date_gmt":"2019-03-15T10:25:29","guid":{"rendered":"https:\/\/pti.eu\/?page_id=5533"},"modified":"2024-08-19T11:52:59","modified_gmt":"2024-08-19T09:52:59","slug":"svejsenav","status":"publish","type":"page","link":"https:\/\/pti.eu\/da\/produkter\/tilbehor\/svejsenav\/","title":{"rendered":"Svejsenav"},"content":{"rendered":"\n<style type=\"text\/css\" data-created_by=\"avia_inline_auto\" id=\"style-css-av-20m57h-17caa69dee0461753d0b4cd6e360c6bd\">\n#top .av-special-heading.av-20m57h-17caa69dee0461753d0b4cd6e360c6bd{\npadding-bottom:10px;\n}\nbody .av-special-heading.av-20m57h-17caa69dee0461753d0b4cd6e360c6bd .av-special-heading-tag .heading-char{\nfont-size:25px;\n}\n.av-special-heading.av-20m57h-17caa69dee0461753d0b4cd6e360c6bd .av-subheading{\nfont-size:15px;\n}\n<\/style>\n<div  class='av-special-heading av-20m57h-17caa69dee0461753d0b4cd6e360c6bd av-special-heading-h3  avia-builder-el-0  el_before_av_one_full  avia-builder-el-first '><h3 class='av-special-heading-tag '  itemprop=\"headline\"  >Svejsenav<\/h3><div class=\"special-heading-border\"><div class=\"special-heading-inner-border\"><\/div><\/div><\/div>\n\n<style type=\"text\/css\" data-created_by=\"avia_inline_auto\" id=\"style-css-av-25g6n1-39cec86b9d2a726331f8611be69463f4\">\n.flex_column.av-25g6n1-39cec86b9d2a726331f8611be69463f4{\nborder-radius:0px 0px 0px 0px;\npadding:0px 0px 0px 0px;\n}\n<\/style>\n<div  class='flex_column av-25g6n1-39cec86b9d2a726331f8611be69463f4 av_one_full  avia-builder-el-1  el_after_av_heading  el_before_av_hr  first flex_column_div av-zero-column-padding  '     ><section  class='av_textblock_section av-jv28cngr-732bd417be0b12802c1b24d9e78dbfc0 '   itemscope=\"itemscope\" itemtype=\"https:\/\/schema.org\/CreativeWork\" ><div class='avia_textblock'  itemprop=\"text\" ><p>Svejsenave er, ligesom boltenave, udviklet til brugen af taperb\u00f8sninger.<\/p>\n<p>De yder en effektiv l\u00f8sning til sikring af ventilatorer, kompressorer, omr\u00f8rere og andre enheder, hvor navet svejses fast p\u00e5 det emne der skal forsynes med en taperb\u00f8sning.<\/p>\n<p>De kan monteres fra begge sider.<\/p>\n<\/div><\/section><\/div>\n\n<style type=\"text\/css\" data-created_by=\"avia_inline_auto\" id=\"style-css-av-jwuf1vhp-2b6e730c1461838ad701fcc02b3994ec\">\n#top .hr.hr-invisible.av-jwuf1vhp-2b6e730c1461838ad701fcc02b3994ec{\nheight:30px;\n}\n<\/style>\n<div  class='hr av-jwuf1vhp-2b6e730c1461838ad701fcc02b3994ec hr-invisible  avia-builder-el-3  el_after_av_one_full  el_before_av_icon_box '><span class='hr-inner '><span class=\"hr-inner-style\"><\/span><\/span><\/div>\n\n<style type=\"text\/css\" data-created_by=\"avia_inline_auto\" id=\"style-css-av-jwuez05e-567bd3b8e2ffe7a0a12f0a902621fae1\">\n.iconbox.av-jwuez05e-567bd3b8e2ffe7a0a12f0a902621fae1 .iconbox_icon{\nbackground-color:#201d5b;\ncolor:#ffffff;\n}\n.iconbox.av-jwuez05e-567bd3b8e2ffe7a0a12f0a902621fae1 .iconbox_icon.avia-svg-icon svg:first-child{\nfill:#ffffff;\nstroke:#ffffff;\n}\n<\/style>\n<article  class='iconbox iconbox_left_content av-jwuez05e-567bd3b8e2ffe7a0a12f0a902621fae1  avia-builder-el-4  el_after_av_hr  el_before_av_hr '  itemscope=\"itemscope\" itemtype=\"https:\/\/schema.org\/CreativeWork\" ><a href='https:\/\/shop.pti.eu\/da\/svejse-og-boltenav' title='Bestil online' aria-label='Bestil online'  target=\"_blank\"  rel=\"noopener noreferrer\" class='iconbox_icon heading-color avia-iconfont avia-font-entypo-fontello' data-av_icon='\ue859' data-av_iconfont='entypo-fontello' title=\"Bestil online\" desc=\"Bestil online\" ><\/a><div class=\"iconbox_content\"><header class=\"entry-content-header\" aria-label=\"Icon: Bestil online\"><h3 class='iconbox_content_title '  itemprop=\"headline\" ><a href='https:\/\/shop.pti.eu\/da\/svejse-og-boltenav' title='Bestil online'  target=\"_blank\"  rel=\"noopener noreferrer\">Bestil online<\/a><\/h3><\/header><div class='iconbox_content_container '  itemprop=\"text\" ><p>Find disse produkter, tjek lagerbeholdningen og se dine priser i vores <a href=\"https:\/\/shop.pti.eu\/da\/svejse-og-boltenav\">webshop<\/a>.<\/p>\n<p>Benyt dit login for at se nettopriser. Har du ikke s\u00e5dan et, kan du f\u00e5 et\u00a0<strong><a href=\"https:\/\/shop.pti.eu\/da\/opret-konto\" target=\"_blank\" rel=\"noopener\">her.<\/a><\/strong><\/p>\n<\/div><\/div><footer class=\"entry-footer\"><\/footer><\/article>\n\n<style type=\"text\/css\" data-created_by=\"avia_inline_auto\" id=\"style-css-av-jv3h8lzg-059769cfb7b7c06e3fbbc38c03454db5\">\n#top .hr.hr-invisible.av-jv3h8lzg-059769cfb7b7c06e3fbbc38c03454db5{\nheight:30px;\n}\n<\/style>\n<div  class='hr av-jv3h8lzg-059769cfb7b7c06e3fbbc38c03454db5 hr-invisible  avia-builder-el-5  el_after_av_icon_box  el_before_av_one_third '><span class='hr-inner '><span class=\"hr-inner-style\"><\/span><\/span><\/div>\n<div class='flex_column_table av-nj8k5-b43d16eba58584c4d2bbb5562b993d58 sc-av_one_third av-equal-height-column-flextable'>\n<style type=\"text\/css\" data-created_by=\"avia_inline_auto\" id=\"style-css-av-nj8k5-b43d16eba58584c4d2bbb5562b993d58\">\n.flex_column.av-nj8k5-b43d16eba58584c4d2bbb5562b993d58{\nborder-radius:0px 0px 0px 0px;\npadding:0px 0px 0px 0px;\n}\n<\/style>\n<div  class='flex_column av-nj8k5-b43d16eba58584c4d2bbb5562b993d58 av_one_third  avia-builder-el-6  el_after_av_hr  el_before_av_two_third  first flex_column_table_cell av-equal-height-column av-align-middle av-zero-column-padding  '     ><style type=\"text\/css\" data-created_by=\"avia_inline_auto\" id=\"style-css-av-mrk9h-1c079b7b71a635a190a63b15b811a0b7\">\n.avia-image-container.av-mrk9h-1c079b7b71a635a190a63b15b811a0b7 img.avia_image{\nbox-shadow:none;\n}\n.avia-image-container.av-mrk9h-1c079b7b71a635a190a63b15b811a0b7 .av-image-caption-overlay-center{\ncolor:#ffffff;\n}\n<\/style>\n<div  class='avia-image-container av-mrk9h-1c079b7b71a635a190a63b15b811a0b7 av-styling- avia-align-center  avia-builder-el-7  avia-builder-el-no-sibling '   itemprop=\"image\" itemscope=\"itemscope\" itemtype=\"https:\/\/schema.org\/ImageObject\" ><div class=\"avia-image-container-inner\"><div class=\"avia-image-overlay-wrap\"><img decoding=\"async\" fetchpriority=\"high\" class='wp-image-4062 avia-img-lazy-loading-not-4062 avia_image ' src=\"https:\/\/pti.eu\/wp-content\/uploads\/2011\/08\/weld-on-hub-1.jpg\" alt='' title='weld-on-hub'  height=\"200\" width=\"200\"  itemprop=\"thumbnailUrl\" srcset=\"https:\/\/pti.eu\/wp-content\/uploads\/2011\/08\/weld-on-hub-1.jpg 200w, https:\/\/pti.eu\/wp-content\/uploads\/2011\/08\/weld-on-hub-1-80x80.jpg 80w, https:\/\/pti.eu\/wp-content\/uploads\/2011\/08\/weld-on-hub-1-36x36.jpg 36w, https:\/\/pti.eu\/wp-content\/uploads\/2011\/08\/weld-on-hub-1-180x180.jpg 180w, https:\/\/pti.eu\/wp-content\/uploads\/2011\/08\/weld-on-hub-1-120x120.jpg 120w\" sizes=\"(max-width: 200px) 100vw, 200px\" \/><\/div><\/div><\/div><\/div>\n<div class='av-flex-placeholder'><\/div>\n<style type=\"text\/css\" data-created_by=\"avia_inline_auto\" id=\"style-css-av-m7qg9-997b27cf886076d62b8e0eceb75e8922\">\n.flex_column.av-m7qg9-997b27cf886076d62b8e0eceb75e8922{\nborder-radius:0px 0px 0px 0px;\npadding:0px 0px 0px 0px;\n}\n<\/style>\n<div  class='flex_column av-m7qg9-997b27cf886076d62b8e0eceb75e8922 av_two_third  avia-builder-el-8  el_after_av_one_third  avia-builder-el-last  flex_column_table_cell av-equal-height-column av-align-middle av-zero-column-padding  '     ><section  class='av_textblock_section av-lpxh9-3933dd9bba9505a26b0b21c3f6f99c20 '   itemscope=\"itemscope\" itemtype=\"https:\/\/schema.org\/CreativeWork\" ><div class='avia_textblock'  itemprop=\"text\" ><p><a href=\"https:\/\/pti.eu\/pdf\/adapters\/weldonhub.pdf\" target=\"_blank\" rel=\"noopener noreferrer\">Svejsenav<\/a><\/p>\n<\/div><\/section><\/div><\/div><!--close column table wrapper. Autoclose: 1 -->\n","protected":false},"excerpt":{"rendered":"","protected":false},"author":1,"featured_media":0,"parent":379,"menu_order":0,"comment_status":"closed","ping_status":"closed","template":"","meta":{"footnotes":""},"class_list":["post-5533","page","type-page","status-publish","hentry"],"yoast_head":"<!-- This site is optimized with the Yoast SEO plugin v27.5 - https:\/\/yoast.com\/product\/yoast-seo-wordpress\/ -->\n<title>Svejsenav - PTI<\/title>\n<meta name=\"robots\" content=\"index, follow, max-snippet:-1, max-image-preview:large, max-video-preview:-1\" \/>\n<link rel=\"canonical\" href=\"https:\/\/pti.eu\/da\/produkter\/tilbehor\/svejsenav\/\" \/>\n<meta property=\"og:locale\" content=\"da_DK\" \/>\n<meta property=\"og:type\" content=\"article\" \/>\n<meta property=\"og:title\" content=\"Svejsenav - PTI\" \/>\n<meta property=\"og:url\" content=\"https:\/\/pti.eu\/da\/produkter\/tilbehor\/svejsenav\/\" \/>\n<meta property=\"og:site_name\" content=\"PTI\" \/>\n<meta property=\"article:publisher\" content=\"https:\/\/www.facebook.com\/ptieuropa\" \/>\n<meta property=\"article:modified_time\" content=\"2024-08-19T09:52:59+00:00\" \/>\n<meta name=\"twitter:card\" content=\"summary_large_image\" \/>\n<meta name=\"twitter:site\" content=\"@ptieu\" \/>\n<meta name=\"twitter:label1\" content=\"Estimeret l\u00e6setid\" \/>\n\t<meta name=\"twitter:data1\" content=\"4 minutes\" \/>\n<script type=\"application\/ld+json\" class=\"yoast-schema-graph\">{\"@context\":\"https:\\\/\\\/schema.org\",\"@graph\":[{\"@type\":\"WebPage\",\"@id\":\"https:\\\/\\\/pti.eu\\\/da\\\/produkter\\\/tilbehor\\\/svejsenav\\\/\",\"url\":\"https:\\\/\\\/pti.eu\\\/da\\\/produkter\\\/tilbehor\\\/svejsenav\\\/\",\"name\":\"Svejsenav - PTI\",\"isPartOf\":{\"@id\":\"https:\\\/\\\/pti.eu\\\/da\\\/#website\"},\"datePublished\":\"2019-03-15T10:25:29+00:00\",\"dateModified\":\"2024-08-19T09:52:59+00:00\",\"breadcrumb\":{\"@id\":\"https:\\\/\\\/pti.eu\\\/da\\\/produkter\\\/tilbehor\\\/svejsenav\\\/#breadcrumb\"},\"inLanguage\":\"da-DK\",\"potentialAction\":[{\"@type\":\"ReadAction\",\"target\":[\"https:\\\/\\\/pti.eu\\\/da\\\/produkter\\\/tilbehor\\\/svejsenav\\\/\"]}]},{\"@type\":\"BreadcrumbList\",\"@id\":\"https:\\\/\\\/pti.eu\\\/da\\\/produkter\\\/tilbehor\\\/svejsenav\\\/#breadcrumb\",\"itemListElement\":[{\"@type\":\"ListItem\",\"position\":1,\"name\":\"Home\",\"item\":\"https:\\\/\\\/pti.eu\\\/da\\\/hjem\\\/\"},{\"@type\":\"ListItem\",\"position\":2,\"name\":\"Produkter\",\"item\":\"https:\\\/\\\/pti.eu\\\/da\\\/produkter\\\/\"},{\"@type\":\"ListItem\",\"position\":3,\"name\":\"Tilbeh\u00f8r\",\"item\":\"https:\\\/\\\/pti.eu\\\/da\\\/produkter\\\/tilbehor\\\/\"},{\"@type\":\"ListItem\",\"position\":4,\"name\":\"Svejsenav\"}]},{\"@type\":\"WebSite\",\"@id\":\"https:\\\/\\\/pti.eu\\\/da\\\/#website\",\"url\":\"https:\\\/\\\/pti.eu\\\/da\\\/\",\"name\":\"PTI Europa\",\"description\":\"Bearings &amp; Transmission\",\"publisher\":{\"@id\":\"https:\\\/\\\/pti.eu\\\/da\\\/#organization\"},\"potentialAction\":[{\"@type\":\"SearchAction\",\"target\":{\"@type\":\"EntryPoint\",\"urlTemplate\":\"https:\\\/\\\/pti.eu\\\/da\\\/?s={search_term_string}\"},\"query-input\":{\"@type\":\"PropertyValueSpecification\",\"valueRequired\":true,\"valueName\":\"search_term_string\"}}],\"inLanguage\":\"da-DK\"},{\"@type\":\"Organization\",\"@id\":\"https:\\\/\\\/pti.eu\\\/da\\\/#organization\",\"name\":\"PTI Europa A\\\/S\",\"url\":\"https:\\\/\\\/pti.eu\\\/da\\\/\",\"logo\":{\"@type\":\"ImageObject\",\"inLanguage\":\"da-DK\",\"@id\":\"https:\\\/\\\/pti.eu\\\/da\\\/#\\\/schema\\\/logo\\\/image\\\/\",\"url\":\"https:\\\/\\\/pti.eu\\\/wp-content\\\/uploads\\\/2021\\\/05\\\/PTI-Logo.png\",\"contentUrl\":\"https:\\\/\\\/pti.eu\\\/wp-content\\\/uploads\\\/2021\\\/05\\\/PTI-Logo.png\",\"width\":673,\"height\":673,\"caption\":\"PTI Europa A\\\/S\"},\"image\":{\"@id\":\"https:\\\/\\\/pti.eu\\\/da\\\/#\\\/schema\\\/logo\\\/image\\\/\"},\"sameAs\":[\"https:\\\/\\\/www.facebook.com\\\/ptieuropa\",\"https:\\\/\\\/x.com\\\/ptieu\",\"https:\\\/\\\/www.linkedin.com\\\/company\\\/pti-europa-a-s\\\/\"]}]}<\/script>\n<!-- \/ Yoast SEO plugin. -->","yoast_head_json":{"title":"Svejsenav - PTI","robots":{"index":"index","follow":"follow","max-snippet":"max-snippet:-1","max-image-preview":"max-image-preview:large","max-video-preview":"max-video-preview:-1"},"canonical":"https:\/\/pti.eu\/da\/produkter\/tilbehor\/svejsenav\/","og_locale":"da_DK","og_type":"article","og_title":"Svejsenav - PTI","og_url":"https:\/\/pti.eu\/da\/produkter\/tilbehor\/svejsenav\/","og_site_name":"PTI","article_publisher":"https:\/\/www.facebook.com\/ptieuropa","article_modified_time":"2024-08-19T09:52:59+00:00","twitter_card":"summary_large_image","twitter_site":"@ptieu","twitter_misc":{"Estimeret l\u00e6setid":"4 minutes"},"schema":{"@context":"https:\/\/schema.org","@graph":[{"@type":"WebPage","@id":"https:\/\/pti.eu\/da\/produkter\/tilbehor\/svejsenav\/","url":"https:\/\/pti.eu\/da\/produkter\/tilbehor\/svejsenav\/","name":"Svejsenav - PTI","isPartOf":{"@id":"https:\/\/pti.eu\/da\/#website"},"datePublished":"2019-03-15T10:25:29+00:00","dateModified":"2024-08-19T09:52:59+00:00","breadcrumb":{"@id":"https:\/\/pti.eu\/da\/produkter\/tilbehor\/svejsenav\/#breadcrumb"},"inLanguage":"da-DK","potentialAction":[{"@type":"ReadAction","target":["https:\/\/pti.eu\/da\/produkter\/tilbehor\/svejsenav\/"]}]},{"@type":"BreadcrumbList","@id":"https:\/\/pti.eu\/da\/produkter\/tilbehor\/svejsenav\/#breadcrumb","itemListElement":[{"@type":"ListItem","position":1,"name":"Home","item":"https:\/\/pti.eu\/da\/hjem\/"},{"@type":"ListItem","position":2,"name":"Produkter","item":"https:\/\/pti.eu\/da\/produkter\/"},{"@type":"ListItem","position":3,"name":"Tilbeh\u00f8r","item":"https:\/\/pti.eu\/da\/produkter\/tilbehor\/"},{"@type":"ListItem","position":4,"name":"Svejsenav"}]},{"@type":"WebSite","@id":"https:\/\/pti.eu\/da\/#website","url":"https:\/\/pti.eu\/da\/","name":"PTI Europa","description":"Bearings &amp; Transmission","publisher":{"@id":"https:\/\/pti.eu\/da\/#organization"},"potentialAction":[{"@type":"SearchAction","target":{"@type":"EntryPoint","urlTemplate":"https:\/\/pti.eu\/da\/?s={search_term_string}"},"query-input":{"@type":"PropertyValueSpecification","valueRequired":true,"valueName":"search_term_string"}}],"inLanguage":"da-DK"},{"@type":"Organization","@id":"https:\/\/pti.eu\/da\/#organization","name":"PTI Europa A\/S","url":"https:\/\/pti.eu\/da\/","logo":{"@type":"ImageObject","inLanguage":"da-DK","@id":"https:\/\/pti.eu\/da\/#\/schema\/logo\/image\/","url":"https:\/\/pti.eu\/wp-content\/uploads\/2021\/05\/PTI-Logo.png","contentUrl":"https:\/\/pti.eu\/wp-content\/uploads\/2021\/05\/PTI-Logo.png","width":673,"height":673,"caption":"PTI Europa A\/S"},"image":{"@id":"https:\/\/pti.eu\/da\/#\/schema\/logo\/image\/"},"sameAs":["https:\/\/www.facebook.com\/ptieuropa","https:\/\/x.com\/ptieu","https:\/\/www.linkedin.com\/company\/pti-europa-a-s\/"]}]}},"_links":{"self":[{"href":"https:\/\/pti.eu\/da\/wp-json\/wp\/v2\/pages\/5533","targetHints":{"allow":["GET"]}}],"collection":[{"href":"https:\/\/pti.eu\/da\/wp-json\/wp\/v2\/pages"}],"about":[{"href":"https:\/\/pti.eu\/da\/wp-json\/wp\/v2\/types\/page"}],"author":[{"embeddable":true,"href":"https:\/\/pti.eu\/da\/wp-json\/wp\/v2\/users\/1"}],"replies":[{"embeddable":true,"href":"https:\/\/pti.eu\/da\/wp-json\/wp\/v2\/comments?post=5533"}],"version-history":[{"count":12,"href":"https:\/\/pti.eu\/da\/wp-json\/wp\/v2\/pages\/5533\/revisions"}],"predecessor-version":[{"id":13976,"href":"https:\/\/pti.eu\/da\/wp-json\/wp\/v2\/pages\/5533\/revisions\/13976"}],"up":[{"embeddable":true,"href":"https:\/\/pti.eu\/da\/wp-json\/wp\/v2\/pages\/379"}],"wp:attachment":[{"href":"https:\/\/pti.eu\/da\/wp-json\/wp\/v2\/media?parent=5533"}],"curies":[{"name":"wp","href":"https:\/\/api.w.org\/{rel}","templated":true}]}}