{"id":6321,"date":"2019-05-01T09:27:39","date_gmt":"2019-05-01T07:27:39","guid":{"rendered":"https:\/\/pti.eu\/?page_id=6321"},"modified":"2024-08-19T11:42:19","modified_gmt":"2024-08-19T09:42:19","slug":"sfaeriske-rullelejer","status":"publish","type":"page","link":"https:\/\/pti.eu\/da\/produkter\/kuglelejer-rullelejer\/sfaeriske-rullelejer\/","title":{"rendered":"Sf\u00e6riske Rullelejer"},"content":{"rendered":"\n<style type=\"text\/css\" data-created_by=\"avia_inline_auto\" id=\"style-css-av-5q5sqi-b1cc3c29e2398b90147dcdb197fca5f4\">\n.flex_column.av-5q5sqi-b1cc3c29e2398b90147dcdb197fca5f4{\nborder-radius:0px 0px 0px 0px;\npadding:0px 0px 0px 0px;\n}\n<\/style>\n<div  class='flex_column av-5q5sqi-b1cc3c29e2398b90147dcdb197fca5f4 av_one_full  avia-builder-el-0  el_before_av_hr  avia-builder-el-first  first flex_column_div av-zero-column-padding  '     ><p>\n<style type=\"text\/css\" data-created_by=\"avia_inline_auto\" id=\"style-css-av-5k4s8i-e4539b157e8616217ce2c298fa7d9e58\">\n#top .av-special-heading.av-5k4s8i-e4539b157e8616217ce2c298fa7d9e58{\npadding-bottom:10px;\n}\nbody .av-special-heading.av-5k4s8i-e4539b157e8616217ce2c298fa7d9e58 .av-special-heading-tag .heading-char{\nfont-size:25px;\n}\n.av-special-heading.av-5k4s8i-e4539b157e8616217ce2c298fa7d9e58 .av-subheading{\nfont-size:15px;\n}\n<\/style>\n<div  class='av-special-heading av-5k4s8i-e4539b157e8616217ce2c298fa7d9e58 av-special-heading-h6  avia-builder-el-1  el_before_av_textblock  avia-builder-el-first '><h6 class='av-special-heading-tag '  itemprop=\"headline\"  >Sf\u00e6riske Rullelejer<\/h6><div class=\"special-heading-border\"><div class=\"special-heading-inner-border\"><\/div><\/div><\/div><br \/>\n<section  class='av_textblock_section av-5ep50y-f0fd81acb2c24f5b0abffce103d37f60 '   itemscope=\"itemscope\" itemtype=\"https:\/\/schema.org\/CreativeWork\" ><div class='avia_textblock'  itemprop=\"text\" ><p>Sf\u00e6riske dobbeltradede rullelejer med cylindrisk og konisk (efterbetegnelse &#8220;K&#8221;) boring.<\/p>\n<\/div><\/section><\/p><\/div>\n\n<style type=\"text\/css\" data-created_by=\"avia_inline_auto\" id=\"style-css-av-jwuf1vhp-2b6e730c1461838ad701fcc02b3994ec\">\n#top .hr.hr-invisible.av-jwuf1vhp-2b6e730c1461838ad701fcc02b3994ec{\nheight:30px;\n}\n<\/style>\n<div  class='hr av-jwuf1vhp-2b6e730c1461838ad701fcc02b3994ec hr-invisible  avia-builder-el-3  el_after_av_one_full  el_before_av_icon_box '><span class='hr-inner '><span class=\"hr-inner-style\"><\/span><\/span><\/div>\n\n<style type=\"text\/css\" data-created_by=\"avia_inline_auto\" id=\"style-css-av-jwuez05e-3c64f7ae2d53e7e5ed22e9a47d4254ab\">\n.iconbox.av-jwuez05e-3c64f7ae2d53e7e5ed22e9a47d4254ab .iconbox_icon{\nbackground-color:#201d5b;\ncolor:#ffffff;\n}\n.iconbox.av-jwuez05e-3c64f7ae2d53e7e5ed22e9a47d4254ab .iconbox_icon.avia-svg-icon svg:first-child{\nfill:#ffffff;\nstroke:#ffffff;\n}\n<\/style>\n<article  class='iconbox iconbox_left_content av-jwuez05e-3c64f7ae2d53e7e5ed22e9a47d4254ab  avia-builder-el-4  el_after_av_hr  el_before_av_hr '  itemscope=\"itemscope\" itemtype=\"https:\/\/schema.org\/CreativeWork\" ><a href='https:\/\/shop.pti.eu\/da\/produkter\/sfaeriske-rullelejer-default_krsferrull' title='Bestil online' aria-label='Bestil online'  target=\"_blank\"  rel=\"noopener noreferrer\" class='iconbox_icon heading-color avia-iconfont avia-font-entypo-fontello' data-av_icon='\ue859' data-av_iconfont='entypo-fontello' title=\"Bestil online\" desc=\"Bestil online\" ><\/a><div class=\"iconbox_content\"><header class=\"entry-content-header\" aria-label=\"Icon: Bestil online\"><h3 class='iconbox_content_title '  itemprop=\"headline\" ><a href='https:\/\/shop.pti.eu\/da\/produkter\/sfaeriske-rullelejer-default_krsferrull' title='Bestil online'  target=\"_blank\"  rel=\"noopener noreferrer\">Bestil online<\/a><\/h3><\/header><div class='iconbox_content_container '  itemprop=\"text\" ><p>Find disse produkter, tjek lagerbeholdningen og se dine priser i vores <a href=\"https:\/\/shop.pti.eu\/da\/produkter\/sfaeriske-rullelejer-default_krsferrull\">webshop<\/a>.<\/p>\n<p>Benyt dit login for at se nettopriser. Har du ikke s\u00e5dan et, kan du f\u00e5 et <strong><a href=\"https:\/\/shop.pti.eu\/da\/opret-konto\">her.<\/a><\/strong><\/p>\n<\/div><\/div><footer class=\"entry-footer\"><\/footer><\/article>\n\n<style type=\"text\/css\" data-created_by=\"avia_inline_auto\" id=\"style-css-av-jwuf1vhp-1-b5e4e3efad5ea20b438dac45aaf43b2d\">\n#top .hr.hr-invisible.av-jwuf1vhp-1-b5e4e3efad5ea20b438dac45aaf43b2d{\nheight:10px;\n}\n<\/style>\n<div  class='hr av-jwuf1vhp-1-b5e4e3efad5ea20b438dac45aaf43b2d hr-invisible  avia-builder-el-5  el_after_av_icon_box  el_before_av_one_third '><span class='hr-inner '><span class=\"hr-inner-style\"><\/span><\/span><\/div>\n<div class='flex_column_table av-iy0si-b5c36108a5ccbcf810ada014aba2d483 sc-av_one_third av-equal-height-column-flextable'>\n<style type=\"text\/css\" data-created_by=\"avia_inline_auto\" id=\"style-css-av-iy0si-b5c36108a5ccbcf810ada014aba2d483\">\n.flex_column.av-iy0si-b5c36108a5ccbcf810ada014aba2d483{\nborder-radius:0px 0px 0px 0px;\npadding:0px 0px 0px 0px;\n}\n<\/style>\n<div  class='flex_column av-iy0si-b5c36108a5ccbcf810ada014aba2d483 av_one_third  avia-builder-el-6  el_after_av_hr  el_before_av_two_third  first flex_column_table_cell av-equal-height-column av-align-middle av-zero-column-padding  '     ><style type=\"text\/css\" data-created_by=\"avia_inline_auto\" id=\"style-css-av-4zxaf6-85a4c573725c8e689f934b48abab30ac\">\n.avia-image-container.av-4zxaf6-85a4c573725c8e689f934b48abab30ac img.avia_image{\nbox-shadow:none;\n}\n.avia-image-container.av-4zxaf6-85a4c573725c8e689f934b48abab30ac .av-image-caption-overlay-center{\ncolor:#ffffff;\n}\n<\/style>\n<div  class='avia-image-container av-4zxaf6-85a4c573725c8e689f934b48abab30ac av-styling- avia-align-center  avia-builder-el-7  avia-builder-el-no-sibling '   itemprop=\"image\" itemscope=\"itemscope\" itemtype=\"https:\/\/schema.org\/ImageObject\" ><div class=\"avia-image-container-inner\"><div class=\"avia-image-overlay-wrap\"><img decoding=\"async\" fetchpriority=\"high\" class='wp-image-2468 avia-img-lazy-loading-not-2468 avia_image ' src=\"https:\/\/pti.eu\/wp-content\/uploads\/2016\/10\/22210.jpg\" alt='' title='22210'  height=\"200\" width=\"200\"  itemprop=\"thumbnailUrl\" srcset=\"https:\/\/pti.eu\/wp-content\/uploads\/2016\/10\/22210.jpg 200w, https:\/\/pti.eu\/wp-content\/uploads\/2016\/10\/22210-80x80.jpg 80w, https:\/\/pti.eu\/wp-content\/uploads\/2016\/10\/22210-36x36.jpg 36w, https:\/\/pti.eu\/wp-content\/uploads\/2016\/10\/22210-180x180.jpg 180w, https:\/\/pti.eu\/wp-content\/uploads\/2016\/10\/22210-120x120.jpg 120w\" sizes=\"(max-width: 200px) 100vw, 200px\" \/><\/div><\/div><\/div><\/div>\n<div class='av-flex-placeholder'><\/div>\n<style type=\"text\/css\" data-created_by=\"avia_inline_auto\" id=\"style-css-av-4wr1rm-3e1d872190c7f9c0af36c935fa2674a7\">\n.flex_column.av-4wr1rm-3e1d872190c7f9c0af36c935fa2674a7{\nborder-radius:0px 0px 0px 0px;\npadding:0px 0px 0px 0px;\n}\n<\/style>\n<div  class='flex_column av-4wr1rm-3e1d872190c7f9c0af36c935fa2674a7 av_two_third  avia-builder-el-8  el_after_av_one_third  avia-builder-el-last  flex_column_table_cell av-equal-height-column av-align-middle av-zero-column-padding  '     ><section  class='av_textblock_section av-4njpiy-accd0fa88375449ac3852e36a761937b '   itemscope=\"itemscope\" itemtype=\"https:\/\/schema.org\/CreativeWork\" ><div class='avia_textblock'  itemprop=\"text\" ><p><a href=\"https:\/\/pti.eu\/pdf\/lejer\/sphericalroller\/21300.pdf\" target=\"_blank\">21300(K) Serie<\/a>\u00a0&#8211; Sf\u00e6riske rullelejer<\/p>\n<p><a href=\"https:\/\/pti.eu\/pdf\/lejer\/sphericalroller\/22200.pdf\" target=\"_blank\">22200(K) Serie<\/a>\u00a0&#8211; Sf\u00e6riske rullelejer<\/p>\n<p><a href=\"https:\/\/pti.eu\/pdf\/lejer\/sphericalroller\/22300.pdf\" target=\"_blank\">22300(K) Serie<\/a>\u00a0&#8211; Sf\u00e6riske rullelejer<\/p>\n<p><a href=\"https:\/\/pti.eu\/pdf\/lejer\/sphericalroller\/23000.pdf\" target=\"_blank\">23000(K) Serie<\/a>\u00a0&#8211; Sf\u00e6riske rullelejer<\/p>\n<p><a href=\"https:\/\/pti.eu\/pdf\/lejer\/sphericalroller\/23100.pdf\" target=\"_blank\">23100(K) Serie<\/a>\u00a0&#8211; Sf\u00e6riske rullelejer<\/p>\n<p><a href=\"https:\/\/pti.eu\/pdf\/lejer\/sphericalroller\/23200.pdf\" target=\"_blank\">23200(K) Serie<\/a>\u00a0&#8211;\u00a0Sf\u00e6riske rullelejer<\/p>\n<p><a href=\"https:\/\/pti.eu\/pdf\/lejer\/sphericalroller\/23900.pdf\" target=\"_blank\">23900(K) Serie<\/a>\u00a0&#8211; Sf\u00e6riske rullelejer<\/p>\n<p><a href=\"https:\/\/pti.eu\/pdf\/lejer\/sphericalroller\/24000.pdf\" target=\"_blank\">24000(K) Serie<\/a>\u00a0&#8211; Sf\u00e6riske rullelejer<\/p>\n<p><a href=\"https:\/\/pti.eu\/pdf\/lejer\/sphericalroller\/24100.pdf\" target=\"_blank\">24100(K) Serie<\/a>\u00a0&#8211; Sf\u00e6riske rullelejer<\/p>\n<p><a href=\"https:\/\/pti.eu\/pdf\/lejer\/sphericalroller\/BS2-2200.pdf\" target=\"_blank\">BS2-2200-2CS Serie<\/a>\u00a0&#8211;\u00a0Sf\u00e6riske rullelejer med fedt sm\u00f8ring og lukkede t\u00e6tninger.<\/p>\n<p><a href=\"https:\/\/pti.eu\/pdf\/lejer\/sphericalroller\/BS2-2200-2CSK.pdf\" target=\"_blank\">BS2-2200-2CSK Serie<\/a>\u00a0&#8211;\u00a0Sf\u00e6riske rullelejer med konisk inderring, fedt sm\u00f8ring og lukkede t\u00e6tninger.<\/p>\n<\/div><\/section><\/div><\/div><!--close column table wrapper. Autoclose: 1 -->\n","protected":false},"excerpt":{"rendered":"","protected":false},"author":1,"featured_media":0,"parent":418,"menu_order":0,"comment_status":"closed","ping_status":"closed","template":"","meta":{"footnotes":""},"class_list":["post-6321","page","type-page","status-publish","hentry"],"yoast_head":"<!-- This site is optimized with the Yoast SEO plugin v27.5 - https:\/\/yoast.com\/product\/yoast-seo-wordpress\/ -->\n<title>Sf\u00e6riske Rullelejer - PTI<\/title>\n<meta name=\"robots\" content=\"index, follow, max-snippet:-1, max-image-preview:large, max-video-preview:-1\" \/>\n<link rel=\"canonical\" href=\"https:\/\/pti.eu\/da\/produkter\/kuglelejer-rullelejer\/sfaeriske-rullelejer\/\" \/>\n<meta property=\"og:locale\" content=\"da_DK\" \/>\n<meta property=\"og:type\" content=\"article\" \/>\n<meta property=\"og:title\" content=\"Sf\u00e6riske Rullelejer - PTI\" \/>\n<meta property=\"og:url\" content=\"https:\/\/pti.eu\/da\/produkter\/kuglelejer-rullelejer\/sfaeriske-rullelejer\/\" \/>\n<meta property=\"og:site_name\" content=\"PTI\" \/>\n<meta property=\"article:publisher\" content=\"https:\/\/www.facebook.com\/ptieuropa\" \/>\n<meta property=\"article:modified_time\" content=\"2024-08-19T09:42:19+00:00\" \/>\n<meta name=\"twitter:card\" content=\"summary_large_image\" \/>\n<meta name=\"twitter:site\" content=\"@ptieu\" \/>\n<meta name=\"twitter:label1\" content=\"Estimeret l\u00e6setid\" \/>\n\t<meta name=\"twitter:data1\" content=\"3 minutes\" \/>\n<script type=\"application\/ld+json\" class=\"yoast-schema-graph\">{\"@context\":\"https:\\\/\\\/schema.org\",\"@graph\":[{\"@type\":\"WebPage\",\"@id\":\"https:\\\/\\\/pti.eu\\\/da\\\/produkter\\\/kuglelejer-rullelejer\\\/sfaeriske-rullelejer\\\/\",\"url\":\"https:\\\/\\\/pti.eu\\\/da\\\/produkter\\\/kuglelejer-rullelejer\\\/sfaeriske-rullelejer\\\/\",\"name\":\"Sf\u00e6riske Rullelejer - PTI\",\"isPartOf\":{\"@id\":\"https:\\\/\\\/pti.eu\\\/da\\\/#website\"},\"datePublished\":\"2019-05-01T07:27:39+00:00\",\"dateModified\":\"2024-08-19T09:42:19+00:00\",\"breadcrumb\":{\"@id\":\"https:\\\/\\\/pti.eu\\\/da\\\/produkter\\\/kuglelejer-rullelejer\\\/sfaeriske-rullelejer\\\/#breadcrumb\"},\"inLanguage\":\"da-DK\",\"potentialAction\":[{\"@type\":\"ReadAction\",\"target\":[\"https:\\\/\\\/pti.eu\\\/da\\\/produkter\\\/kuglelejer-rullelejer\\\/sfaeriske-rullelejer\\\/\"]}]},{\"@type\":\"BreadcrumbList\",\"@id\":\"https:\\\/\\\/pti.eu\\\/da\\\/produkter\\\/kuglelejer-rullelejer\\\/sfaeriske-rullelejer\\\/#breadcrumb\",\"itemListElement\":[{\"@type\":\"ListItem\",\"position\":1,\"name\":\"Home\",\"item\":\"https:\\\/\\\/pti.eu\\\/da\\\/hjem\\\/\"},{\"@type\":\"ListItem\",\"position\":2,\"name\":\"Produkter\",\"item\":\"https:\\\/\\\/pti.eu\\\/da\\\/produkter\\\/\"},{\"@type\":\"ListItem\",\"position\":3,\"name\":\"Kuglelejer og Rullelejer\",\"item\":\"https:\\\/\\\/pti.eu\\\/da\\\/produkter\\\/kuglelejer-rullelejer\\\/\"},{\"@type\":\"ListItem\",\"position\":4,\"name\":\"Sf\u00e6riske Rullelejer\"}]},{\"@type\":\"WebSite\",\"@id\":\"https:\\\/\\\/pti.eu\\\/da\\\/#website\",\"url\":\"https:\\\/\\\/pti.eu\\\/da\\\/\",\"name\":\"PTI Europa\",\"description\":\"Bearings &amp; Transmission\",\"publisher\":{\"@id\":\"https:\\\/\\\/pti.eu\\\/da\\\/#organization\"},\"potentialAction\":[{\"@type\":\"SearchAction\",\"target\":{\"@type\":\"EntryPoint\",\"urlTemplate\":\"https:\\\/\\\/pti.eu\\\/da\\\/?s={search_term_string}\"},\"query-input\":{\"@type\":\"PropertyValueSpecification\",\"valueRequired\":true,\"valueName\":\"search_term_string\"}}],\"inLanguage\":\"da-DK\"},{\"@type\":\"Organization\",\"@id\":\"https:\\\/\\\/pti.eu\\\/da\\\/#organization\",\"name\":\"PTI Europa A\\\/S\",\"url\":\"https:\\\/\\\/pti.eu\\\/da\\\/\",\"logo\":{\"@type\":\"ImageObject\",\"inLanguage\":\"da-DK\",\"@id\":\"https:\\\/\\\/pti.eu\\\/da\\\/#\\\/schema\\\/logo\\\/image\\\/\",\"url\":\"https:\\\/\\\/pti.eu\\\/wp-content\\\/uploads\\\/2021\\\/05\\\/PTI-Logo.png\",\"contentUrl\":\"https:\\\/\\\/pti.eu\\\/wp-content\\\/uploads\\\/2021\\\/05\\\/PTI-Logo.png\",\"width\":673,\"height\":673,\"caption\":\"PTI Europa A\\\/S\"},\"image\":{\"@id\":\"https:\\\/\\\/pti.eu\\\/da\\\/#\\\/schema\\\/logo\\\/image\\\/\"},\"sameAs\":[\"https:\\\/\\\/www.facebook.com\\\/ptieuropa\",\"https:\\\/\\\/x.com\\\/ptieu\",\"https:\\\/\\\/www.linkedin.com\\\/company\\\/pti-europa-a-s\\\/\"]}]}<\/script>\n<!-- \/ Yoast SEO plugin. -->","yoast_head_json":{"title":"Sf\u00e6riske Rullelejer - PTI","robots":{"index":"index","follow":"follow","max-snippet":"max-snippet:-1","max-image-preview":"max-image-preview:large","max-video-preview":"max-video-preview:-1"},"canonical":"https:\/\/pti.eu\/da\/produkter\/kuglelejer-rullelejer\/sfaeriske-rullelejer\/","og_locale":"da_DK","og_type":"article","og_title":"Sf\u00e6riske Rullelejer - PTI","og_url":"https:\/\/pti.eu\/da\/produkter\/kuglelejer-rullelejer\/sfaeriske-rullelejer\/","og_site_name":"PTI","article_publisher":"https:\/\/www.facebook.com\/ptieuropa","article_modified_time":"2024-08-19T09:42:19+00:00","twitter_card":"summary_large_image","twitter_site":"@ptieu","twitter_misc":{"Estimeret l\u00e6setid":"3 minutes"},"schema":{"@context":"https:\/\/schema.org","@graph":[{"@type":"WebPage","@id":"https:\/\/pti.eu\/da\/produkter\/kuglelejer-rullelejer\/sfaeriske-rullelejer\/","url":"https:\/\/pti.eu\/da\/produkter\/kuglelejer-rullelejer\/sfaeriske-rullelejer\/","name":"Sf\u00e6riske Rullelejer - PTI","isPartOf":{"@id":"https:\/\/pti.eu\/da\/#website"},"datePublished":"2019-05-01T07:27:39+00:00","dateModified":"2024-08-19T09:42:19+00:00","breadcrumb":{"@id":"https:\/\/pti.eu\/da\/produkter\/kuglelejer-rullelejer\/sfaeriske-rullelejer\/#breadcrumb"},"inLanguage":"da-DK","potentialAction":[{"@type":"ReadAction","target":["https:\/\/pti.eu\/da\/produkter\/kuglelejer-rullelejer\/sfaeriske-rullelejer\/"]}]},{"@type":"BreadcrumbList","@id":"https:\/\/pti.eu\/da\/produkter\/kuglelejer-rullelejer\/sfaeriske-rullelejer\/#breadcrumb","itemListElement":[{"@type":"ListItem","position":1,"name":"Home","item":"https:\/\/pti.eu\/da\/hjem\/"},{"@type":"ListItem","position":2,"name":"Produkter","item":"https:\/\/pti.eu\/da\/produkter\/"},{"@type":"ListItem","position":3,"name":"Kuglelejer og Rullelejer","item":"https:\/\/pti.eu\/da\/produkter\/kuglelejer-rullelejer\/"},{"@type":"ListItem","position":4,"name":"Sf\u00e6riske Rullelejer"}]},{"@type":"WebSite","@id":"https:\/\/pti.eu\/da\/#website","url":"https:\/\/pti.eu\/da\/","name":"PTI Europa","description":"Bearings &amp; Transmission","publisher":{"@id":"https:\/\/pti.eu\/da\/#organization"},"potentialAction":[{"@type":"SearchAction","target":{"@type":"EntryPoint","urlTemplate":"https:\/\/pti.eu\/da\/?s={search_term_string}"},"query-input":{"@type":"PropertyValueSpecification","valueRequired":true,"valueName":"search_term_string"}}],"inLanguage":"da-DK"},{"@type":"Organization","@id":"https:\/\/pti.eu\/da\/#organization","name":"PTI Europa A\/S","url":"https:\/\/pti.eu\/da\/","logo":{"@type":"ImageObject","inLanguage":"da-DK","@id":"https:\/\/pti.eu\/da\/#\/schema\/logo\/image\/","url":"https:\/\/pti.eu\/wp-content\/uploads\/2021\/05\/PTI-Logo.png","contentUrl":"https:\/\/pti.eu\/wp-content\/uploads\/2021\/05\/PTI-Logo.png","width":673,"height":673,"caption":"PTI Europa A\/S"},"image":{"@id":"https:\/\/pti.eu\/da\/#\/schema\/logo\/image\/"},"sameAs":["https:\/\/www.facebook.com\/ptieuropa","https:\/\/x.com\/ptieu","https:\/\/www.linkedin.com\/company\/pti-europa-a-s\/"]}]}},"_links":{"self":[{"href":"https:\/\/pti.eu\/da\/wp-json\/wp\/v2\/pages\/6321","targetHints":{"allow":["GET"]}}],"collection":[{"href":"https:\/\/pti.eu\/da\/wp-json\/wp\/v2\/pages"}],"about":[{"href":"https:\/\/pti.eu\/da\/wp-json\/wp\/v2\/types\/page"}],"author":[{"embeddable":true,"href":"https:\/\/pti.eu\/da\/wp-json\/wp\/v2\/users\/1"}],"replies":[{"embeddable":true,"href":"https:\/\/pti.eu\/da\/wp-json\/wp\/v2\/comments?post=6321"}],"version-history":[{"count":8,"href":"https:\/\/pti.eu\/da\/wp-json\/wp\/v2\/pages\/6321\/revisions"}],"predecessor-version":[{"id":13942,"href":"https:\/\/pti.eu\/da\/wp-json\/wp\/v2\/pages\/6321\/revisions\/13942"}],"up":[{"embeddable":true,"href":"https:\/\/pti.eu\/da\/wp-json\/wp\/v2\/pages\/418"}],"wp:attachment":[{"href":"https:\/\/pti.eu\/da\/wp-json\/wp\/v2\/media?parent=6321"}],"curies":[{"name":"wp","href":"https:\/\/api.w.org\/{rel}","templated":true}]}}