{"id":11451,"date":"2023-04-17T08:30:36","date_gmt":"2023-04-17T06:30:36","guid":{"rendered":"https:\/\/pti.eu\/?page_id=11451"},"modified":"2024-10-25T12:50:28","modified_gmt":"2024-10-25T10:50:28","slug":"hub-bearing-units","status":"publish","type":"page","link":"https:\/\/pti.eu\/de\/produkte\/hub-bearing-units\/","title":{"rendered":"Radlagereinheiten"},"content":{"rendered":"<section  class='av_textblock_section av-lgkgdp4z-1f0cbed90c2bbe3209d6ffdd193733d7 '   itemscope=\"itemscope\" itemtype=\"https:\/\/schema.org\/CreativeWork\" ><div class='avia_textblock'  itemprop=\"text\" ><p>Radlagereinheiten sind mit abgedichteten und gefetteten Lagern ausgestattet, was erhebliche Vorteile f\u00fcr Erstausr\u00fcster und Endverbraucher bietet.<\/p>\n<p>Da keine Wartung oder Nachf\u00fcllung von Fett Notwendig ist, eliminieren diese Radlager das Risiko von Fettaustritt. Au\u00dferdem tr\u00e4gt ihre hohe Steifigkeit dazu bei, die Neigung der Scheibe zu minimieren und die Zuverl\u00e4ssigkeit der Maschine zu verbessern.<\/p>\n<p>Dar\u00fcber hinaus k\u00f6nnen diese Naben einfach montiert und entfernt werden, was sie zu einer bequemen und problemlosen Wahl macht.<\/p>\n<\/div><\/section>\n\n<style type=\"text\/css\" data-created_by=\"avia_inline_auto\" id=\"style-css-av-lm7xnf-0b034f58d137554d222b737297e85762\">\n#top .hr.hr-invisible.av-lm7xnf-0b034f58d137554d222b737297e85762{\nheight:30px;\n}\n<\/style>\n<div  class='hr av-lm7xnf-0b034f58d137554d222b737297e85762 hr-invisible  avia-builder-el-1  el_after_av_textblock  el_before_av_icon_box '><span class='hr-inner '><span class=\"hr-inner-style\"><\/span><\/span><\/div>\n\n<style type=\"text\/css\" data-created_by=\"avia_inline_auto\" id=\"style-css-av-lgkg7el8-9a414307e88500922cdce031ec4f1577\">\n.iconbox.av-lgkg7el8-9a414307e88500922cdce031ec4f1577 .iconbox_icon{\nbackground-color:#201d5b;\ncolor:#ffffff;\n}\n.iconbox.av-lgkg7el8-9a414307e88500922cdce031ec4f1577 .iconbox_icon.avia-svg-icon svg:first-child{\nfill:#ffffff;\nstroke:#ffffff;\n}\n<\/style>\n<article  class='iconbox iconbox_left_content av-lgkg7el8-9a414307e88500922cdce031ec4f1577  avia-builder-el-2  el_after_av_hr  el_before_av_hr '  itemscope=\"itemscope\" itemtype=\"https:\/\/schema.org\/CreativeWork\" ><a href='https:\/\/shop.pti.eu\/de\/produktsuche?q=agh' title='Online Bestellen' aria-label='Online Bestellen'  target=\"_blank\"  rel=\"noopener noreferrer\" class='iconbox_icon heading-color avia-iconfont avia-font-entypo-fontello' data-av_icon='\ue859' data-av_iconfont='entypo-fontello' title=\"Online Bestellen\" desc=\"Online Bestellen\" ><\/a><div class=\"iconbox_content\"><header class=\"entry-content-header\" aria-label=\"Icon: Online Bestellen\"><h3 class='iconbox_content_title '  itemprop=\"headline\" ><a href='https:\/\/shop.pti.eu\/de\/produktsuche?q=agh' title='Online Bestellen'  target=\"_blank\"  rel=\"noopener noreferrer\">Online Bestellen<\/a><\/h3><\/header><div class='iconbox_content_container '  itemprop=\"text\" ><p>Sehen Sie die Verf\u00fcgbarkeit und Ihre Preise in unserem <a href=\"https:\/\/shop.pti.eu\/de\/produktsuche?q=agh\">Webshop<\/a>.<\/p>\n<p>Benutzen Sie Ihre Zugangsdaten um die Nettopreise zu sehen. Haben Sie diese nicht, erstellen Sie ein Konto <strong><a href=\"https:\/\/shop.pti.eu\/de\/konto-einrichten\">hier<\/a>.<\/strong><\/p>\n<\/div><\/div><footer class=\"entry-footer\"><\/footer><\/article>\n\n<style type=\"text\/css\" data-created_by=\"avia_inline_auto\" id=\"style-css-av-lgowiyuc-d53fdacb6d38199bf8599ae0b4e5ec4a\">\n#top .hr.hr-invisible.av-lgowiyuc-d53fdacb6d38199bf8599ae0b4e5ec4a{\nheight:10px;\n}\n<\/style>\n<div  class='hr av-lgowiyuc-d53fdacb6d38199bf8599ae0b4e5ec4a hr-invisible  avia-builder-el-3  el_after_av_icon_box  el_before_av_one_third '><span class='hr-inner '><span class=\"hr-inner-style\"><\/span><\/span><\/div>\n<div class='flex_column_table av-zkcx97-a5da9b5e6adafdf034fd79e2911be4e1 sc-av_one_third av-equal-height-column-flextable'><div  class='flex_column av-zkcx97-a5da9b5e6adafdf034fd79e2911be4e1 av_one_third  avia-builder-el-4  el_after_av_hr  el_before_av_two_third  first flex_column_table_cell av-equal-height-column av-align-middle  '     ><style type=\"text\/css\" data-created_by=\"avia_inline_auto\" id=\"style-css-av-lgkg66kb-29235d940d4e6e19519096dc74bf6eaa\">\n.avia-image-container.av-lgkg66kb-29235d940d4e6e19519096dc74bf6eaa img.avia_image{\nbox-shadow:none;\n}\n.avia-image-container.av-lgkg66kb-29235d940d4e6e19519096dc74bf6eaa .av-image-caption-overlay-center{\ncolor:#ffffff;\n}\n<\/style>\n<div  class='avia-image-container av-lgkg66kb-29235d940d4e6e19519096dc74bf6eaa av-styling- avia-align-center  avia-builder-el-5  avia-builder-el-no-sibling '   itemprop=\"image\" itemscope=\"itemscope\" itemtype=\"https:\/\/schema.org\/ImageObject\" ><div class=\"avia-image-container-inner\"><div class=\"avia-image-overlay-wrap\"><img decoding=\"async\" fetchpriority=\"high\" class='wp-image-11434 avia-img-lazy-loading-not-11434 avia_image ' src=\"https:\/\/pti.eu\/wp-content\/uploads\/2023\/04\/hub-bearing.jpg\" alt='Agrihub' title='hub-bearing'  height=\"200\" width=\"200\"  itemprop=\"thumbnailUrl\" srcset=\"https:\/\/pti.eu\/wp-content\/uploads\/2023\/04\/hub-bearing.jpg 200w, https:\/\/pti.eu\/wp-content\/uploads\/2023\/04\/hub-bearing-80x80.jpg 80w, https:\/\/pti.eu\/wp-content\/uploads\/2023\/04\/hub-bearing-36x36.jpg 36w, https:\/\/pti.eu\/wp-content\/uploads\/2023\/04\/hub-bearing-180x180.jpg 180w\" sizes=\"(max-width: 200px) 100vw, 200px\" \/><\/div><\/div><\/div><\/div>\n<div class='av-flex-placeholder'><\/div><div  class='flex_column av-ij8qhn-869389e20528b0d1cfc0f03f1ffaf476 av_two_third  avia-builder-el-6  el_after_av_one_third  avia-builder-el-last  flex_column_table_cell av-equal-height-column av-align-middle  '     ><section  class='av_textblock_section av-lgkg7t76-44d1539bef7ef0dd204ebb8da2ba99cd '   itemscope=\"itemscope\" itemtype=\"https:\/\/schema.org\/CreativeWork\" ><div class='avia_textblock'  itemprop=\"text\" ><p><a href=\"https:\/\/pti.eu\/pdf\/hubunits\/AGH.pdf\" target=\"_blank\" rel=\"noopener\">AGH<\/a> &#8211; Agri Hub Radlagereinheiten (BAA-00..)<\/p>\n<\/div><\/section><\/div><\/div><!--close column table wrapper. Autoclose: 1 -->\n","protected":false},"excerpt":{"rendered":"","protected":false},"author":3,"featured_media":0,"parent":377,"menu_order":0,"comment_status":"closed","ping_status":"closed","template":"","meta":{"footnotes":""},"class_list":["post-11451","page","type-page","status-publish","hentry"],"yoast_head":"<!-- This site is optimized with the Yoast SEO plugin v27.5 - https:\/\/yoast.com\/product\/yoast-seo-wordpress\/ -->\n<title>Radlagereinheiten - PTI<\/title>\n<meta name=\"description\" content=\"Hub bearing units sind mit abgedichteten und gefetteten Lagern ausgestattet, was erhebliche Vorteile f\u00fcr Erstausr\u00fcster und Endverbraucher gleicherma\u00dfen bietet.\" \/>\n<meta name=\"robots\" content=\"index, follow, max-snippet:-1, max-image-preview:large, max-video-preview:-1\" \/>\n<link rel=\"canonical\" href=\"https:\/\/pti.eu\/de\/produkte\/hub-bearing-units\/\" \/>\n<meta property=\"og:locale\" content=\"de_DE\" \/>\n<meta property=\"og:type\" content=\"article\" \/>\n<meta property=\"og:title\" content=\"Radlagereinheiten - PTI\" \/>\n<meta property=\"og:description\" content=\"Hub bearing units sind mit abgedichteten und gefetteten Lagern ausgestattet, was erhebliche Vorteile f\u00fcr Erstausr\u00fcster und Endverbraucher gleicherma\u00dfen bietet.\" \/>\n<meta property=\"og:url\" content=\"https:\/\/pti.eu\/de\/produkte\/hub-bearing-units\/\" \/>\n<meta property=\"og:site_name\" content=\"PTI\" \/>\n<meta property=\"article:publisher\" content=\"https:\/\/www.facebook.com\/ptieuropa\" \/>\n<meta property=\"article:modified_time\" content=\"2024-10-25T10:50:28+00:00\" \/>\n<meta name=\"twitter:card\" content=\"summary_large_image\" \/>\n<meta name=\"twitter:site\" content=\"@ptieu\" \/>\n<meta name=\"twitter:label1\" content=\"Gesch\u00e4tzte Lesezeit\" \/>\n\t<meta name=\"twitter:data1\" content=\"8 minutes\" \/>\n<script type=\"application\/ld+json\" class=\"yoast-schema-graph\">{\"@context\":\"https:\\\/\\\/schema.org\",\"@graph\":[{\"@type\":\"WebPage\",\"@id\":\"https:\\\/\\\/pti.eu\\\/de\\\/produkte\\\/hub-bearing-units\\\/\",\"url\":\"https:\\\/\\\/pti.eu\\\/de\\\/produkte\\\/hub-bearing-units\\\/\",\"name\":\"Radlagereinheiten - PTI\",\"isPartOf\":{\"@id\":\"https:\\\/\\\/pti.eu\\\/de\\\/#website\"},\"datePublished\":\"2023-04-17T06:30:36+00:00\",\"dateModified\":\"2024-10-25T10:50:28+00:00\",\"description\":\"Hub bearing units sind mit abgedichteten und gefetteten Lagern ausgestattet, was erhebliche Vorteile f\u00fcr Erstausr\u00fcster und Endverbraucher gleicherma\u00dfen bietet.\",\"breadcrumb\":{\"@id\":\"https:\\\/\\\/pti.eu\\\/de\\\/produkte\\\/hub-bearing-units\\\/#breadcrumb\"},\"inLanguage\":\"de-DE\",\"potentialAction\":[{\"@type\":\"ReadAction\",\"target\":[\"https:\\\/\\\/pti.eu\\\/de\\\/produkte\\\/hub-bearing-units\\\/\"]}]},{\"@type\":\"BreadcrumbList\",\"@id\":\"https:\\\/\\\/pti.eu\\\/de\\\/produkte\\\/hub-bearing-units\\\/#breadcrumb\",\"itemListElement\":[{\"@type\":\"ListItem\",\"position\":1,\"name\":\"Home\",\"item\":\"https:\\\/\\\/pti.eu\\\/de\\\/home\\\/\"},{\"@type\":\"ListItem\",\"position\":2,\"name\":\"Produkte\",\"item\":\"https:\\\/\\\/pti.eu\\\/de\\\/produkte\\\/\"},{\"@type\":\"ListItem\",\"position\":3,\"name\":\"Radlagereinheiten\"}]},{\"@type\":\"WebSite\",\"@id\":\"https:\\\/\\\/pti.eu\\\/de\\\/#website\",\"url\":\"https:\\\/\\\/pti.eu\\\/de\\\/\",\"name\":\"PTI Europa\",\"description\":\"Bearings &amp; Transmission\",\"publisher\":{\"@id\":\"https:\\\/\\\/pti.eu\\\/de\\\/#organization\"},\"potentialAction\":[{\"@type\":\"SearchAction\",\"target\":{\"@type\":\"EntryPoint\",\"urlTemplate\":\"https:\\\/\\\/pti.eu\\\/de\\\/?s={search_term_string}\"},\"query-input\":{\"@type\":\"PropertyValueSpecification\",\"valueRequired\":true,\"valueName\":\"search_term_string\"}}],\"inLanguage\":\"de-DE\"},{\"@type\":\"Organization\",\"@id\":\"https:\\\/\\\/pti.eu\\\/de\\\/#organization\",\"name\":\"PTI Europa A\\\/S\",\"url\":\"https:\\\/\\\/pti.eu\\\/de\\\/\",\"logo\":{\"@type\":\"ImageObject\",\"inLanguage\":\"de-DE\",\"@id\":\"https:\\\/\\\/pti.eu\\\/de\\\/#\\\/schema\\\/logo\\\/image\\\/\",\"url\":\"https:\\\/\\\/pti.eu\\\/wp-content\\\/uploads\\\/2021\\\/05\\\/PTI-Logo.png\",\"contentUrl\":\"https:\\\/\\\/pti.eu\\\/wp-content\\\/uploads\\\/2021\\\/05\\\/PTI-Logo.png\",\"width\":673,\"height\":673,\"caption\":\"PTI Europa A\\\/S\"},\"image\":{\"@id\":\"https:\\\/\\\/pti.eu\\\/de\\\/#\\\/schema\\\/logo\\\/image\\\/\"},\"sameAs\":[\"https:\\\/\\\/www.facebook.com\\\/ptieuropa\",\"https:\\\/\\\/x.com\\\/ptieu\",\"https:\\\/\\\/www.linkedin.com\\\/company\\\/pti-europa-a-s\\\/\"]}]}<\/script>\n<!-- \/ Yoast SEO plugin. -->","yoast_head_json":{"title":"Radlagereinheiten - PTI","description":"Hub bearing units sind mit abgedichteten und gefetteten Lagern ausgestattet, was erhebliche Vorteile f\u00fcr Erstausr\u00fcster und Endverbraucher gleicherma\u00dfen bietet.","robots":{"index":"index","follow":"follow","max-snippet":"max-snippet:-1","max-image-preview":"max-image-preview:large","max-video-preview":"max-video-preview:-1"},"canonical":"https:\/\/pti.eu\/de\/produkte\/hub-bearing-units\/","og_locale":"de_DE","og_type":"article","og_title":"Radlagereinheiten - PTI","og_description":"Hub bearing units sind mit abgedichteten und gefetteten Lagern ausgestattet, was erhebliche Vorteile f\u00fcr Erstausr\u00fcster und Endverbraucher gleicherma\u00dfen bietet.","og_url":"https:\/\/pti.eu\/de\/produkte\/hub-bearing-units\/","og_site_name":"PTI","article_publisher":"https:\/\/www.facebook.com\/ptieuropa","article_modified_time":"2024-10-25T10:50:28+00:00","twitter_card":"summary_large_image","twitter_site":"@ptieu","twitter_misc":{"Gesch\u00e4tzte Lesezeit":"8 minutes"},"schema":{"@context":"https:\/\/schema.org","@graph":[{"@type":"WebPage","@id":"https:\/\/pti.eu\/de\/produkte\/hub-bearing-units\/","url":"https:\/\/pti.eu\/de\/produkte\/hub-bearing-units\/","name":"Radlagereinheiten - PTI","isPartOf":{"@id":"https:\/\/pti.eu\/de\/#website"},"datePublished":"2023-04-17T06:30:36+00:00","dateModified":"2024-10-25T10:50:28+00:00","description":"Hub bearing units sind mit abgedichteten und gefetteten Lagern ausgestattet, was erhebliche Vorteile f\u00fcr Erstausr\u00fcster und Endverbraucher gleicherma\u00dfen bietet.","breadcrumb":{"@id":"https:\/\/pti.eu\/de\/produkte\/hub-bearing-units\/#breadcrumb"},"inLanguage":"de-DE","potentialAction":[{"@type":"ReadAction","target":["https:\/\/pti.eu\/de\/produkte\/hub-bearing-units\/"]}]},{"@type":"BreadcrumbList","@id":"https:\/\/pti.eu\/de\/produkte\/hub-bearing-units\/#breadcrumb","itemListElement":[{"@type":"ListItem","position":1,"name":"Home","item":"https:\/\/pti.eu\/de\/home\/"},{"@type":"ListItem","position":2,"name":"Produkte","item":"https:\/\/pti.eu\/de\/produkte\/"},{"@type":"ListItem","position":3,"name":"Radlagereinheiten"}]},{"@type":"WebSite","@id":"https:\/\/pti.eu\/de\/#website","url":"https:\/\/pti.eu\/de\/","name":"PTI Europa","description":"Bearings &amp; Transmission","publisher":{"@id":"https:\/\/pti.eu\/de\/#organization"},"potentialAction":[{"@type":"SearchAction","target":{"@type":"EntryPoint","urlTemplate":"https:\/\/pti.eu\/de\/?s={search_term_string}"},"query-input":{"@type":"PropertyValueSpecification","valueRequired":true,"valueName":"search_term_string"}}],"inLanguage":"de-DE"},{"@type":"Organization","@id":"https:\/\/pti.eu\/de\/#organization","name":"PTI Europa A\/S","url":"https:\/\/pti.eu\/de\/","logo":{"@type":"ImageObject","inLanguage":"de-DE","@id":"https:\/\/pti.eu\/de\/#\/schema\/logo\/image\/","url":"https:\/\/pti.eu\/wp-content\/uploads\/2021\/05\/PTI-Logo.png","contentUrl":"https:\/\/pti.eu\/wp-content\/uploads\/2021\/05\/PTI-Logo.png","width":673,"height":673,"caption":"PTI Europa A\/S"},"image":{"@id":"https:\/\/pti.eu\/de\/#\/schema\/logo\/image\/"},"sameAs":["https:\/\/www.facebook.com\/ptieuropa","https:\/\/x.com\/ptieu","https:\/\/www.linkedin.com\/company\/pti-europa-a-s\/"]}]}},"_links":{"self":[{"href":"https:\/\/pti.eu\/de\/wp-json\/wp\/v2\/pages\/11451","targetHints":{"allow":["GET"]}}],"collection":[{"href":"https:\/\/pti.eu\/de\/wp-json\/wp\/v2\/pages"}],"about":[{"href":"https:\/\/pti.eu\/de\/wp-json\/wp\/v2\/types\/page"}],"author":[{"embeddable":true,"href":"https:\/\/pti.eu\/de\/wp-json\/wp\/v2\/users\/3"}],"replies":[{"embeddable":true,"href":"https:\/\/pti.eu\/de\/wp-json\/wp\/v2\/comments?post=11451"}],"version-history":[{"count":18,"href":"https:\/\/pti.eu\/de\/wp-json\/wp\/v2\/pages\/11451\/revisions"}],"predecessor-version":[{"id":14165,"href":"https:\/\/pti.eu\/de\/wp-json\/wp\/v2\/pages\/11451\/revisions\/14165"}],"up":[{"embeddable":true,"href":"https:\/\/pti.eu\/de\/wp-json\/wp\/v2\/pages\/377"}],"wp:attachment":[{"href":"https:\/\/pti.eu\/de\/wp-json\/wp\/v2\/media?parent=11451"}],"curies":[{"name":"wp","href":"https:\/\/api.w.org\/{rel}","templated":true}]}}