{"id":2722,"date":"2017-01-06T14:56:08","date_gmt":"2017-01-06T12:56:08","guid":{"rendered":"http:\/\/pti.eu\/?page_id=2722\/"},"modified":"2026-04-27T11:04:52","modified_gmt":"2026-04-27T09:04:52","slug":"zeichnungen","status":"publish","type":"page","link":"https:\/\/pti.eu\/de\/service\/zeichnungen\/","title":{"rendered":"Zeichnungen"},"content":{"rendered":"\n<style type=\"text\/css\" data-created_by=\"avia_inline_auto\" id=\"style-css-av-2zxaxe-7e05a0fb807a7697129cad5716f67f48\">\n#top .av-special-heading.av-2zxaxe-7e05a0fb807a7697129cad5716f67f48{\npadding-bottom:10px;\n}\nbody .av-special-heading.av-2zxaxe-7e05a0fb807a7697129cad5716f67f48 .av-special-heading-tag .heading-char{\nfont-size:25px;\n}\n.av-special-heading.av-2zxaxe-7e05a0fb807a7697129cad5716f67f48 .av-subheading{\nfont-size:15px;\n}\n<\/style>\n<div  class='av-special-heading av-2zxaxe-7e05a0fb807a7697129cad5716f67f48 av-special-heading-h4  avia-builder-el-0  el_before_av_hr  avia-builder-el-first '><h4 class='av-special-heading-tag '  itemprop=\"headline\"  >Zeichnungs Service<\/h4><div class=\"special-heading-border\"><div class=\"special-heading-inner-border\"><\/div><\/div><\/div>\n\n<style type=\"text\/css\" data-created_by=\"avia_inline_auto\" id=\"style-css-av-1v3e9e-a9e45818a0d93539e804452ae5e57aec\">\n#top .hr.hr-invisible.av-1v3e9e-a9e45818a0d93539e804452ae5e57aec{\nheight:5px;\n}\n<\/style>\n<div  class='hr av-1v3e9e-a9e45818a0d93539e804452ae5e57aec hr-invisible  avia-builder-el-1  el_after_av_heading  el_before_av_textblock '><span class='hr-inner '><span class=\"hr-inner-style\"><\/span><\/span><\/div>\n<section  class='av_textblock_section av-jmboos8u-3a1b57f04d225d0be28db1acb65ac77b '   itemscope=\"itemscope\" itemtype=\"https:\/\/schema.org\/CreativeWork\" ><div class='avia_textblock'  itemprop=\"text\" ><p>Sie k\u00f6nnen Zeichnungen unserer Produkte in 2D\/3D anfordern, wir schicken Ihnen diese per E-mail zu. Da dieses ein manueller Prozess ist, hoffen wir auf ein wenig Geduld w\u00e4hrend wir die Zeichnungen vorbereiten.<\/p>\n<p><img loading=\"lazy\" decoding=\"async\" src=\"https:\/\/pti.eu\/wp-content\/uploads\/2011\/08\/3d.png\" alt=\"\" width=\"200\" height=\"166\" \/><\/p>\n<p>Bitte benutzen Sie diese e-mail form um eine Zeichnung anzufordern:<\/p>\n\n<div class=\"wpcf7 no-js\" id=\"wpcf7-f16899-o1\" lang=\"de-DE\" dir=\"ltr\" data-wpcf7-id=\"16899\">\n<div class=\"screen-reader-response\"><p role=\"status\" aria-live=\"polite\" aria-atomic=\"true\"><\/p> <ul><\/ul><\/div>\n<form action=\"\/de\/wp-json\/wp\/v2\/pages\/2722#wpcf7-f16899-o1\" method=\"post\" class=\"wpcf7-form init\" aria-label=\"Kontaktformular\" novalidate=\"novalidate\" data-status=\"init\">\n<fieldset class=\"hidden-fields-container\"><input type=\"hidden\" name=\"_wpcf7\" value=\"16899\" \/><input type=\"hidden\" name=\"_wpcf7_version\" value=\"6.1.6\" \/><input type=\"hidden\" name=\"_wpcf7_locale\" value=\"de_DE\" \/><input type=\"hidden\" name=\"_wpcf7_unit_tag\" value=\"wpcf7-f16899-o1\" \/><input type=\"hidden\" name=\"_wpcf7_container_post\" value=\"0\" \/><input type=\"hidden\" name=\"_wpcf7_posted_data_hash\" value=\"\" \/><input type=\"hidden\" name=\"_wpcf7_recaptcha_response\" value=\"\" \/>\n<\/fieldset>\n<p>Ihr Name (obligatorisch)<br \/>\n<span class=\"wpcf7-form-control-wrap\" data-name=\"ihrname\"><input size=\"40\" maxlength=\"400\" class=\"wpcf7-form-control wpcf7-text wpcf7-validates-as-required\" autocomplete=\"name\" aria-required=\"true\" aria-invalid=\"false\" value=\"\" type=\"text\" name=\"ihrname\" \/><\/span>\n<\/p>\n<p>Ihre e-mail adresse (obligatorisch)<br \/>\n<span class=\"wpcf7-form-control-wrap\" data-name=\"ihremail\"><input size=\"40\" maxlength=\"400\" class=\"wpcf7-form-control wpcf7-email wpcf7-validates-as-required wpcf7-text wpcf7-validates-as-email\" autocomplete=\"email\" aria-required=\"true\" aria-invalid=\"false\" value=\"\" type=\"email\" name=\"ihremail\" \/><\/span>\n<\/p>\n<p>Layout (obligatorisch)<br \/>\n<span class=\"wpcf7-form-control-wrap\" data-name=\"layoude\"><span class=\"wpcf7-form-control wpcf7-radio\"><span class=\"wpcf7-list-item first\"><label><input type=\"radio\" name=\"layoude\" value=\"2D\" \/><span class=\"wpcf7-list-item-label\">2D<\/span><\/label><\/span><span class=\"wpcf7-list-item last\"><label><input type=\"radio\" name=\"layoude\" value=\"3D\" \/><span class=\"wpcf7-list-item-label\">3D<\/span><\/label><\/span><\/span><\/span>\n<\/p>\n<p>Zeichnungs Format (obligatorisch)<br \/>\n<span class=\"wpcf7-form-control-wrap\" data-name=\"format\"><input size=\"40\" maxlength=\"400\" class=\"wpcf7-form-control wpcf7-text wpcf7-validates-as-required\" aria-required=\"true\" aria-invalid=\"false\" value=\"\" type=\"text\" name=\"format\" \/><\/span><br \/>\n(z.B. IGS, IPT, STEP, DWG usw.)\n<\/p>\n<p>Warennummer<br \/>\n<span class=\"wpcf7-form-control-wrap\" data-name=\"warennummer\"><textarea cols=\"40\" rows=\"10\" maxlength=\"2000\" class=\"wpcf7-form-control wpcf7-textarea wpcf7-validates-as-required\" aria-required=\"true\" aria-invalid=\"false\" name=\"warennummer\"><\/textarea><\/span>\n<\/p>\n<p><input class=\"wpcf7-form-control wpcf7-submit has-spinner\" type=\"submit\" value=\"Senden\" \/>\n<\/p><div class=\"wpcf7-response-output\" aria-hidden=\"true\"><\/div>\n<\/form>\n<\/div>\n\n<p><em>Indem Sie auf Senden klicken, akzeptieren Sie, dass keine Haftung f\u00fcr Verluste oder Sch\u00e4den \u00fcbernommen werden kann, die direkt oder indirekt aus der Verwendung der Zeichnung entstehen. Bitte beachten Sie, dass Ma\u00dfe, die nicht in der Produkttabelle angegeben sind, in der Zeichnung nicht als Grundlage f\u00fcr die Bema\u00dfung benachbarter Bauteile gemessen oder interpoliert werden sollen.<\/em><\/p>\n<\/div><\/section>\n","protected":false},"excerpt":{"rendered":"","protected":false},"author":1,"featured_media":0,"parent":399,"menu_order":0,"comment_status":"closed","ping_status":"closed","template":"","meta":{"footnotes":""},"class_list":["post-2722","page","type-page","status-publish","hentry"],"yoast_head":"<!-- This site is optimized with the Yoast SEO plugin v27.6 - https:\/\/yoast.com\/product\/yoast-seo-wordpress\/ -->\n<title>Zeichnungen - PTI<\/title>\n<meta name=\"robots\" content=\"index, follow, max-snippet:-1, max-image-preview:large, max-video-preview:-1\" \/>\n<link rel=\"canonical\" href=\"https:\/\/pti.eu\/de\/service\/zeichnungen\/\" \/>\n<meta property=\"og:locale\" content=\"de_DE\" \/>\n<meta property=\"og:type\" content=\"article\" \/>\n<meta property=\"og:title\" content=\"Zeichnungen - PTI\" \/>\n<meta property=\"og:url\" content=\"https:\/\/pti.eu\/de\/service\/zeichnungen\/\" \/>\n<meta property=\"og:site_name\" content=\"PTI\" \/>\n<meta property=\"article:publisher\" content=\"https:\/\/www.facebook.com\/ptieuropa\" \/>\n<meta property=\"article:modified_time\" content=\"2026-04-27T09:04:52+00:00\" \/>\n<meta property=\"og:image\" content=\"https:\/\/pti.eu\/wp-content\/uploads\/2011\/08\/3d.png\" \/>\n<meta name=\"twitter:card\" content=\"summary_large_image\" \/>\n<meta name=\"twitter:site\" content=\"@ptieu\" \/>\n<meta name=\"twitter:label1\" content=\"Gesch\u00e4tzte Lesezeit\" \/>\n\t<meta name=\"twitter:data1\" content=\"2 minutes\" \/>\n<script type=\"application\/ld+json\" class=\"yoast-schema-graph\">{\"@context\":\"https:\\\/\\\/schema.org\",\"@graph\":[{\"@type\":\"WebPage\",\"@id\":\"https:\\\/\\\/pti.eu\\\/de\\\/service\\\/zeichnungen\\\/\",\"url\":\"https:\\\/\\\/pti.eu\\\/de\\\/service\\\/zeichnungen\\\/\",\"name\":\"Zeichnungen - PTI\",\"isPartOf\":{\"@id\":\"https:\\\/\\\/pti.eu\\\/de\\\/#website\"},\"primaryImageOfPage\":{\"@id\":\"https:\\\/\\\/pti.eu\\\/de\\\/service\\\/zeichnungen\\\/#primaryimage\"},\"image\":{\"@id\":\"https:\\\/\\\/pti.eu\\\/de\\\/service\\\/zeichnungen\\\/#primaryimage\"},\"thumbnailUrl\":\"https:\\\/\\\/pti.eu\\\/wp-content\\\/uploads\\\/2011\\\/08\\\/3d.png\",\"datePublished\":\"2017-01-06T12:56:08+00:00\",\"dateModified\":\"2026-04-27T09:04:52+00:00\",\"breadcrumb\":{\"@id\":\"https:\\\/\\\/pti.eu\\\/de\\\/service\\\/zeichnungen\\\/#breadcrumb\"},\"inLanguage\":\"de-DE\",\"potentialAction\":[{\"@type\":\"ReadAction\",\"target\":[\"https:\\\/\\\/pti.eu\\\/de\\\/service\\\/zeichnungen\\\/\"]}]},{\"@type\":\"ImageObject\",\"inLanguage\":\"de-DE\",\"@id\":\"https:\\\/\\\/pti.eu\\\/de\\\/service\\\/zeichnungen\\\/#primaryimage\",\"url\":\"https:\\\/\\\/pti.eu\\\/wp-content\\\/uploads\\\/2011\\\/08\\\/3d.png\",\"contentUrl\":\"https:\\\/\\\/pti.eu\\\/wp-content\\\/uploads\\\/2011\\\/08\\\/3d.png\"},{\"@type\":\"BreadcrumbList\",\"@id\":\"https:\\\/\\\/pti.eu\\\/de\\\/service\\\/zeichnungen\\\/#breadcrumb\",\"itemListElement\":[{\"@type\":\"ListItem\",\"position\":1,\"name\":\"Home\",\"item\":\"https:\\\/\\\/pti.eu\\\/de\\\/home\\\/\"},{\"@type\":\"ListItem\",\"position\":2,\"name\":\"Service\",\"item\":\"https:\\\/\\\/pti.eu\\\/de\\\/service\\\/\"},{\"@type\":\"ListItem\",\"position\":3,\"name\":\"Zeichnungen\"}]},{\"@type\":\"WebSite\",\"@id\":\"https:\\\/\\\/pti.eu\\\/de\\\/#website\",\"url\":\"https:\\\/\\\/pti.eu\\\/de\\\/\",\"name\":\"PTI Europa\",\"description\":\"Bearings &amp; Transmission\",\"publisher\":{\"@id\":\"https:\\\/\\\/pti.eu\\\/de\\\/#organization\"},\"potentialAction\":[{\"@type\":\"SearchAction\",\"target\":{\"@type\":\"EntryPoint\",\"urlTemplate\":\"https:\\\/\\\/pti.eu\\\/de\\\/?s={search_term_string}\"},\"query-input\":{\"@type\":\"PropertyValueSpecification\",\"valueRequired\":true,\"valueName\":\"search_term_string\"}}],\"inLanguage\":\"de-DE\"},{\"@type\":\"Organization\",\"@id\":\"https:\\\/\\\/pti.eu\\\/de\\\/#organization\",\"name\":\"PTI Europa A\\\/S\",\"url\":\"https:\\\/\\\/pti.eu\\\/de\\\/\",\"logo\":{\"@type\":\"ImageObject\",\"inLanguage\":\"de-DE\",\"@id\":\"https:\\\/\\\/pti.eu\\\/de\\\/#\\\/schema\\\/logo\\\/image\\\/\",\"url\":\"https:\\\/\\\/pti.eu\\\/wp-content\\\/uploads\\\/2021\\\/05\\\/PTI-Logo.png\",\"contentUrl\":\"https:\\\/\\\/pti.eu\\\/wp-content\\\/uploads\\\/2021\\\/05\\\/PTI-Logo.png\",\"width\":673,\"height\":673,\"caption\":\"PTI Europa A\\\/S\"},\"image\":{\"@id\":\"https:\\\/\\\/pti.eu\\\/de\\\/#\\\/schema\\\/logo\\\/image\\\/\"},\"sameAs\":[\"https:\\\/\\\/www.facebook.com\\\/ptieuropa\",\"https:\\\/\\\/x.com\\\/ptieu\",\"https:\\\/\\\/www.linkedin.com\\\/company\\\/pti-europa-a-s\\\/\"]}]}<\/script>\n<!-- \/ Yoast SEO plugin. -->","yoast_head_json":{"title":"Zeichnungen - PTI","robots":{"index":"index","follow":"follow","max-snippet":"max-snippet:-1","max-image-preview":"max-image-preview:large","max-video-preview":"max-video-preview:-1"},"canonical":"https:\/\/pti.eu\/de\/service\/zeichnungen\/","og_locale":"de_DE","og_type":"article","og_title":"Zeichnungen - PTI","og_url":"https:\/\/pti.eu\/de\/service\/zeichnungen\/","og_site_name":"PTI","article_publisher":"https:\/\/www.facebook.com\/ptieuropa","article_modified_time":"2026-04-27T09:04:52+00:00","og_image":[{"url":"https:\/\/pti.eu\/wp-content\/uploads\/2011\/08\/3d.png","type":"","width":"","height":""}],"twitter_card":"summary_large_image","twitter_site":"@ptieu","twitter_misc":{"Gesch\u00e4tzte Lesezeit":"2 minutes"},"schema":{"@context":"https:\/\/schema.org","@graph":[{"@type":"WebPage","@id":"https:\/\/pti.eu\/de\/service\/zeichnungen\/","url":"https:\/\/pti.eu\/de\/service\/zeichnungen\/","name":"Zeichnungen - PTI","isPartOf":{"@id":"https:\/\/pti.eu\/de\/#website"},"primaryImageOfPage":{"@id":"https:\/\/pti.eu\/de\/service\/zeichnungen\/#primaryimage"},"image":{"@id":"https:\/\/pti.eu\/de\/service\/zeichnungen\/#primaryimage"},"thumbnailUrl":"https:\/\/pti.eu\/wp-content\/uploads\/2011\/08\/3d.png","datePublished":"2017-01-06T12:56:08+00:00","dateModified":"2026-04-27T09:04:52+00:00","breadcrumb":{"@id":"https:\/\/pti.eu\/de\/service\/zeichnungen\/#breadcrumb"},"inLanguage":"de-DE","potentialAction":[{"@type":"ReadAction","target":["https:\/\/pti.eu\/de\/service\/zeichnungen\/"]}]},{"@type":"ImageObject","inLanguage":"de-DE","@id":"https:\/\/pti.eu\/de\/service\/zeichnungen\/#primaryimage","url":"https:\/\/pti.eu\/wp-content\/uploads\/2011\/08\/3d.png","contentUrl":"https:\/\/pti.eu\/wp-content\/uploads\/2011\/08\/3d.png"},{"@type":"BreadcrumbList","@id":"https:\/\/pti.eu\/de\/service\/zeichnungen\/#breadcrumb","itemListElement":[{"@type":"ListItem","position":1,"name":"Home","item":"https:\/\/pti.eu\/de\/home\/"},{"@type":"ListItem","position":2,"name":"Service","item":"https:\/\/pti.eu\/de\/service\/"},{"@type":"ListItem","position":3,"name":"Zeichnungen"}]},{"@type":"WebSite","@id":"https:\/\/pti.eu\/de\/#website","url":"https:\/\/pti.eu\/de\/","name":"PTI Europa","description":"Bearings &amp; Transmission","publisher":{"@id":"https:\/\/pti.eu\/de\/#organization"},"potentialAction":[{"@type":"SearchAction","target":{"@type":"EntryPoint","urlTemplate":"https:\/\/pti.eu\/de\/?s={search_term_string}"},"query-input":{"@type":"PropertyValueSpecification","valueRequired":true,"valueName":"search_term_string"}}],"inLanguage":"de-DE"},{"@type":"Organization","@id":"https:\/\/pti.eu\/de\/#organization","name":"PTI Europa A\/S","url":"https:\/\/pti.eu\/de\/","logo":{"@type":"ImageObject","inLanguage":"de-DE","@id":"https:\/\/pti.eu\/de\/#\/schema\/logo\/image\/","url":"https:\/\/pti.eu\/wp-content\/uploads\/2021\/05\/PTI-Logo.png","contentUrl":"https:\/\/pti.eu\/wp-content\/uploads\/2021\/05\/PTI-Logo.png","width":673,"height":673,"caption":"PTI Europa A\/S"},"image":{"@id":"https:\/\/pti.eu\/de\/#\/schema\/logo\/image\/"},"sameAs":["https:\/\/www.facebook.com\/ptieuropa","https:\/\/x.com\/ptieu","https:\/\/www.linkedin.com\/company\/pti-europa-a-s\/"]}]}},"_links":{"self":[{"href":"https:\/\/pti.eu\/de\/wp-json\/wp\/v2\/pages\/2722","targetHints":{"allow":["GET"]}}],"collection":[{"href":"https:\/\/pti.eu\/de\/wp-json\/wp\/v2\/pages"}],"about":[{"href":"https:\/\/pti.eu\/de\/wp-json\/wp\/v2\/types\/page"}],"author":[{"embeddable":true,"href":"https:\/\/pti.eu\/de\/wp-json\/wp\/v2\/users\/1"}],"replies":[{"embeddable":true,"href":"https:\/\/pti.eu\/de\/wp-json\/wp\/v2\/comments?post=2722"}],"version-history":[{"count":27,"href":"https:\/\/pti.eu\/de\/wp-json\/wp\/v2\/pages\/2722\/revisions"}],"predecessor-version":[{"id":16898,"href":"https:\/\/pti.eu\/de\/wp-json\/wp\/v2\/pages\/2722\/revisions\/16898"}],"up":[{"embeddable":true,"href":"https:\/\/pti.eu\/de\/wp-json\/wp\/v2\/pages\/399"}],"wp:attachment":[{"href":"https:\/\/pti.eu\/de\/wp-json\/wp\/v2\/media?parent=2722"}],"curies":[{"name":"wp","href":"https:\/\/api.w.org\/{rel}","templated":true}]}}