{"id":466,"date":"2011-09-06T10:24:07","date_gmt":"2011-09-06T08:24:07","guid":{"rendered":"http:\/\/pti.eu\/?page_id=466"},"modified":"2024-08-19T10:35:12","modified_gmt":"2024-08-19T08:35:12","slug":"spanner","status":"publish","type":"page","link":"https:\/\/pti.eu\/de\/produkte\/spanner\/","title":{"rendered":"Ketten- und Riemenspanner"},"content":{"rendered":"\n<style type=\"text\/css\" data-created_by=\"avia_inline_auto\" id=\"style-css-av-6n90i-71059e0622f8e560181de738d1380f05\">\n#top .av-special-heading.av-6n90i-71059e0622f8e560181de738d1380f05{\npadding-bottom:10px;\n}\nbody .av-special-heading.av-6n90i-71059e0622f8e560181de738d1380f05 .av-special-heading-tag .heading-char{\nfont-size:25px;\n}\n.av-special-heading.av-6n90i-71059e0622f8e560181de738d1380f05 .av-subheading{\nfont-size:15px;\n}\n<\/style>\n<div  class='av-special-heading av-6n90i-71059e0622f8e560181de738d1380f05 av-special-heading-h3  avia-builder-el-0  el_before_av_one_full  avia-builder-el-first  av-linked-heading'><h3 class='av-special-heading-tag '  itemprop=\"headline\"  >Ketten- und Riemenspanner<\/h3><div class=\"special-heading-border\"><div class=\"special-heading-inner-border\"><\/div><\/div><\/div>\n\n<style type=\"text\/css\" data-created_by=\"avia_inline_auto\" id=\"style-css-av-15b32y-680821de997f290bf88a0af39557245f\">\n.flex_column.av-15b32y-680821de997f290bf88a0af39557245f{\nborder-radius:0px 0px 0px 0px;\npadding:0px 0px 0px 0px;\n}\n<\/style>\n<div  class='flex_column av-15b32y-680821de997f290bf88a0af39557245f av_one_full  avia-builder-el-1  el_after_av_heading  el_before_av_hr  first flex_column_div av-zero-column-padding  '     ><section  class='av_textblock_section av-jsabbme5-898c1cb33f478cbf8adb5b25edf429f5 '   itemscope=\"itemscope\" itemtype=\"https:\/\/schema.org\/CreativeWork\" ><div class='avia_textblock'  itemprop=\"text\" ><p>Unsere Spannvorrichtungen sorgen daf\u00fcr, dass Riemen oder Ketten nachgespannt werden k\u00f6nnen. Die integrierten Gummielemente k\u00f6nnen auf variablen Druck eingestellt werden.<\/p>\n<p>Sie eignen sich besonders gut bei Konstruktionen, bei denen die Wellen nicht verschoben werden k\u00f6nnen. Verl\u00e4ngerungen der Kette oder des Riemens werden automatisch ausgeglichen.<\/p>\n<\/div><\/section><\/div>\n\n<style type=\"text\/css\" data-created_by=\"avia_inline_auto\" id=\"style-css-av-jwuf1vhp-2b6e730c1461838ad701fcc02b3994ec\">\n#top .hr.hr-invisible.av-jwuf1vhp-2b6e730c1461838ad701fcc02b3994ec{\nheight:30px;\n}\n<\/style>\n<div  class='hr av-jwuf1vhp-2b6e730c1461838ad701fcc02b3994ec hr-invisible  avia-builder-el-3  el_after_av_one_full  el_before_av_icon_box '><span class='hr-inner '><span class=\"hr-inner-style\"><\/span><\/span><\/div>\n\n<style type=\"text\/css\" data-created_by=\"avia_inline_auto\" id=\"style-css-av-jwuez05e-9efa5749e46eab2beff825a421c5d0d9\">\n.iconbox.av-jwuez05e-9efa5749e46eab2beff825a421c5d0d9 .iconbox_icon{\nbackground-color:#201d5b;\ncolor:#ffffff;\n}\n.iconbox.av-jwuez05e-9efa5749e46eab2beff825a421c5d0d9 .iconbox_icon.avia-svg-icon svg:first-child{\nfill:#ffffff;\nstroke:#ffffff;\n}\n<\/style>\n<article  class='iconbox iconbox_left_content av-jwuez05e-9efa5749e46eab2beff825a421c5d0d9  avia-builder-el-4  el_after_av_hr  el_before_av_one_third '  itemscope=\"itemscope\" itemtype=\"https:\/\/schema.org\/CreativeWork\" ><a href='https:\/\/shop.pti.eu\/de\/kaede-og-remstrammer' title='Online Bestellen' aria-label='Online Bestellen'  target=\"_blank\"  rel=\"noopener noreferrer\" class='iconbox_icon heading-color avia-iconfont avia-font-entypo-fontello' data-av_icon='\ue859' data-av_iconfont='entypo-fontello' title=\"Online Bestellen\" desc=\"Online Bestellen\" ><\/a><div class=\"iconbox_content\"><header class=\"entry-content-header\" aria-label=\"Icon: Online Bestellen\"><h3 class='iconbox_content_title '  itemprop=\"headline\" ><a href='https:\/\/shop.pti.eu\/de\/kaede-og-remstrammer' title='Online Bestellen'  target=\"_blank\"  rel=\"noopener noreferrer\">Online Bestellen<\/a><\/h3><\/header><div class='iconbox_content_container '  itemprop=\"text\" ><p>Sehen Sie die Verf\u00fcgbarkeit und Ihre Preise in unserem <a href=\"https:\/\/shop.pti.eu\/de\/kaede-og-remstrammer\">Webshop<\/a>.<\/p>\n<p>Benutzen Sie Ihre Zugangsdaten um die Nettopreise zu sehen. Haben Sie diese nicht, erstellen Sie ein Konto <strong><a href=\"https:\/\/shop.pti.eu\/de\/konto-einrichten\">hier<\/a>.<\/strong><\/p>\n<\/div><\/div><footer class=\"entry-footer\"><\/footer><\/article>\n<div class='flex_column_table av-r3kqa-adfed67093234324095aef0c7b98b1e0 sc-av_one_third av-equal-height-column-flextable'>\n<style type=\"text\/css\" data-created_by=\"avia_inline_auto\" id=\"style-css-av-r3kqa-adfed67093234324095aef0c7b98b1e0\">\n.flex_column.av-r3kqa-adfed67093234324095aef0c7b98b1e0{\nborder-radius:0px 0px 0px 0px;\npadding:0px 0px 0px 0px;\n}\n<\/style>\n<div  class='flex_column av-r3kqa-adfed67093234324095aef0c7b98b1e0 av_one_third  avia-builder-el-5  el_after_av_icon_box  el_before_av_two_third  first flex_column_table_cell av-equal-height-column av-align-middle av-zero-column-padding  '     ><style type=\"text\/css\" data-created_by=\"avia_inline_auto\" id=\"style-css-av-n0h7e-b9d622ddf3f2d91cab3f1ebcfa024dfa\">\n.avia-image-container.av-n0h7e-b9d622ddf3f2d91cab3f1ebcfa024dfa img.avia_image{\nbox-shadow:none;\n}\n.avia-image-container.av-n0h7e-b9d622ddf3f2d91cab3f1ebcfa024dfa .av-image-caption-overlay-center{\ncolor:#ffffff;\n}\n<\/style>\n<div  class='avia-image-container av-n0h7e-b9d622ddf3f2d91cab3f1ebcfa024dfa av-styling- avia-align-center  avia-builder-el-6  avia-builder-el-no-sibling '   itemprop=\"image\" itemscope=\"itemscope\" itemtype=\"https:\/\/schema.org\/ImageObject\" ><div class=\"avia-image-container-inner\"><div class=\"avia-image-overlay-wrap\"><img decoding=\"async\" fetchpriority=\"high\" class='wp-image-4143 avia-img-lazy-loading-not-4143 avia_image ' src=\"https:\/\/pti.eu\/wp-content\/uploads\/2011\/08\/re-tensioner.jpg\" alt='' title='re-tensioner'  height=\"200\" width=\"200\"  itemprop=\"thumbnailUrl\" srcset=\"https:\/\/pti.eu\/wp-content\/uploads\/2011\/08\/re-tensioner.jpg 200w, https:\/\/pti.eu\/wp-content\/uploads\/2011\/08\/re-tensioner-80x80.jpg 80w, https:\/\/pti.eu\/wp-content\/uploads\/2011\/08\/re-tensioner-36x36.jpg 36w, https:\/\/pti.eu\/wp-content\/uploads\/2011\/08\/re-tensioner-180x180.jpg 180w, https:\/\/pti.eu\/wp-content\/uploads\/2011\/08\/re-tensioner-120x120.jpg 120w\" sizes=\"(max-width: 200px) 100vw, 200px\" \/><\/div><\/div><\/div><\/div>\n<div class='av-flex-placeholder'><\/div>\n<style type=\"text\/css\" data-created_by=\"avia_inline_auto\" id=\"style-css-av-ckihe-efad7f617d9b006255903f7978375603\">\n.flex_column.av-ckihe-efad7f617d9b006255903f7978375603{\nborder-radius:0px 0px 0px 0px;\npadding:0px 0px 0px 0px;\n}\n<\/style>\n<div  class='flex_column av-ckihe-efad7f617d9b006255903f7978375603 av_two_third  avia-builder-el-7  el_after_av_one_third  avia-builder-el-last  flex_column_table_cell av-equal-height-column av-align-middle av-zero-column-padding  '     ><section  class='av_textblock_section av-bl3si-a0b3743deb6b448717c750e4a1cf8873 '   itemscope=\"itemscope\" itemtype=\"https:\/\/schema.org\/CreativeWork\" ><div class='avia_textblock'  itemprop=\"text\" ><p><a title=\"RE.. Tensioners\" href=\"https:\/\/pti.eu\/pdf\/tensioners\/RE00.pdf\" target=\"_blank\" rel=\"noopener\">RE.. Spanner<\/a>\u00a0&#8211; Elastische Ketten- und Riemenspanner (SE..)<\/p>\n<\/div><\/section><\/div><\/div><!--close column table wrapper. Autoclose: 1 -->\n","protected":false},"excerpt":{"rendered":"","protected":false},"author":1,"featured_media":0,"parent":377,"menu_order":0,"comment_status":"closed","ping_status":"closed","template":"","meta":{"footnotes":""},"class_list":["post-466","page","type-page","status-publish","hentry"],"yoast_head":"<!-- This site is optimized with the Yoast SEO plugin v27.5 - https:\/\/yoast.com\/product\/yoast-seo-wordpress\/ -->\n<title>Ketten- und Riemenspanner - PTI<\/title>\n<meta name=\"robots\" content=\"index, follow, max-snippet:-1, max-image-preview:large, max-video-preview:-1\" \/>\n<link rel=\"canonical\" href=\"https:\/\/pti.eu\/de\/produkte\/spanner\/\" \/>\n<meta property=\"og:locale\" content=\"de_DE\" \/>\n<meta property=\"og:type\" content=\"article\" \/>\n<meta property=\"og:title\" content=\"Ketten- und Riemenspanner - PTI\" \/>\n<meta property=\"og:url\" content=\"https:\/\/pti.eu\/de\/produkte\/spanner\/\" \/>\n<meta property=\"og:site_name\" content=\"PTI\" \/>\n<meta property=\"article:publisher\" content=\"https:\/\/www.facebook.com\/ptieuropa\" \/>\n<meta property=\"article:modified_time\" content=\"2024-08-19T08:35:12+00:00\" \/>\n<meta name=\"twitter:card\" content=\"summary_large_image\" \/>\n<meta name=\"twitter:site\" content=\"@ptieu\" \/>\n<meta name=\"twitter:label1\" content=\"Gesch\u00e4tzte Lesezeit\" \/>\n\t<meta name=\"twitter:data1\" content=\"3 minutes\" \/>\n<script type=\"application\/ld+json\" class=\"yoast-schema-graph\">{\"@context\":\"https:\\\/\\\/schema.org\",\"@graph\":[{\"@type\":\"WebPage\",\"@id\":\"https:\\\/\\\/pti.eu\\\/de\\\/produkte\\\/spanner\\\/\",\"url\":\"https:\\\/\\\/pti.eu\\\/de\\\/produkte\\\/spanner\\\/\",\"name\":\"Ketten- und Riemenspanner - PTI\",\"isPartOf\":{\"@id\":\"https:\\\/\\\/pti.eu\\\/de\\\/#website\"},\"datePublished\":\"2011-09-06T08:24:07+00:00\",\"dateModified\":\"2024-08-19T08:35:12+00:00\",\"breadcrumb\":{\"@id\":\"https:\\\/\\\/pti.eu\\\/de\\\/produkte\\\/spanner\\\/#breadcrumb\"},\"inLanguage\":\"de-DE\",\"potentialAction\":[{\"@type\":\"ReadAction\",\"target\":[\"https:\\\/\\\/pti.eu\\\/de\\\/produkte\\\/spanner\\\/\"]}]},{\"@type\":\"BreadcrumbList\",\"@id\":\"https:\\\/\\\/pti.eu\\\/de\\\/produkte\\\/spanner\\\/#breadcrumb\",\"itemListElement\":[{\"@type\":\"ListItem\",\"position\":1,\"name\":\"Home\",\"item\":\"https:\\\/\\\/pti.eu\\\/de\\\/home\\\/\"},{\"@type\":\"ListItem\",\"position\":2,\"name\":\"Produkte\",\"item\":\"https:\\\/\\\/pti.eu\\\/de\\\/produkte\\\/\"},{\"@type\":\"ListItem\",\"position\":3,\"name\":\"Ketten- und Riemenspanner\"}]},{\"@type\":\"WebSite\",\"@id\":\"https:\\\/\\\/pti.eu\\\/de\\\/#website\",\"url\":\"https:\\\/\\\/pti.eu\\\/de\\\/\",\"name\":\"PTI Europa\",\"description\":\"Bearings &amp; Transmission\",\"publisher\":{\"@id\":\"https:\\\/\\\/pti.eu\\\/de\\\/#organization\"},\"potentialAction\":[{\"@type\":\"SearchAction\",\"target\":{\"@type\":\"EntryPoint\",\"urlTemplate\":\"https:\\\/\\\/pti.eu\\\/de\\\/?s={search_term_string}\"},\"query-input\":{\"@type\":\"PropertyValueSpecification\",\"valueRequired\":true,\"valueName\":\"search_term_string\"}}],\"inLanguage\":\"de-DE\"},{\"@type\":\"Organization\",\"@id\":\"https:\\\/\\\/pti.eu\\\/de\\\/#organization\",\"name\":\"PTI Europa A\\\/S\",\"url\":\"https:\\\/\\\/pti.eu\\\/de\\\/\",\"logo\":{\"@type\":\"ImageObject\",\"inLanguage\":\"de-DE\",\"@id\":\"https:\\\/\\\/pti.eu\\\/de\\\/#\\\/schema\\\/logo\\\/image\\\/\",\"url\":\"https:\\\/\\\/pti.eu\\\/wp-content\\\/uploads\\\/2021\\\/05\\\/PTI-Logo.png\",\"contentUrl\":\"https:\\\/\\\/pti.eu\\\/wp-content\\\/uploads\\\/2021\\\/05\\\/PTI-Logo.png\",\"width\":673,\"height\":673,\"caption\":\"PTI Europa A\\\/S\"},\"image\":{\"@id\":\"https:\\\/\\\/pti.eu\\\/de\\\/#\\\/schema\\\/logo\\\/image\\\/\"},\"sameAs\":[\"https:\\\/\\\/www.facebook.com\\\/ptieuropa\",\"https:\\\/\\\/x.com\\\/ptieu\",\"https:\\\/\\\/www.linkedin.com\\\/company\\\/pti-europa-a-s\\\/\"]}]}<\/script>\n<!-- \/ Yoast SEO plugin. -->","yoast_head_json":{"title":"Ketten- und Riemenspanner - PTI","robots":{"index":"index","follow":"follow","max-snippet":"max-snippet:-1","max-image-preview":"max-image-preview:large","max-video-preview":"max-video-preview:-1"},"canonical":"https:\/\/pti.eu\/de\/produkte\/spanner\/","og_locale":"de_DE","og_type":"article","og_title":"Ketten- und Riemenspanner - PTI","og_url":"https:\/\/pti.eu\/de\/produkte\/spanner\/","og_site_name":"PTI","article_publisher":"https:\/\/www.facebook.com\/ptieuropa","article_modified_time":"2024-08-19T08:35:12+00:00","twitter_card":"summary_large_image","twitter_site":"@ptieu","twitter_misc":{"Gesch\u00e4tzte Lesezeit":"3 minutes"},"schema":{"@context":"https:\/\/schema.org","@graph":[{"@type":"WebPage","@id":"https:\/\/pti.eu\/de\/produkte\/spanner\/","url":"https:\/\/pti.eu\/de\/produkte\/spanner\/","name":"Ketten- und Riemenspanner - PTI","isPartOf":{"@id":"https:\/\/pti.eu\/de\/#website"},"datePublished":"2011-09-06T08:24:07+00:00","dateModified":"2024-08-19T08:35:12+00:00","breadcrumb":{"@id":"https:\/\/pti.eu\/de\/produkte\/spanner\/#breadcrumb"},"inLanguage":"de-DE","potentialAction":[{"@type":"ReadAction","target":["https:\/\/pti.eu\/de\/produkte\/spanner\/"]}]},{"@type":"BreadcrumbList","@id":"https:\/\/pti.eu\/de\/produkte\/spanner\/#breadcrumb","itemListElement":[{"@type":"ListItem","position":1,"name":"Home","item":"https:\/\/pti.eu\/de\/home\/"},{"@type":"ListItem","position":2,"name":"Produkte","item":"https:\/\/pti.eu\/de\/produkte\/"},{"@type":"ListItem","position":3,"name":"Ketten- und Riemenspanner"}]},{"@type":"WebSite","@id":"https:\/\/pti.eu\/de\/#website","url":"https:\/\/pti.eu\/de\/","name":"PTI Europa","description":"Bearings &amp; Transmission","publisher":{"@id":"https:\/\/pti.eu\/de\/#organization"},"potentialAction":[{"@type":"SearchAction","target":{"@type":"EntryPoint","urlTemplate":"https:\/\/pti.eu\/de\/?s={search_term_string}"},"query-input":{"@type":"PropertyValueSpecification","valueRequired":true,"valueName":"search_term_string"}}],"inLanguage":"de-DE"},{"@type":"Organization","@id":"https:\/\/pti.eu\/de\/#organization","name":"PTI Europa A\/S","url":"https:\/\/pti.eu\/de\/","logo":{"@type":"ImageObject","inLanguage":"de-DE","@id":"https:\/\/pti.eu\/de\/#\/schema\/logo\/image\/","url":"https:\/\/pti.eu\/wp-content\/uploads\/2021\/05\/PTI-Logo.png","contentUrl":"https:\/\/pti.eu\/wp-content\/uploads\/2021\/05\/PTI-Logo.png","width":673,"height":673,"caption":"PTI Europa A\/S"},"image":{"@id":"https:\/\/pti.eu\/de\/#\/schema\/logo\/image\/"},"sameAs":["https:\/\/www.facebook.com\/ptieuropa","https:\/\/x.com\/ptieu","https:\/\/www.linkedin.com\/company\/pti-europa-a-s\/"]}]}},"_links":{"self":[{"href":"https:\/\/pti.eu\/de\/wp-json\/wp\/v2\/pages\/466","targetHints":{"allow":["GET"]}}],"collection":[{"href":"https:\/\/pti.eu\/de\/wp-json\/wp\/v2\/pages"}],"about":[{"href":"https:\/\/pti.eu\/de\/wp-json\/wp\/v2\/types\/page"}],"author":[{"embeddable":true,"href":"https:\/\/pti.eu\/de\/wp-json\/wp\/v2\/users\/1"}],"replies":[{"embeddable":true,"href":"https:\/\/pti.eu\/de\/wp-json\/wp\/v2\/comments?post=466"}],"version-history":[{"count":13,"href":"https:\/\/pti.eu\/de\/wp-json\/wp\/v2\/pages\/466\/revisions"}],"predecessor-version":[{"id":13817,"href":"https:\/\/pti.eu\/de\/wp-json\/wp\/v2\/pages\/466\/revisions\/13817"}],"up":[{"embeddable":true,"href":"https:\/\/pti.eu\/de\/wp-json\/wp\/v2\/pages\/377"}],"wp:attachment":[{"href":"https:\/\/pti.eu\/de\/wp-json\/wp\/v2\/media?parent=466"}],"curies":[{"name":"wp","href":"https:\/\/api.w.org\/{rel}","templated":true}]}}