{"id":5460,"date":"2019-03-15T11:57:59","date_gmt":"2019-03-15T09:57:59","guid":{"rendered":"https:\/\/pti.eu\/?page_id=5460"},"modified":"2024-08-19T10:40:13","modified_gmt":"2024-08-19T08:40:13","slug":"spannhuelsen","status":"publish","type":"page","link":"https:\/\/pti.eu\/de\/produkte\/zubehor\/spannhuelsen\/","title":{"rendered":"Spannh\u00fclsen"},"content":{"rendered":"\n<style type=\"text\/css\" data-created_by=\"avia_inline_auto\" id=\"style-css-av-jwuez05e-0fc4cf1ce974e732f06062c65e8b8d19\">\n.iconbox.av-jwuez05e-0fc4cf1ce974e732f06062c65e8b8d19 .iconbox_icon{\nbackground-color:#201d5b;\ncolor:#ffffff;\n}\n.iconbox.av-jwuez05e-0fc4cf1ce974e732f06062c65e8b8d19 .iconbox_icon.avia-svg-icon svg:first-child{\nfill:#ffffff;\nstroke:#ffffff;\n}\n<\/style>\n<article  class='iconbox iconbox_left_content av-jwuez05e-0fc4cf1ce974e732f06062c65e8b8d19  avia-builder-el-0  el_before_av_heading  avia-builder-el-first '  itemscope=\"itemscope\" itemtype=\"https:\/\/schema.org\/CreativeWork\" ><a href='https:\/\/shop.pti.eu\/de\/spannbuchsen' title='Online Bestellen' aria-label='Online Bestellen'  target=\"_blank\"  rel=\"noopener noreferrer\" class='iconbox_icon heading-color avia-iconfont avia-font-entypo-fontello' data-av_icon='\ue859' data-av_iconfont='entypo-fontello' title=\"Online Bestellen\" desc=\"Online Bestellen\" ><\/a><div class=\"iconbox_content\"><header class=\"entry-content-header\" aria-label=\"Icon: Online Bestellen\"><h3 class='iconbox_content_title '  itemprop=\"headline\" ><a href='https:\/\/shop.pti.eu\/de\/spannbuchsen' title='Online Bestellen'  target=\"_blank\"  rel=\"noopener noreferrer\">Online Bestellen<\/a><\/h3><\/header><div class='iconbox_content_container '  itemprop=\"text\" ><p>Sehen Sie die Verf\u00fcgbarkeit und Ihre Preise in unserem <a href=\"https:\/\/shop.pti.eu\/de\/spannbuchsen\">Webshop<\/a>.<\/p>\n<p>Benutzen Sie Ihre Zugangsdaten um die Nettopreise zu sehen. Haben Sie diese nicht, erstellen Sie ein Konto <strong><a href=\"https:\/\/shop.pti.eu\/de\/konto-einrichten\">hier<\/a>.<\/strong><\/p>\n<\/div><\/div><footer class=\"entry-footer\"><\/footer><\/article>\n\n<style type=\"text\/css\" data-created_by=\"avia_inline_auto\" id=\"style-css-av-44yzhg-de3938829103e7650416483eb6339831\">\n#top .av-special-heading.av-44yzhg-de3938829103e7650416483eb6339831{\npadding-bottom:10px;\n}\nbody .av-special-heading.av-44yzhg-de3938829103e7650416483eb6339831 .av-special-heading-tag .heading-char{\nfont-size:25px;\n}\n.av-special-heading.av-44yzhg-de3938829103e7650416483eb6339831 .av-subheading{\nfont-size:15px;\n}\n<\/style>\n<div  class='av-special-heading av-44yzhg-de3938829103e7650416483eb6339831 av-special-heading-h6  avia-builder-el-1  el_after_av_icon_box  el_before_av_one_full  av-linked-heading'><h6 class='av-special-heading-tag '  itemprop=\"headline\"  >Spannh\u00fclsen<\/h6><div class=\"special-heading-border\"><div class=\"special-heading-inner-border\"><\/div><\/div><\/div>\n\n<style type=\"text\/css\" data-created_by=\"avia_inline_auto\" id=\"style-css-av-2bv8hg-651bf284fbafd6930a89e54a297ebb86\">\n.flex_column.av-2bv8hg-651bf284fbafd6930a89e54a297ebb86{\nborder-radius:0px 0px 0px 0px;\npadding:0px 0px 0px 0px;\n}\n<\/style>\n<div  class='flex_column av-2bv8hg-651bf284fbafd6930a89e54a297ebb86 av_one_full  avia-builder-el-2  el_after_av_heading  el_before_av_one_third  first flex_column_div av-zero-column-padding  '     ><section  class='av_textblock_section av-jsu7gwm2-e0d4180c09c890d23cb280868970a2ee '   itemscope=\"itemscope\" itemtype=\"https:\/\/schema.org\/CreativeWork\" ><div class='avia_textblock'  itemprop=\"text\" ><p>Spannh\u00fclsen sind die am h\u00e4ufigsten verwendeten Befestigungsteile f\u00fcr Lager mit kegeliger Bohrung auf zylindrischem Sitz.<\/p>\n<p>Sie sind einfach zu montieren und m\u00fcssen nicht zus\u00e4tzlich auf der Welle gesichert werden.<\/p>\n<p>Spannh\u00fclsen k\u00f6nnen jeweils auf glatten und abgesetzten Wellen verwendet werden. Bei einer glatten Welle kann das Lager an beliebiger Stelle gefestigt werden, bei abgesetzter Welle ist die genaue axiale Festlegung mittels einem Abst\u00fctzring des Lagers m\u00f6glich.<\/p>\n<\/div><\/section><\/div>\n<div class='flex_column_table av-18lzj1-0745c4769128d49ab86cef4143e69e9d sc-av_one_third av-equal-height-column-flextable'>\n<style type=\"text\/css\" data-created_by=\"avia_inline_auto\" id=\"style-css-av-18lzj1-0745c4769128d49ab86cef4143e69e9d\">\n.flex_column.av-18lzj1-0745c4769128d49ab86cef4143e69e9d{\nborder-radius:0px 0px 0px 0px;\npadding:0px 0px 0px 0px;\n}\n<\/style>\n<div  class='flex_column av-18lzj1-0745c4769128d49ab86cef4143e69e9d av_one_third  avia-builder-el-4  el_after_av_one_full  el_before_av_two_third  first flex_column_table_cell av-equal-height-column av-align-middle av-zero-column-padding  column-top-margin'     ><style type=\"text\/css\" data-created_by=\"avia_inline_auto\" id=\"style-css-av-14wiwd-5307309c600babf93d97f8cdd1fd8c8f\">\n.avia-image-container.av-14wiwd-5307309c600babf93d97f8cdd1fd8c8f img.avia_image{\nbox-shadow:none;\n}\n.avia-image-container.av-14wiwd-5307309c600babf93d97f8cdd1fd8c8f .av-image-caption-overlay-center{\ncolor:#ffffff;\n}\n<\/style>\n<div  class='avia-image-container av-14wiwd-5307309c600babf93d97f8cdd1fd8c8f av-styling- avia-align-center  avia-builder-el-5  avia-builder-el-no-sibling '   itemprop=\"image\" itemscope=\"itemscope\" itemtype=\"https:\/\/schema.org\/ImageObject\" ><div class=\"avia-image-container-inner\"><div class=\"avia-image-overlay-wrap\"><img decoding=\"async\" fetchpriority=\"high\" class='wp-image-4035 avia-img-lazy-loading-not-4035 avia_image ' src=\"https:\/\/pti.eu\/wp-content\/uploads\/2011\/08\/adapter-sleeve.jpg\" alt='Spannh\u00fclsen reihe H200 bis H3100' title='Spannh\u00fclsen'  height=\"200\" width=\"200\"  itemprop=\"thumbnailUrl\" srcset=\"https:\/\/pti.eu\/wp-content\/uploads\/2011\/08\/adapter-sleeve.jpg 200w, https:\/\/pti.eu\/wp-content\/uploads\/2011\/08\/adapter-sleeve-80x80.jpg 80w, https:\/\/pti.eu\/wp-content\/uploads\/2011\/08\/adapter-sleeve-36x36.jpg 36w, https:\/\/pti.eu\/wp-content\/uploads\/2011\/08\/adapter-sleeve-180x180.jpg 180w, https:\/\/pti.eu\/wp-content\/uploads\/2011\/08\/adapter-sleeve-120x120.jpg 120w\" sizes=\"(max-width: 200px) 100vw, 200px\" \/><\/div><\/div><\/div><\/div>\n<div class='av-flex-placeholder'><\/div>\n<style type=\"text\/css\" data-created_by=\"avia_inline_auto\" id=\"style-css-av-1766el-38fc4165ccdacd8d5c8937d9764162ff\">\n.flex_column.av-1766el-38fc4165ccdacd8d5c8937d9764162ff{\nborder-radius:0px 0px 0px 0px;\npadding:0px 0px 0px 0px;\n}\n<\/style>\n<div  class='flex_column av-1766el-38fc4165ccdacd8d5c8937d9764162ff av_two_third  avia-builder-el-6  el_after_av_one_third  el_before_av_hr  flex_column_table_cell av-equal-height-column av-align-middle av-zero-column-padding  column-top-margin'     ><section  class='av_textblock_section av-16dukp-77f0629d5b756e29c96ab05314e48325 '   itemscope=\"itemscope\" itemtype=\"https:\/\/schema.org\/CreativeWork\" ><div class='avia_textblock'  itemprop=\"text\" ><p><a href=\"https:\/\/pti.eu\/pdf\/adapters\/H200.pdf\" target=\"_blank\" rel=\"noopener noreferrer\">H 200 Serie<\/a><\/p>\n<p><a href=\"https:\/\/pti.eu\/pdf\/adapters\/H300.pdf\" target=\"_blank\" rel=\"noopener noreferrer\">H 300 Serie<\/a><\/p>\n<p><a href=\"https:\/\/pti.eu\/pdf\/adapters\/H2300.pdf\" target=\"_blank\" rel=\"noopener noreferrer\">H 2300 Serie<\/a><\/p>\n<p><a href=\"https:\/\/pti.eu\/pdf\/adapters\/H3000.pdf\" target=\"_blank\" rel=\"noopener noreferrer\">H 3000 Serie<\/a><\/p>\n<p><a href=\"https:\/\/pti.eu\/pdf\/adapters\/H3100.pdf\" target=\"_blank\" rel=\"noopener noreferrer\">H 3100 Serie<\/a><\/p>\n<\/div><\/section><\/div><\/div><!--close column table wrapper. Autoclose: 1 -->\n\n<style type=\"text\/css\" data-created_by=\"avia_inline_auto\" id=\"style-css-av-jv3q1ih9-ed55cc7b34601414d0eba2498db1da58\">\n#top .hr.hr-invisible.av-jv3q1ih9-ed55cc7b34601414d0eba2498db1da58{\nheight:30px;\n}\n<\/style>\n<div  class='hr av-jv3q1ih9-ed55cc7b34601414d0eba2498db1da58 hr-invisible  avia-builder-el-8  el_after_av_two_third  el_before_av_heading '><span class='hr-inner '><span class=\"hr-inner-style\"><\/span><\/span><\/div>\n\n<style type=\"text\/css\" data-created_by=\"avia_inline_auto\" id=\"style-css-av-2h7a2c-6b8811b379c86ef11bf95ad93d8f971d\">\n#top .av-special-heading.av-2h7a2c-6b8811b379c86ef11bf95ad93d8f971d{\npadding-bottom:10px;\n}\nbody .av-special-heading.av-2h7a2c-6b8811b379c86ef11bf95ad93d8f971d .av-special-heading-tag .heading-char{\nfont-size:25px;\n}\n.av-special-heading.av-2h7a2c-6b8811b379c86ef11bf95ad93d8f971d .av-subheading{\nfont-size:15px;\n}\n<\/style>\n<div  class='av-special-heading av-2h7a2c-6b8811b379c86ef11bf95ad93d8f971d av-special-heading-h6  avia-builder-el-9  el_after_av_hr  el_before_av_one_full  av-linked-heading'><h6 class='av-special-heading-tag '  itemprop=\"headline\"  >Hydraulische Spannh\u00fclsen<\/h6><div class=\"special-heading-border\"><div class=\"special-heading-inner-border\"><\/div><\/div><\/div>\n\n<style type=\"text\/css\" data-created_by=\"avia_inline_auto\" id=\"style-css-av-qr4x-01d737befdf2f30d936b6e45a3d95680\">\n.flex_column.av-qr4x-01d737befdf2f30d936b6e45a3d95680{\nborder-radius:0px 0px 0px 0px;\npadding:0px 0px 0px 0px;\n}\n<\/style>\n<div  class='flex_column av-qr4x-01d737befdf2f30d936b6e45a3d95680 av_one_full  avia-builder-el-10  el_after_av_heading  el_before_av_one_third  first flex_column_div av-zero-column-padding  '     ><section  class='av_textblock_section av-jsualwe1-0d2f2df5dedb881998c0a6ed80c45f3c '   itemscope=\"itemscope\" itemtype=\"https:\/\/schema.org\/CreativeWork\" ><div class='avia_textblock'  itemprop=\"text\" ><p>Hydraulische Spannh\u00fclsen werden bei gr\u00f6\u00dferen Lagern verwendet und haben \u00d6lzuf\u00fchrungsbohrungen und \u00d6lnuten, so dass beim Ein- und Ausbau eines Lagers das Hydraulikverfahren angewandt wird. Beim montieren presst man bei diesem Verfahren \u00d6l zwischen den Passfl\u00e4chen, wodurch die Montagekr\u00e4fte erheblich vermindert werden.<\/p>\n<\/div><\/section><\/div>\n<div class='flex_column_table av-15lb11-f1b60a9e7f6d1f7390bfa34d4733e805 sc-av_one_third av-equal-height-column-flextable'>\n<style type=\"text\/css\" data-created_by=\"avia_inline_auto\" id=\"style-css-av-15lb11-f1b60a9e7f6d1f7390bfa34d4733e805\">\n.flex_column.av-15lb11-f1b60a9e7f6d1f7390bfa34d4733e805{\nborder-radius:0px 0px 0px 0px;\npadding:0px 0px 0px 0px;\n}\n<\/style>\n<div  class='flex_column av-15lb11-f1b60a9e7f6d1f7390bfa34d4733e805 av_one_third  avia-builder-el-12  el_after_av_one_full  el_before_av_two_third  first flex_column_table_cell av-equal-height-column av-align-middle av-zero-column-padding  column-top-margin'     ><style type=\"text\/css\" data-created_by=\"avia_inline_auto\" id=\"style-css-av-14wiwd-1-2f9db588efff1a7b8d68331b73d35a33\">\n.avia-image-container.av-14wiwd-1-2f9db588efff1a7b8d68331b73d35a33 img.avia_image{\nbox-shadow:none;\n}\n.avia-image-container.av-14wiwd-1-2f9db588efff1a7b8d68331b73d35a33 .av-image-caption-overlay-center{\ncolor:#ffffff;\n}\n<\/style>\n<div  class='avia-image-container av-14wiwd-1-2f9db588efff1a7b8d68331b73d35a33 av-styling- avia-align-center  avia-builder-el-13  avia-builder-el-no-sibling '   itemprop=\"image\" itemscope=\"itemscope\" itemtype=\"https:\/\/schema.org\/ImageObject\" ><div class=\"avia-image-container-inner\"><div class=\"avia-image-overlay-wrap\"><img decoding=\"async\" fetchpriority=\"high\" class='wp-image-4035 avia-img-lazy-loading-not-4035 avia_image ' src=\"https:\/\/pti.eu\/wp-content\/uploads\/2011\/08\/adapter-sleeve.jpg\" alt='Hydraulische Spannh\u00fclsen in der Reihe H2300H bis H3100H' title='Hydraulische Spannh\u00fclsen'  height=\"200\" width=\"200\"  itemprop=\"thumbnailUrl\" srcset=\"https:\/\/pti.eu\/wp-content\/uploads\/2011\/08\/adapter-sleeve.jpg 200w, https:\/\/pti.eu\/wp-content\/uploads\/2011\/08\/adapter-sleeve-80x80.jpg 80w, https:\/\/pti.eu\/wp-content\/uploads\/2011\/08\/adapter-sleeve-36x36.jpg 36w, https:\/\/pti.eu\/wp-content\/uploads\/2011\/08\/adapter-sleeve-180x180.jpg 180w, https:\/\/pti.eu\/wp-content\/uploads\/2011\/08\/adapter-sleeve-120x120.jpg 120w\" sizes=\"(max-width: 200px) 100vw, 200px\" \/><\/div><\/div><\/div><\/div>\n<div class='av-flex-placeholder'><\/div>\n<style type=\"text\/css\" data-created_by=\"avia_inline_auto\" id=\"style-css-av-14149l-0cfc6c6ac99d40367cc4fbab6d03bbb9\">\n.flex_column.av-14149l-0cfc6c6ac99d40367cc4fbab6d03bbb9{\nborder-radius:0px 0px 0px 0px;\npadding:0px 0px 0px 0px;\n}\n<\/style>\n<div  class='flex_column av-14149l-0cfc6c6ac99d40367cc4fbab6d03bbb9 av_two_third  avia-builder-el-14  el_after_av_one_third  avia-builder-el-last  flex_column_table_cell av-equal-height-column av-align-middle av-zero-column-padding  column-top-margin'     ><section  class='av_textblock_section av-3yhf1-bf68f3ebcf6a0c332e1d40eb168eb0c3 '   itemscope=\"itemscope\" itemtype=\"https:\/\/schema.org\/CreativeWork\" ><div class='avia_textblock'  itemprop=\"text\" ><p><a href=\"https:\/\/pti.eu\/pdf\/adapters\/H2300H.pdf\" target=\"_blank\" rel=\"noopener noreferrer\">H 2300 H Hydraulische Spannh\u00fclsen<\/a>\u00a0(OH 2300 H)<\/p>\n<p><a href=\"https:\/\/pti.eu\/pdf\/adapters\/H3000H.pdf\" target=\"_blank\" rel=\"noopener noreferrer\">H 3000 H Hydraulische Spannh\u00fclsen<\/a>\u00a0(OH 3000 H)<\/p>\n<p><a href=\"https:\/\/pti.eu\/pdf\/adapters\/H3100H.pdf\" target=\"_blank\" rel=\"noopener noreferrer\">H 3100 H Hydraulische Spannh\u00fclsen<\/a>\u00a0(OH 3100 H)<\/p>\n<\/div><\/section><\/div><\/div><!--close column table wrapper. Autoclose: 1 -->\n","protected":false},"excerpt":{"rendered":"","protected":false},"author":1,"featured_media":0,"parent":381,"menu_order":0,"comment_status":"closed","ping_status":"closed","template":"","meta":{"footnotes":""},"class_list":["post-5460","page","type-page","status-publish","hentry"],"yoast_head":"<!-- This site is optimized with the Yoast SEO plugin v27.6 - https:\/\/yoast.com\/product\/yoast-seo-wordpress\/ -->\n<title>Spannh\u00fclsen - PTI<\/title>\n<meta name=\"robots\" content=\"index, follow, max-snippet:-1, max-image-preview:large, max-video-preview:-1\" \/>\n<link rel=\"canonical\" href=\"https:\/\/pti.eu\/de\/produkte\/zubehor\/spannhuelsen\/\" \/>\n<meta property=\"og:locale\" content=\"de_DE\" \/>\n<meta property=\"og:type\" content=\"article\" \/>\n<meta property=\"og:title\" content=\"Spannh\u00fclsen - PTI\" \/>\n<meta property=\"og:url\" content=\"https:\/\/pti.eu\/de\/produkte\/zubehor\/spannhuelsen\/\" \/>\n<meta property=\"og:site_name\" content=\"PTI\" \/>\n<meta property=\"article:publisher\" content=\"https:\/\/www.facebook.com\/ptieuropa\" \/>\n<meta property=\"article:modified_time\" content=\"2024-08-19T08:40:13+00:00\" \/>\n<meta name=\"twitter:card\" content=\"summary_large_image\" \/>\n<meta name=\"twitter:site\" content=\"@ptieu\" \/>\n<meta name=\"twitter:label1\" content=\"Gesch\u00e4tzte Lesezeit\" \/>\n\t<meta name=\"twitter:data1\" content=\"6 minutes\" \/>\n<script type=\"application\/ld+json\" class=\"yoast-schema-graph\">{\"@context\":\"https:\\\/\\\/schema.org\",\"@graph\":[{\"@type\":\"WebPage\",\"@id\":\"https:\\\/\\\/pti.eu\\\/de\\\/produkte\\\/zubehor\\\/spannhuelsen\\\/\",\"url\":\"https:\\\/\\\/pti.eu\\\/de\\\/produkte\\\/zubehor\\\/spannhuelsen\\\/\",\"name\":\"Spannh\u00fclsen - PTI\",\"isPartOf\":{\"@id\":\"https:\\\/\\\/pti.eu\\\/de\\\/#website\"},\"datePublished\":\"2019-03-15T09:57:59+00:00\",\"dateModified\":\"2024-08-19T08:40:13+00:00\",\"breadcrumb\":{\"@id\":\"https:\\\/\\\/pti.eu\\\/de\\\/produkte\\\/zubehor\\\/spannhuelsen\\\/#breadcrumb\"},\"inLanguage\":\"de-DE\",\"potentialAction\":[{\"@type\":\"ReadAction\",\"target\":[\"https:\\\/\\\/pti.eu\\\/de\\\/produkte\\\/zubehor\\\/spannhuelsen\\\/\"]}]},{\"@type\":\"BreadcrumbList\",\"@id\":\"https:\\\/\\\/pti.eu\\\/de\\\/produkte\\\/zubehor\\\/spannhuelsen\\\/#breadcrumb\",\"itemListElement\":[{\"@type\":\"ListItem\",\"position\":1,\"name\":\"Home\",\"item\":\"https:\\\/\\\/pti.eu\\\/de\\\/home\\\/\"},{\"@type\":\"ListItem\",\"position\":2,\"name\":\"Produkte\",\"item\":\"https:\\\/\\\/pti.eu\\\/de\\\/produkte\\\/\"},{\"@type\":\"ListItem\",\"position\":3,\"name\":\"Zubeh\u00f6r\",\"item\":\"https:\\\/\\\/pti.eu\\\/de\\\/produkte\\\/zubehor\\\/\"},{\"@type\":\"ListItem\",\"position\":4,\"name\":\"Spannh\u00fclsen\"}]},{\"@type\":\"WebSite\",\"@id\":\"https:\\\/\\\/pti.eu\\\/de\\\/#website\",\"url\":\"https:\\\/\\\/pti.eu\\\/de\\\/\",\"name\":\"PTI Europa\",\"description\":\"Bearings &amp; Transmission\",\"publisher\":{\"@id\":\"https:\\\/\\\/pti.eu\\\/de\\\/#organization\"},\"potentialAction\":[{\"@type\":\"SearchAction\",\"target\":{\"@type\":\"EntryPoint\",\"urlTemplate\":\"https:\\\/\\\/pti.eu\\\/de\\\/?s={search_term_string}\"},\"query-input\":{\"@type\":\"PropertyValueSpecification\",\"valueRequired\":true,\"valueName\":\"search_term_string\"}}],\"inLanguage\":\"de-DE\"},{\"@type\":\"Organization\",\"@id\":\"https:\\\/\\\/pti.eu\\\/de\\\/#organization\",\"name\":\"PTI Europa A\\\/S\",\"url\":\"https:\\\/\\\/pti.eu\\\/de\\\/\",\"logo\":{\"@type\":\"ImageObject\",\"inLanguage\":\"de-DE\",\"@id\":\"https:\\\/\\\/pti.eu\\\/de\\\/#\\\/schema\\\/logo\\\/image\\\/\",\"url\":\"https:\\\/\\\/pti.eu\\\/wp-content\\\/uploads\\\/2021\\\/05\\\/PTI-Logo.png\",\"contentUrl\":\"https:\\\/\\\/pti.eu\\\/wp-content\\\/uploads\\\/2021\\\/05\\\/PTI-Logo.png\",\"width\":673,\"height\":673,\"caption\":\"PTI Europa A\\\/S\"},\"image\":{\"@id\":\"https:\\\/\\\/pti.eu\\\/de\\\/#\\\/schema\\\/logo\\\/image\\\/\"},\"sameAs\":[\"https:\\\/\\\/www.facebook.com\\\/ptieuropa\",\"https:\\\/\\\/x.com\\\/ptieu\",\"https:\\\/\\\/www.linkedin.com\\\/company\\\/pti-europa-a-s\\\/\"]}]}<\/script>\n<!-- \/ Yoast SEO plugin. -->","yoast_head_json":{"title":"Spannh\u00fclsen - PTI","robots":{"index":"index","follow":"follow","max-snippet":"max-snippet:-1","max-image-preview":"max-image-preview:large","max-video-preview":"max-video-preview:-1"},"canonical":"https:\/\/pti.eu\/de\/produkte\/zubehor\/spannhuelsen\/","og_locale":"de_DE","og_type":"article","og_title":"Spannh\u00fclsen - PTI","og_url":"https:\/\/pti.eu\/de\/produkte\/zubehor\/spannhuelsen\/","og_site_name":"PTI","article_publisher":"https:\/\/www.facebook.com\/ptieuropa","article_modified_time":"2024-08-19T08:40:13+00:00","twitter_card":"summary_large_image","twitter_site":"@ptieu","twitter_misc":{"Gesch\u00e4tzte Lesezeit":"6 minutes"},"schema":{"@context":"https:\/\/schema.org","@graph":[{"@type":"WebPage","@id":"https:\/\/pti.eu\/de\/produkte\/zubehor\/spannhuelsen\/","url":"https:\/\/pti.eu\/de\/produkte\/zubehor\/spannhuelsen\/","name":"Spannh\u00fclsen - PTI","isPartOf":{"@id":"https:\/\/pti.eu\/de\/#website"},"datePublished":"2019-03-15T09:57:59+00:00","dateModified":"2024-08-19T08:40:13+00:00","breadcrumb":{"@id":"https:\/\/pti.eu\/de\/produkte\/zubehor\/spannhuelsen\/#breadcrumb"},"inLanguage":"de-DE","potentialAction":[{"@type":"ReadAction","target":["https:\/\/pti.eu\/de\/produkte\/zubehor\/spannhuelsen\/"]}]},{"@type":"BreadcrumbList","@id":"https:\/\/pti.eu\/de\/produkte\/zubehor\/spannhuelsen\/#breadcrumb","itemListElement":[{"@type":"ListItem","position":1,"name":"Home","item":"https:\/\/pti.eu\/de\/home\/"},{"@type":"ListItem","position":2,"name":"Produkte","item":"https:\/\/pti.eu\/de\/produkte\/"},{"@type":"ListItem","position":3,"name":"Zubeh\u00f6r","item":"https:\/\/pti.eu\/de\/produkte\/zubehor\/"},{"@type":"ListItem","position":4,"name":"Spannh\u00fclsen"}]},{"@type":"WebSite","@id":"https:\/\/pti.eu\/de\/#website","url":"https:\/\/pti.eu\/de\/","name":"PTI Europa","description":"Bearings &amp; Transmission","publisher":{"@id":"https:\/\/pti.eu\/de\/#organization"},"potentialAction":[{"@type":"SearchAction","target":{"@type":"EntryPoint","urlTemplate":"https:\/\/pti.eu\/de\/?s={search_term_string}"},"query-input":{"@type":"PropertyValueSpecification","valueRequired":true,"valueName":"search_term_string"}}],"inLanguage":"de-DE"},{"@type":"Organization","@id":"https:\/\/pti.eu\/de\/#organization","name":"PTI Europa A\/S","url":"https:\/\/pti.eu\/de\/","logo":{"@type":"ImageObject","inLanguage":"de-DE","@id":"https:\/\/pti.eu\/de\/#\/schema\/logo\/image\/","url":"https:\/\/pti.eu\/wp-content\/uploads\/2021\/05\/PTI-Logo.png","contentUrl":"https:\/\/pti.eu\/wp-content\/uploads\/2021\/05\/PTI-Logo.png","width":673,"height":673,"caption":"PTI Europa A\/S"},"image":{"@id":"https:\/\/pti.eu\/de\/#\/schema\/logo\/image\/"},"sameAs":["https:\/\/www.facebook.com\/ptieuropa","https:\/\/x.com\/ptieu","https:\/\/www.linkedin.com\/company\/pti-europa-a-s\/"]}]}},"_links":{"self":[{"href":"https:\/\/pti.eu\/de\/wp-json\/wp\/v2\/pages\/5460","targetHints":{"allow":["GET"]}}],"collection":[{"href":"https:\/\/pti.eu\/de\/wp-json\/wp\/v2\/pages"}],"about":[{"href":"https:\/\/pti.eu\/de\/wp-json\/wp\/v2\/types\/page"}],"author":[{"embeddable":true,"href":"https:\/\/pti.eu\/de\/wp-json\/wp\/v2\/users\/1"}],"replies":[{"embeddable":true,"href":"https:\/\/pti.eu\/de\/wp-json\/wp\/v2\/comments?post=5460"}],"version-history":[{"count":19,"href":"https:\/\/pti.eu\/de\/wp-json\/wp\/v2\/pages\/5460\/revisions"}],"predecessor-version":[{"id":16428,"href":"https:\/\/pti.eu\/de\/wp-json\/wp\/v2\/pages\/5460\/revisions\/16428"}],"up":[{"embeddable":true,"href":"https:\/\/pti.eu\/de\/wp-json\/wp\/v2\/pages\/381"}],"wp:attachment":[{"href":"https:\/\/pti.eu\/de\/wp-json\/wp\/v2\/media?parent=5460"}],"curies":[{"name":"wp","href":"https:\/\/api.w.org\/{rel}","templated":true}]}}