{"id":5471,"date":"2019-03-15T12:01:57","date_gmt":"2019-03-15T10:01:57","guid":{"rendered":"https:\/\/pti.eu\/?page_id=5471"},"modified":"2019-04-30T09:40:37","modified_gmt":"2019-04-30T07:40:37","slug":"automatische-schmierpatrone","status":"publish","type":"page","link":"https:\/\/pti.eu\/de\/produkte\/zubehor\/automatische-schmierpatrone\/","title":{"rendered":"Automatische Schmierpatrone"},"content":{"rendered":"\n<style type=\"text\/css\" data-created_by=\"avia_inline_auto\" id=\"style-css-av-jv3hezv1-a44d84f2a0c9c0740cd325c28c20341f\">\n#top .av-special-heading.av-jv3hezv1-a44d84f2a0c9c0740cd325c28c20341f{\npadding-bottom:10px;\n}\nbody .av-special-heading.av-jv3hezv1-a44d84f2a0c9c0740cd325c28c20341f .av-special-heading-tag .heading-char{\nfont-size:25px;\n}\n.av-special-heading.av-jv3hezv1-a44d84f2a0c9c0740cd325c28c20341f .av-subheading{\nfont-size:15px;\n}\n<\/style>\n<div  class='av-special-heading av-jv3hezv1-a44d84f2a0c9c0740cd325c28c20341f av-special-heading-h3  avia-builder-el-0  el_before_av_one_full  avia-builder-el-first '><h3 class='av-special-heading-tag '  itemprop=\"headline\"  >Automatische Schmierpatrone<\/h3><div class=\"special-heading-border\"><div class=\"special-heading-inner-border\"><\/div><\/div><\/div>\n\n<style type=\"text\/css\" data-created_by=\"avia_inline_auto\" id=\"style-css-av-31i5sv-0dc2c0da961b14d974e566335510a1ca\">\n.flex_column.av-31i5sv-0dc2c0da961b14d974e566335510a1ca{\nborder-radius:0px 0px 0px 0px;\npadding:0px 0px 0px 0px;\n}\n<\/style>\n<div  class='flex_column av-31i5sv-0dc2c0da961b14d974e566335510a1ca av_one_full  avia-builder-el-1  el_after_av_heading  el_before_av_hr  first flex_column_div av-zero-column-padding  '     ><section  class='av_textblock_section av-jv28pz7a-d3b903a7339e289d8a369185f044cf84 '   itemscope=\"itemscope\" itemtype=\"https:\/\/schema.org\/CreativeWork\" ><div class='avia_textblock'  itemprop=\"text\" ><p>Unser s\u00e4mtlichen Steh- und Flanschlager k\u00f6nnen mit Schmierpatronen ausgestattet werden, die mit Schmierfett gef\u00fcllt werden.<\/p>\n<p>Diese lassen sich sowohl im Innen- als auch im Au\u00dfenbereich, an schwer erreichbaren Stellen und sogar unter Wasser montieren.<\/p>\n<p>Mit Schmierpatronen ist immer sichergestellt, dass das Lager die korrekte Menge an Fett erh\u00e4lt, wodurch teure Instandsetzungen in der Regel vermieden und auf lange Sicht Kosten gespart werden k\u00f6nnen.<\/p>\n<\/div><\/section><\/div>\n\n<style type=\"text\/css\" data-created_by=\"avia_inline_auto\" id=\"style-css-av-jv3hfa8d-759488af2da94d190c93751e2d48a855\">\n#top .hr.hr-invisible.av-jv3hfa8d-759488af2da94d190c93751e2d48a855{\nheight:30px;\n}\n<\/style>\n<div  class='hr av-jv3hfa8d-759488af2da94d190c93751e2d48a855 hr-invisible  avia-builder-el-3  el_after_av_one_full  el_before_av_one_third '><span class='hr-inner '><span class=\"hr-inner-style\"><\/span><\/span><\/div>\n<div class='flex_column_table av-een5t-ab44c5ffaa47b0f7abb64c3d437238f1 sc-av_one_third av-equal-height-column-flextable'>\n<style type=\"text\/css\" data-created_by=\"avia_inline_auto\" id=\"style-css-av-een5t-ab44c5ffaa47b0f7abb64c3d437238f1\">\n.flex_column.av-een5t-ab44c5ffaa47b0f7abb64c3d437238f1{\nborder-radius:0px 0px 0px 0px;\npadding:0px 0px 0px 0px;\n}\n<\/style>\n<div  class='flex_column av-een5t-ab44c5ffaa47b0f7abb64c3d437238f1 av_one_third  avia-builder-el-4  el_after_av_hr  el_before_av_two_third  first flex_column_table_cell av-equal-height-column av-align-middle av-zero-column-padding  '     ><style type=\"text\/css\" data-created_by=\"avia_inline_auto\" id=\"style-css-av-e61o5-5cd96b6cda84f4e52d1d1285df03bd3c\">\n.avia-image-container.av-e61o5-5cd96b6cda84f4e52d1d1285df03bd3c img.avia_image{\nbox-shadow:none;\n}\n.avia-image-container.av-e61o5-5cd96b6cda84f4e52d1d1285df03bd3c .av-image-caption-overlay-center{\ncolor:#ffffff;\n}\n<\/style>\n<div  class='avia-image-container av-e61o5-5cd96b6cda84f4e52d1d1285df03bd3c av-styling- avia-align-center  avia-builder-el-5  avia-builder-el-no-sibling '   itemprop=\"image\" itemscope=\"itemscope\" itemtype=\"https:\/\/schema.org\/ImageObject\" ><div class=\"avia-image-container-inner\"><div class=\"avia-image-overlay-wrap\"><img decoding=\"async\" fetchpriority=\"high\" class='wp-image-4053 avia-img-lazy-loading-not-4053 avia_image ' src=\"https:\/\/pti.eu\/wp-content\/uploads\/2011\/08\/UCP-212-SS-Slot-Grease.jpg\" alt='' title='automatic-lubrication'  height=\"200\" width=\"200\"  itemprop=\"thumbnailUrl\" srcset=\"https:\/\/pti.eu\/wp-content\/uploads\/2011\/08\/UCP-212-SS-Slot-Grease.jpg 200w, https:\/\/pti.eu\/wp-content\/uploads\/2011\/08\/UCP-212-SS-Slot-Grease-80x80.jpg 80w, https:\/\/pti.eu\/wp-content\/uploads\/2011\/08\/UCP-212-SS-Slot-Grease-36x36.jpg 36w, https:\/\/pti.eu\/wp-content\/uploads\/2011\/08\/UCP-212-SS-Slot-Grease-180x180.jpg 180w, https:\/\/pti.eu\/wp-content\/uploads\/2011\/08\/UCP-212-SS-Slot-Grease-120x120.jpg 120w\" sizes=\"(max-width: 200px) 100vw, 200px\" \/><\/div><\/div><\/div><\/div>\n<div class='av-flex-placeholder'><\/div>\n<style type=\"text\/css\" data-created_by=\"avia_inline_auto\" id=\"style-css-av-d9a1h-8c69ee20f8513e593455784cb6c1c827\">\n.flex_column.av-d9a1h-8c69ee20f8513e593455784cb6c1c827{\nborder-radius:0px 0px 0px 0px;\npadding:0px 0px 0px 0px;\n}\n<\/style>\n<div  class='flex_column av-d9a1h-8c69ee20f8513e593455784cb6c1c827 av_two_third  avia-builder-el-6  el_after_av_one_third  avia-builder-el-last  flex_column_table_cell av-equal-height-column av-align-middle av-zero-column-padding  '     ><section  class='av_textblock_section av-cxwbh-db8e7071343855ceb584141af7ed7acf '   itemscope=\"itemscope\" itemtype=\"https:\/\/schema.org\/CreativeWork\" ><div class='avia_textblock'  itemprop=\"text\" ><p><a href=\"http:\/\/pti.eu\/pdf\/adapters\/slotgrease.pdf\" target=\"_blank\" rel=\"noopener noreferrer\">Slot Grease<\/a>\u00a0&#8211; Automatische Lager Schmierung<\/p>\n<\/div><\/section><\/div><\/div><!--close column table wrapper. Autoclose: 1 -->\n","protected":false},"excerpt":{"rendered":"","protected":false},"author":1,"featured_media":0,"parent":381,"menu_order":0,"comment_status":"closed","ping_status":"closed","template":"","meta":{"footnotes":""},"class_list":["post-5471","page","type-page","status-publish","hentry"],"yoast_head":"<!-- This site is optimized with the Yoast SEO plugin v27.5 - https:\/\/yoast.com\/product\/yoast-seo-wordpress\/ -->\n<title>Automatische Schmierpatrone - PTI<\/title>\n<meta name=\"robots\" content=\"index, follow, max-snippet:-1, max-image-preview:large, max-video-preview:-1\" \/>\n<link rel=\"canonical\" href=\"https:\/\/pti.eu\/de\/produkte\/zubehor\/automatische-schmierpatrone\/\" \/>\n<meta property=\"og:locale\" content=\"de_DE\" \/>\n<meta property=\"og:type\" content=\"article\" \/>\n<meta property=\"og:title\" content=\"Automatische Schmierpatrone - PTI\" \/>\n<meta property=\"og:url\" content=\"https:\/\/pti.eu\/de\/produkte\/zubehor\/automatische-schmierpatrone\/\" \/>\n<meta property=\"og:site_name\" content=\"PTI\" \/>\n<meta property=\"article:publisher\" content=\"https:\/\/www.facebook.com\/ptieuropa\" \/>\n<meta property=\"article:modified_time\" content=\"2019-04-30T07:40:37+00:00\" \/>\n<meta name=\"twitter:card\" content=\"summary_large_image\" \/>\n<meta name=\"twitter:site\" content=\"@ptieu\" \/>\n<meta name=\"twitter:label1\" content=\"Gesch\u00e4tzte Lesezeit\" \/>\n\t<meta name=\"twitter:data1\" content=\"3 minutes\" \/>\n<script type=\"application\/ld+json\" class=\"yoast-schema-graph\">{\"@context\":\"https:\\\/\\\/schema.org\",\"@graph\":[{\"@type\":\"WebPage\",\"@id\":\"https:\\\/\\\/pti.eu\\\/de\\\/produkte\\\/zubehor\\\/automatische-schmierpatrone\\\/\",\"url\":\"https:\\\/\\\/pti.eu\\\/de\\\/produkte\\\/zubehor\\\/automatische-schmierpatrone\\\/\",\"name\":\"Automatische Schmierpatrone - PTI\",\"isPartOf\":{\"@id\":\"https:\\\/\\\/pti.eu\\\/de\\\/#website\"},\"datePublished\":\"2019-03-15T10:01:57+00:00\",\"dateModified\":\"2019-04-30T07:40:37+00:00\",\"breadcrumb\":{\"@id\":\"https:\\\/\\\/pti.eu\\\/de\\\/produkte\\\/zubehor\\\/automatische-schmierpatrone\\\/#breadcrumb\"},\"inLanguage\":\"de-DE\",\"potentialAction\":[{\"@type\":\"ReadAction\",\"target\":[\"https:\\\/\\\/pti.eu\\\/de\\\/produkte\\\/zubehor\\\/automatische-schmierpatrone\\\/\"]}]},{\"@type\":\"BreadcrumbList\",\"@id\":\"https:\\\/\\\/pti.eu\\\/de\\\/produkte\\\/zubehor\\\/automatische-schmierpatrone\\\/#breadcrumb\",\"itemListElement\":[{\"@type\":\"ListItem\",\"position\":1,\"name\":\"Home\",\"item\":\"https:\\\/\\\/pti.eu\\\/de\\\/home\\\/\"},{\"@type\":\"ListItem\",\"position\":2,\"name\":\"Produkte\",\"item\":\"https:\\\/\\\/pti.eu\\\/de\\\/produkte\\\/\"},{\"@type\":\"ListItem\",\"position\":3,\"name\":\"Zubeh\u00f6r\",\"item\":\"https:\\\/\\\/pti.eu\\\/de\\\/produkte\\\/zubehor\\\/\"},{\"@type\":\"ListItem\",\"position\":4,\"name\":\"Automatische Schmierpatrone\"}]},{\"@type\":\"WebSite\",\"@id\":\"https:\\\/\\\/pti.eu\\\/de\\\/#website\",\"url\":\"https:\\\/\\\/pti.eu\\\/de\\\/\",\"name\":\"PTI Europa\",\"description\":\"Bearings &amp; Transmission\",\"publisher\":{\"@id\":\"https:\\\/\\\/pti.eu\\\/de\\\/#organization\"},\"potentialAction\":[{\"@type\":\"SearchAction\",\"target\":{\"@type\":\"EntryPoint\",\"urlTemplate\":\"https:\\\/\\\/pti.eu\\\/de\\\/?s={search_term_string}\"},\"query-input\":{\"@type\":\"PropertyValueSpecification\",\"valueRequired\":true,\"valueName\":\"search_term_string\"}}],\"inLanguage\":\"de-DE\"},{\"@type\":\"Organization\",\"@id\":\"https:\\\/\\\/pti.eu\\\/de\\\/#organization\",\"name\":\"PTI Europa A\\\/S\",\"url\":\"https:\\\/\\\/pti.eu\\\/de\\\/\",\"logo\":{\"@type\":\"ImageObject\",\"inLanguage\":\"de-DE\",\"@id\":\"https:\\\/\\\/pti.eu\\\/de\\\/#\\\/schema\\\/logo\\\/image\\\/\",\"url\":\"https:\\\/\\\/pti.eu\\\/wp-content\\\/uploads\\\/2021\\\/05\\\/PTI-Logo.png\",\"contentUrl\":\"https:\\\/\\\/pti.eu\\\/wp-content\\\/uploads\\\/2021\\\/05\\\/PTI-Logo.png\",\"width\":673,\"height\":673,\"caption\":\"PTI Europa A\\\/S\"},\"image\":{\"@id\":\"https:\\\/\\\/pti.eu\\\/de\\\/#\\\/schema\\\/logo\\\/image\\\/\"},\"sameAs\":[\"https:\\\/\\\/www.facebook.com\\\/ptieuropa\",\"https:\\\/\\\/x.com\\\/ptieu\",\"https:\\\/\\\/www.linkedin.com\\\/company\\\/pti-europa-a-s\\\/\"]}]}<\/script>\n<!-- \/ Yoast SEO plugin. -->","yoast_head_json":{"title":"Automatische Schmierpatrone - PTI","robots":{"index":"index","follow":"follow","max-snippet":"max-snippet:-1","max-image-preview":"max-image-preview:large","max-video-preview":"max-video-preview:-1"},"canonical":"https:\/\/pti.eu\/de\/produkte\/zubehor\/automatische-schmierpatrone\/","og_locale":"de_DE","og_type":"article","og_title":"Automatische Schmierpatrone - PTI","og_url":"https:\/\/pti.eu\/de\/produkte\/zubehor\/automatische-schmierpatrone\/","og_site_name":"PTI","article_publisher":"https:\/\/www.facebook.com\/ptieuropa","article_modified_time":"2019-04-30T07:40:37+00:00","twitter_card":"summary_large_image","twitter_site":"@ptieu","twitter_misc":{"Gesch\u00e4tzte Lesezeit":"3 minutes"},"schema":{"@context":"https:\/\/schema.org","@graph":[{"@type":"WebPage","@id":"https:\/\/pti.eu\/de\/produkte\/zubehor\/automatische-schmierpatrone\/","url":"https:\/\/pti.eu\/de\/produkte\/zubehor\/automatische-schmierpatrone\/","name":"Automatische Schmierpatrone - PTI","isPartOf":{"@id":"https:\/\/pti.eu\/de\/#website"},"datePublished":"2019-03-15T10:01:57+00:00","dateModified":"2019-04-30T07:40:37+00:00","breadcrumb":{"@id":"https:\/\/pti.eu\/de\/produkte\/zubehor\/automatische-schmierpatrone\/#breadcrumb"},"inLanguage":"de-DE","potentialAction":[{"@type":"ReadAction","target":["https:\/\/pti.eu\/de\/produkte\/zubehor\/automatische-schmierpatrone\/"]}]},{"@type":"BreadcrumbList","@id":"https:\/\/pti.eu\/de\/produkte\/zubehor\/automatische-schmierpatrone\/#breadcrumb","itemListElement":[{"@type":"ListItem","position":1,"name":"Home","item":"https:\/\/pti.eu\/de\/home\/"},{"@type":"ListItem","position":2,"name":"Produkte","item":"https:\/\/pti.eu\/de\/produkte\/"},{"@type":"ListItem","position":3,"name":"Zubeh\u00f6r","item":"https:\/\/pti.eu\/de\/produkte\/zubehor\/"},{"@type":"ListItem","position":4,"name":"Automatische Schmierpatrone"}]},{"@type":"WebSite","@id":"https:\/\/pti.eu\/de\/#website","url":"https:\/\/pti.eu\/de\/","name":"PTI Europa","description":"Bearings &amp; Transmission","publisher":{"@id":"https:\/\/pti.eu\/de\/#organization"},"potentialAction":[{"@type":"SearchAction","target":{"@type":"EntryPoint","urlTemplate":"https:\/\/pti.eu\/de\/?s={search_term_string}"},"query-input":{"@type":"PropertyValueSpecification","valueRequired":true,"valueName":"search_term_string"}}],"inLanguage":"de-DE"},{"@type":"Organization","@id":"https:\/\/pti.eu\/de\/#organization","name":"PTI Europa A\/S","url":"https:\/\/pti.eu\/de\/","logo":{"@type":"ImageObject","inLanguage":"de-DE","@id":"https:\/\/pti.eu\/de\/#\/schema\/logo\/image\/","url":"https:\/\/pti.eu\/wp-content\/uploads\/2021\/05\/PTI-Logo.png","contentUrl":"https:\/\/pti.eu\/wp-content\/uploads\/2021\/05\/PTI-Logo.png","width":673,"height":673,"caption":"PTI Europa A\/S"},"image":{"@id":"https:\/\/pti.eu\/de\/#\/schema\/logo\/image\/"},"sameAs":["https:\/\/www.facebook.com\/ptieuropa","https:\/\/x.com\/ptieu","https:\/\/www.linkedin.com\/company\/pti-europa-a-s\/"]}]}},"_links":{"self":[{"href":"https:\/\/pti.eu\/de\/wp-json\/wp\/v2\/pages\/5471","targetHints":{"allow":["GET"]}}],"collection":[{"href":"https:\/\/pti.eu\/de\/wp-json\/wp\/v2\/pages"}],"about":[{"href":"https:\/\/pti.eu\/de\/wp-json\/wp\/v2\/types\/page"}],"author":[{"embeddable":true,"href":"https:\/\/pti.eu\/de\/wp-json\/wp\/v2\/users\/1"}],"replies":[{"embeddable":true,"href":"https:\/\/pti.eu\/de\/wp-json\/wp\/v2\/comments?post=5471"}],"version-history":[{"count":6,"href":"https:\/\/pti.eu\/de\/wp-json\/wp\/v2\/pages\/5471\/revisions"}],"predecessor-version":[{"id":6040,"href":"https:\/\/pti.eu\/de\/wp-json\/wp\/v2\/pages\/5471\/revisions\/6040"}],"up":[{"embeddable":true,"href":"https:\/\/pti.eu\/de\/wp-json\/wp\/v2\/pages\/381"}],"wp:attachment":[{"href":"https:\/\/pti.eu\/de\/wp-json\/wp\/v2\/media?parent=5471"}],"curies":[{"name":"wp","href":"https:\/\/api.w.org\/{rel}","templated":true}]}}