{"id":6285,"date":"2019-05-01T09:23:01","date_gmt":"2019-05-01T07:23:01","guid":{"rendered":"https:\/\/pti.eu\/?page_id=6285"},"modified":"2024-08-19T12:01:10","modified_gmt":"2024-08-19T10:01:10","slug":"schraegkugellager","status":"publish","type":"page","link":"https:\/\/pti.eu\/de\/produkte\/kugel-und-walzlager\/schraegkugellager\/","title":{"rendered":"Schr\u00e4gkugellager"},"content":{"rendered":"\n<style type=\"text\/css\" data-created_by=\"avia_inline_auto\" id=\"style-css-av-adkyd0-0afba39efa6f2035fde20f7d06897811\">\n.flex_column.av-adkyd0-0afba39efa6f2035fde20f7d06897811{\nborder-radius:0px 0px 0px 0px;\npadding:0px 0px 0px 0px;\n}\n<\/style>\n<div  class='flex_column av-adkyd0-0afba39efa6f2035fde20f7d06897811 av_one_full  avia-builder-el-0  el_before_av_hr  avia-builder-el-first  first flex_column_div av-zero-column-padding  '     ><p>\n<style type=\"text\/css\" data-created_by=\"avia_inline_auto\" id=\"style-css-av-27an71-efa5180126b81b726a6abbb9a6117321\">\n#top .av-special-heading.av-27an71-efa5180126b81b726a6abbb9a6117321{\npadding-bottom:10px;\n}\nbody .av-special-heading.av-27an71-efa5180126b81b726a6abbb9a6117321 .av-special-heading-tag .heading-char{\nfont-size:25px;\n}\n.av-special-heading.av-27an71-efa5180126b81b726a6abbb9a6117321 .av-subheading{\nfont-size:15px;\n}\n<\/style>\n<div  class='av-special-heading av-27an71-efa5180126b81b726a6abbb9a6117321 av-special-heading-h6  avia-builder-el-1  el_before_av_textblock  avia-builder-el-first '><h6 class='av-special-heading-tag '  itemprop=\"headline\"  >Schr\u00e4gkugellager<\/h6><div class=\"special-heading-border\"><div class=\"special-heading-inner-border\"><\/div><\/div><\/div><br \/>\n<section  class='av_textblock_section av-a2zyb8-6abc5550de55947526d2acff96baeaed '   itemscope=\"itemscope\" itemtype=\"https:\/\/schema.org\/CreativeWork\" ><div class='avia_textblock'  itemprop=\"text\" ><p>Einreihige Schr\u00e4gkugellager haben einen Kontaktwinkel, d. H., dass die inneren und \u00e4u\u00dferen Laufbahnen in Richtung der Lagerachse relativ zueinander versetzt sind, wodurch sie in der Lage sind, erhebliche axiale Lasten in einer Richtung aufzunehmen.<\/p>\n<p>Diese Lager werden h\u00e4ufig gegen ein zweites Lager montiert.<\/p>\n<p>Sie eignen sich f\u00fcr schnelle Beschleunigungen und Verz\u00f6gerungen.<\/p>\n<p>Unsere einreihige Schr\u00e4gkugellager haben einen 40\u00b0 Druckwinkel.<\/p>\n<\/div><\/section><\/p><\/div>\n\n<style type=\"text\/css\" data-created_by=\"avia_inline_auto\" id=\"style-css-av-jwuf1vhp-2b6e730c1461838ad701fcc02b3994ec\">\n#top .hr.hr-invisible.av-jwuf1vhp-2b6e730c1461838ad701fcc02b3994ec{\nheight:30px;\n}\n<\/style>\n<div  class='hr av-jwuf1vhp-2b6e730c1461838ad701fcc02b3994ec hr-invisible  avia-builder-el-3  el_after_av_one_full  el_before_av_icon_box '><span class='hr-inner '><span class=\"hr-inner-style\"><\/span><\/span><\/div>\n\n<style type=\"text\/css\" data-created_by=\"avia_inline_auto\" id=\"style-css-av-jwuez05e-cfed51b9ef7e319455141d6ae2cae189\">\n.iconbox.av-jwuez05e-cfed51b9ef7e319455141d6ae2cae189 .iconbox_icon{\nbackground-color:#201d5b;\ncolor:#ffffff;\n}\n.iconbox.av-jwuez05e-cfed51b9ef7e319455141d6ae2cae189 .iconbox_icon.avia-svg-icon svg:first-child{\nfill:#ffffff;\nstroke:#ffffff;\n}\n<\/style>\n<article  class='iconbox iconbox_left_content av-jwuez05e-cfed51b9ef7e319455141d6ae2cae189  avia-builder-el-4  el_after_av_hr  el_before_av_hr '  itemscope=\"itemscope\" itemtype=\"https:\/\/schema.org\/CreativeWork\" ><a href='https:\/\/pti.eu\/de\/produkte\/kugel-und-walzlager\/schraegkugellager\/' title='Online Bestellen' aria-label='Online Bestellen'  target=\"_blank\"  rel=\"noopener noreferrer\" class='iconbox_icon heading-color avia-iconfont avia-font-entypo-fontello' data-av_icon='\ue859' data-av_iconfont='entypo-fontello' title=\"Online Bestellen\" desc=\"Online Bestellen\" ><\/a><div class=\"iconbox_content\"><header class=\"entry-content-header\" aria-label=\"Icon: Online Bestellen\"><h3 class='iconbox_content_title '  itemprop=\"headline\" ><a href='https:\/\/pti.eu\/de\/produkte\/kugel-und-walzlager\/schraegkugellager\/' title='Online Bestellen'  target=\"_blank\"  rel=\"noopener noreferrer\">Online Bestellen<\/a><\/h3><\/header><div class='iconbox_content_container '  itemprop=\"text\" ><p>Sehen Sie die Verf\u00fcgbarkeit und Ihre Preise in unserem <a href=\"https:\/\/pti.eu\/de\/produkte\/kugel-und-walzlager\/schraegkugellager\/\">Webshop<\/a>.<\/p>\n<p>Benutzen Sie Ihre Zugangsdaten um die Nettopreise zu sehen. Haben Sie diese nicht, erstellen Sie ein Konto <strong><a href=\"https:\/\/shop.pti.eu\/de\/konto-einrichten\">hier<\/a>.<\/strong><\/p>\n<\/div><\/div><footer class=\"entry-footer\"><\/footer><\/article>\n\n<style type=\"text\/css\" data-created_by=\"avia_inline_auto\" id=\"style-css-av-jwuf1vhp-1-b5e4e3efad5ea20b438dac45aaf43b2d\">\n#top .hr.hr-invisible.av-jwuf1vhp-1-b5e4e3efad5ea20b438dac45aaf43b2d{\nheight:10px;\n}\n<\/style>\n<div  class='hr av-jwuf1vhp-1-b5e4e3efad5ea20b438dac45aaf43b2d hr-invisible  avia-builder-el-5  el_after_av_icon_box  el_before_av_one_third '><span class='hr-inner '><span class=\"hr-inner-style\"><\/span><\/span><\/div>\n<div class='flex_column_table av-9w6inw-e93aab84259b46638b4a4035bcb8fa32 sc-av_one_third av-equal-height-column-flextable'>\n<style type=\"text\/css\" data-created_by=\"avia_inline_auto\" id=\"style-css-av-9w6inw-e93aab84259b46638b4a4035bcb8fa32\">\n.flex_column.av-9w6inw-e93aab84259b46638b4a4035bcb8fa32{\nborder-radius:0px 0px 0px 0px;\npadding:0px 0px 0px 0px;\n}\n<\/style>\n<div  class='flex_column av-9w6inw-e93aab84259b46638b4a4035bcb8fa32 av_one_third  avia-builder-el-6  el_after_av_hr  el_before_av_two_third  first flex_column_table_cell av-equal-height-column av-align-middle av-zero-column-padding  '     ><style type=\"text\/css\" data-created_by=\"avia_inline_auto\" id=\"style-css-av-9qnm64-aed1938952e36fbb359ae57dacc9da8d\">\n.avia-image-container.av-9qnm64-aed1938952e36fbb359ae57dacc9da8d img.avia_image{\nbox-shadow:none;\n}\n.avia-image-container.av-9qnm64-aed1938952e36fbb359ae57dacc9da8d .av-image-caption-overlay-center{\ncolor:#ffffff;\n}\n<\/style>\n<div  class='avia-image-container av-9qnm64-aed1938952e36fbb359ae57dacc9da8d av-styling- avia-align-center  avia-builder-el-7  avia-builder-el-no-sibling '   itemprop=\"image\" itemscope=\"itemscope\" itemtype=\"https:\/\/schema.org\/ImageObject\" ><div class=\"avia-image-container-inner\"><div class=\"avia-image-overlay-wrap\"><img decoding=\"async\" fetchpriority=\"high\" class='wp-image-2462 avia-img-lazy-loading-not-2462 avia_image ' src=\"https:\/\/pti.eu\/wp-content\/uploads\/2016\/10\/7210.jpg\" alt='' title='7210'  height=\"200\" width=\"200\"  itemprop=\"thumbnailUrl\" srcset=\"https:\/\/pti.eu\/wp-content\/uploads\/2016\/10\/7210.jpg 200w, https:\/\/pti.eu\/wp-content\/uploads\/2016\/10\/7210-80x80.jpg 80w, https:\/\/pti.eu\/wp-content\/uploads\/2016\/10\/7210-36x36.jpg 36w, https:\/\/pti.eu\/wp-content\/uploads\/2016\/10\/7210-180x180.jpg 180w, https:\/\/pti.eu\/wp-content\/uploads\/2016\/10\/7210-120x120.jpg 120w\" sizes=\"(max-width: 200px) 100vw, 200px\" \/><\/div><\/div><\/div><\/div>\n<div class='av-flex-placeholder'><\/div>\n<style type=\"text\/css\" data-created_by=\"avia_inline_auto\" id=\"style-css-av-9k30f8-dec23d5fa310b24299878edbb98f0864\">\n.flex_column.av-9k30f8-dec23d5fa310b24299878edbb98f0864{\nborder-radius:0px 0px 0px 0px;\npadding:0px 0px 0px 0px;\n}\n<\/style>\n<div  class='flex_column av-9k30f8-dec23d5fa310b24299878edbb98f0864 av_two_third  avia-builder-el-8  el_after_av_one_third  avia-builder-el-last  flex_column_table_cell av-equal-height-column av-align-middle av-zero-column-padding  '     ><section  class='av_textblock_section av-xr3do-98f9c0b15a81c33652902c20737c2639 '   itemscope=\"itemscope\" itemtype=\"https:\/\/schema.org\/CreativeWork\" ><div class='avia_textblock'  itemprop=\"text\" ><p><a href=\"https:\/\/pti.eu\/pdf\/lejer\/angularcontact\/7000.pdf\" target=\"_blank\" rel=\"noopener\">7000 Serie<\/a>\u00a0&#8211; Schr\u00e4gkugellager<\/p>\n<p><a href=\"https:\/\/pti.eu\/pdf\/lejer\/angularcontact\/7200.pdf\" target=\"_blank\" rel=\"noopener\">7200 Serie<\/a>\u00a0&#8211; Schr\u00e4gkugellager<\/p>\n<p><a href=\"https:\/\/pti.eu\/pdf\/lejer\/angularcontact\/7300.pdf\" target=\"_blank\" rel=\"noopener\">7300 Serie<\/a>\u00a0&#8211; Schr\u00e4gkugellager<\/p>\n<\/div><\/section><\/div><\/div><!--close column table wrapper. Autoclose: 1 -->\n","protected":false},"excerpt":{"rendered":"","protected":false},"author":1,"featured_media":0,"parent":420,"menu_order":0,"comment_status":"closed","ping_status":"closed","template":"","meta":{"footnotes":""},"class_list":["post-6285","page","type-page","status-publish","hentry"],"yoast_head":"<!-- This site is optimized with the Yoast SEO plugin v27.5 - https:\/\/yoast.com\/product\/yoast-seo-wordpress\/ -->\n<title>Schr\u00e4gkugellager - PTI<\/title>\n<meta name=\"robots\" content=\"index, follow, max-snippet:-1, max-image-preview:large, max-video-preview:-1\" \/>\n<link rel=\"canonical\" href=\"https:\/\/pti.eu\/de\/produkte\/kugel-und-walzlager\/schraegkugellager\/\" \/>\n<meta property=\"og:locale\" content=\"de_DE\" \/>\n<meta property=\"og:type\" content=\"article\" \/>\n<meta property=\"og:title\" content=\"Schr\u00e4gkugellager - PTI\" \/>\n<meta property=\"og:url\" content=\"https:\/\/pti.eu\/de\/produkte\/kugel-und-walzlager\/schraegkugellager\/\" \/>\n<meta property=\"og:site_name\" content=\"PTI\" \/>\n<meta property=\"article:publisher\" content=\"https:\/\/www.facebook.com\/ptieuropa\" \/>\n<meta property=\"article:modified_time\" content=\"2024-08-19T10:01:10+00:00\" \/>\n<meta name=\"twitter:card\" content=\"summary_large_image\" \/>\n<meta name=\"twitter:site\" content=\"@ptieu\" \/>\n<meta name=\"twitter:label1\" content=\"Gesch\u00e4tzte Lesezeit\" \/>\n\t<meta name=\"twitter:data1\" content=\"3 minutes\" \/>\n<script type=\"application\/ld+json\" class=\"yoast-schema-graph\">{\"@context\":\"https:\\\/\\\/schema.org\",\"@graph\":[{\"@type\":\"WebPage\",\"@id\":\"https:\\\/\\\/pti.eu\\\/de\\\/produkte\\\/kugel-und-walzlager\\\/schraegkugellager\\\/\",\"url\":\"https:\\\/\\\/pti.eu\\\/de\\\/produkte\\\/kugel-und-walzlager\\\/schraegkugellager\\\/\",\"name\":\"Schr\u00e4gkugellager - PTI\",\"isPartOf\":{\"@id\":\"https:\\\/\\\/pti.eu\\\/de\\\/#website\"},\"datePublished\":\"2019-05-01T07:23:01+00:00\",\"dateModified\":\"2024-08-19T10:01:10+00:00\",\"breadcrumb\":{\"@id\":\"https:\\\/\\\/pti.eu\\\/de\\\/produkte\\\/kugel-und-walzlager\\\/schraegkugellager\\\/#breadcrumb\"},\"inLanguage\":\"de-DE\",\"potentialAction\":[{\"@type\":\"ReadAction\",\"target\":[\"https:\\\/\\\/pti.eu\\\/de\\\/produkte\\\/kugel-und-walzlager\\\/schraegkugellager\\\/\"]}]},{\"@type\":\"BreadcrumbList\",\"@id\":\"https:\\\/\\\/pti.eu\\\/de\\\/produkte\\\/kugel-und-walzlager\\\/schraegkugellager\\\/#breadcrumb\",\"itemListElement\":[{\"@type\":\"ListItem\",\"position\":1,\"name\":\"Home\",\"item\":\"https:\\\/\\\/pti.eu\\\/de\\\/home\\\/\"},{\"@type\":\"ListItem\",\"position\":2,\"name\":\"Produkte\",\"item\":\"https:\\\/\\\/pti.eu\\\/de\\\/produkte\\\/\"},{\"@type\":\"ListItem\",\"position\":3,\"name\":\"Kugel- und W\u00e4lzlager\",\"item\":\"https:\\\/\\\/pti.eu\\\/de\\\/produkte\\\/kugel-und-walzlager\\\/\"},{\"@type\":\"ListItem\",\"position\":4,\"name\":\"Schr\u00e4gkugellager\"}]},{\"@type\":\"WebSite\",\"@id\":\"https:\\\/\\\/pti.eu\\\/de\\\/#website\",\"url\":\"https:\\\/\\\/pti.eu\\\/de\\\/\",\"name\":\"PTI Europa\",\"description\":\"Bearings &amp; Transmission\",\"publisher\":{\"@id\":\"https:\\\/\\\/pti.eu\\\/de\\\/#organization\"},\"potentialAction\":[{\"@type\":\"SearchAction\",\"target\":{\"@type\":\"EntryPoint\",\"urlTemplate\":\"https:\\\/\\\/pti.eu\\\/de\\\/?s={search_term_string}\"},\"query-input\":{\"@type\":\"PropertyValueSpecification\",\"valueRequired\":true,\"valueName\":\"search_term_string\"}}],\"inLanguage\":\"de-DE\"},{\"@type\":\"Organization\",\"@id\":\"https:\\\/\\\/pti.eu\\\/de\\\/#organization\",\"name\":\"PTI Europa A\\\/S\",\"url\":\"https:\\\/\\\/pti.eu\\\/de\\\/\",\"logo\":{\"@type\":\"ImageObject\",\"inLanguage\":\"de-DE\",\"@id\":\"https:\\\/\\\/pti.eu\\\/de\\\/#\\\/schema\\\/logo\\\/image\\\/\",\"url\":\"https:\\\/\\\/pti.eu\\\/wp-content\\\/uploads\\\/2021\\\/05\\\/PTI-Logo.png\",\"contentUrl\":\"https:\\\/\\\/pti.eu\\\/wp-content\\\/uploads\\\/2021\\\/05\\\/PTI-Logo.png\",\"width\":673,\"height\":673,\"caption\":\"PTI Europa A\\\/S\"},\"image\":{\"@id\":\"https:\\\/\\\/pti.eu\\\/de\\\/#\\\/schema\\\/logo\\\/image\\\/\"},\"sameAs\":[\"https:\\\/\\\/www.facebook.com\\\/ptieuropa\",\"https:\\\/\\\/x.com\\\/ptieu\",\"https:\\\/\\\/www.linkedin.com\\\/company\\\/pti-europa-a-s\\\/\"]}]}<\/script>\n<!-- \/ Yoast SEO plugin. -->","yoast_head_json":{"title":"Schr\u00e4gkugellager - PTI","robots":{"index":"index","follow":"follow","max-snippet":"max-snippet:-1","max-image-preview":"max-image-preview:large","max-video-preview":"max-video-preview:-1"},"canonical":"https:\/\/pti.eu\/de\/produkte\/kugel-und-walzlager\/schraegkugellager\/","og_locale":"de_DE","og_type":"article","og_title":"Schr\u00e4gkugellager - PTI","og_url":"https:\/\/pti.eu\/de\/produkte\/kugel-und-walzlager\/schraegkugellager\/","og_site_name":"PTI","article_publisher":"https:\/\/www.facebook.com\/ptieuropa","article_modified_time":"2024-08-19T10:01:10+00:00","twitter_card":"summary_large_image","twitter_site":"@ptieu","twitter_misc":{"Gesch\u00e4tzte Lesezeit":"3 minutes"},"schema":{"@context":"https:\/\/schema.org","@graph":[{"@type":"WebPage","@id":"https:\/\/pti.eu\/de\/produkte\/kugel-und-walzlager\/schraegkugellager\/","url":"https:\/\/pti.eu\/de\/produkte\/kugel-und-walzlager\/schraegkugellager\/","name":"Schr\u00e4gkugellager - PTI","isPartOf":{"@id":"https:\/\/pti.eu\/de\/#website"},"datePublished":"2019-05-01T07:23:01+00:00","dateModified":"2024-08-19T10:01:10+00:00","breadcrumb":{"@id":"https:\/\/pti.eu\/de\/produkte\/kugel-und-walzlager\/schraegkugellager\/#breadcrumb"},"inLanguage":"de-DE","potentialAction":[{"@type":"ReadAction","target":["https:\/\/pti.eu\/de\/produkte\/kugel-und-walzlager\/schraegkugellager\/"]}]},{"@type":"BreadcrumbList","@id":"https:\/\/pti.eu\/de\/produkte\/kugel-und-walzlager\/schraegkugellager\/#breadcrumb","itemListElement":[{"@type":"ListItem","position":1,"name":"Home","item":"https:\/\/pti.eu\/de\/home\/"},{"@type":"ListItem","position":2,"name":"Produkte","item":"https:\/\/pti.eu\/de\/produkte\/"},{"@type":"ListItem","position":3,"name":"Kugel- und W\u00e4lzlager","item":"https:\/\/pti.eu\/de\/produkte\/kugel-und-walzlager\/"},{"@type":"ListItem","position":4,"name":"Schr\u00e4gkugellager"}]},{"@type":"WebSite","@id":"https:\/\/pti.eu\/de\/#website","url":"https:\/\/pti.eu\/de\/","name":"PTI Europa","description":"Bearings &amp; Transmission","publisher":{"@id":"https:\/\/pti.eu\/de\/#organization"},"potentialAction":[{"@type":"SearchAction","target":{"@type":"EntryPoint","urlTemplate":"https:\/\/pti.eu\/de\/?s={search_term_string}"},"query-input":{"@type":"PropertyValueSpecification","valueRequired":true,"valueName":"search_term_string"}}],"inLanguage":"de-DE"},{"@type":"Organization","@id":"https:\/\/pti.eu\/de\/#organization","name":"PTI Europa A\/S","url":"https:\/\/pti.eu\/de\/","logo":{"@type":"ImageObject","inLanguage":"de-DE","@id":"https:\/\/pti.eu\/de\/#\/schema\/logo\/image\/","url":"https:\/\/pti.eu\/wp-content\/uploads\/2021\/05\/PTI-Logo.png","contentUrl":"https:\/\/pti.eu\/wp-content\/uploads\/2021\/05\/PTI-Logo.png","width":673,"height":673,"caption":"PTI Europa A\/S"},"image":{"@id":"https:\/\/pti.eu\/de\/#\/schema\/logo\/image\/"},"sameAs":["https:\/\/www.facebook.com\/ptieuropa","https:\/\/x.com\/ptieu","https:\/\/www.linkedin.com\/company\/pti-europa-a-s\/"]}]}},"_links":{"self":[{"href":"https:\/\/pti.eu\/de\/wp-json\/wp\/v2\/pages\/6285","targetHints":{"allow":["GET"]}}],"collection":[{"href":"https:\/\/pti.eu\/de\/wp-json\/wp\/v2\/pages"}],"about":[{"href":"https:\/\/pti.eu\/de\/wp-json\/wp\/v2\/types\/page"}],"author":[{"embeddable":true,"href":"https:\/\/pti.eu\/de\/wp-json\/wp\/v2\/users\/1"}],"replies":[{"embeddable":true,"href":"https:\/\/pti.eu\/de\/wp-json\/wp\/v2\/comments?post=6285"}],"version-history":[{"count":10,"href":"https:\/\/pti.eu\/de\/wp-json\/wp\/v2\/pages\/6285\/revisions"}],"predecessor-version":[{"id":14004,"href":"https:\/\/pti.eu\/de\/wp-json\/wp\/v2\/pages\/6285\/revisions\/14004"}],"up":[{"embeddable":true,"href":"https:\/\/pti.eu\/de\/wp-json\/wp\/v2\/pages\/420"}],"wp:attachment":[{"href":"https:\/\/pti.eu\/de\/wp-json\/wp\/v2\/media?parent=6285"}],"curies":[{"name":"wp","href":"https:\/\/api.w.org\/{rel}","templated":true}]}}