{"id":798,"date":"2012-11-23T10:31:38","date_gmt":"2012-11-23T08:31:38","guid":{"rendered":"http:\/\/pti.eu\/?page_id=798"},"modified":"2026-01-13T14:04:03","modified_gmt":"2026-01-13T12:04:03","slug":"hochtemperatur","status":"publish","type":"page","link":"https:\/\/pti.eu\/de\/produkte\/hochtemperatur\/","title":{"rendered":"Hochtemperatur"},"content":{"rendered":"\n<style type=\"text\/css\" data-created_by=\"avia_inline_auto\" id=\"style-css-av-dhvcu-2855460403ad14373fbcfe914094723e\">\n#top .av-special-heading.av-dhvcu-2855460403ad14373fbcfe914094723e{\npadding-bottom:10px;\n}\nbody .av-special-heading.av-dhvcu-2855460403ad14373fbcfe914094723e .av-special-heading-tag .heading-char{\nfont-size:25px;\n}\n.av-special-heading.av-dhvcu-2855460403ad14373fbcfe914094723e .av-subheading{\nfont-size:15px;\n}\n<\/style>\n<div  class='av-special-heading av-dhvcu-2855460403ad14373fbcfe914094723e av-special-heading-h3  avia-builder-el-0  el_before_av_textblock  avia-builder-el-first  av-linked-heading'><h3 class='av-special-heading-tag '  itemprop=\"headline\"  >Hochtemperatur<\/h3><div class=\"special-heading-border\"><div class=\"special-heading-inner-border\"><\/div><\/div><\/div>\n<section  class='av_textblock_section av-14qa3y-668aa387804c954e8a90f671ff32d61f '   itemscope=\"itemscope\" itemtype=\"https:\/\/schema.org\/CreativeWork\" ><div class='avia_textblock'  itemprop=\"text\" ><p>Diese Hochtemperaturlager ers\u00e4tzen die normalen Kugellager in Unseren Geh\u00e4uselagern, damit \u00e4ndert mann das Geh\u00e4uselager zu einer Hochtemperatur Version. Die Datenbl\u00e4tter f\u00fcr die normalen Geh\u00e4uselager finden Sie im Link unten, die Daten f\u00fcr die einzelnen Hochtemperaturlager sind in der Tabelle.<\/p>\n<p><a href=\"https:\/\/pti.eu\/de\/produkte\/gehauselager\/\">Geh\u00e4uselager<\/a><\/p>\n<\/div><\/section>\n\n<style type=\"text\/css\" data-created_by=\"avia_inline_auto\" id=\"style-css-av-jwuf1vhp-2b6e730c1461838ad701fcc02b3994ec\">\n#top .hr.hr-invisible.av-jwuf1vhp-2b6e730c1461838ad701fcc02b3994ec{\nheight:30px;\n}\n<\/style>\n<div  class='hr av-jwuf1vhp-2b6e730c1461838ad701fcc02b3994ec hr-invisible  avia-builder-el-2  el_after_av_textblock  el_before_av_icon_box '><span class='hr-inner '><span class=\"hr-inner-style\"><\/span><\/span><\/div>\n\n<style type=\"text\/css\" data-created_by=\"avia_inline_auto\" id=\"style-css-av-jwuez05e-d25ebf66e59a4c60f40b8b559f69db16\">\n.iconbox.av-jwuez05e-d25ebf66e59a4c60f40b8b559f69db16 .iconbox_icon{\nbackground-color:#201d5b;\ncolor:#ffffff;\n}\n.iconbox.av-jwuez05e-d25ebf66e59a4c60f40b8b559f69db16 .iconbox_icon.avia-svg-icon svg:first-child{\nfill:#ffffff;\nstroke:#ffffff;\n}\n<\/style>\n<article  class='iconbox iconbox_left_content av-jwuez05e-d25ebf66e59a4c60f40b8b559f69db16  avia-builder-el-3  el_after_av_hr  el_before_av_heading '  itemscope=\"itemscope\" itemtype=\"https:\/\/schema.org\/CreativeWork\" ><a href='https:\/\/shop.pti.eu\/de\/produkter\/lagereinstze?page=1&#038;filter%5Bdata.attributedata.spec_temperatur%5D=Max.%2B200%25C2%25B0C,Max.%2B270%25C2%25B0C,Max.%2B350%25C2%25B0C' title='Online Bestellen' aria-label='Online Bestellen'  target=\"_blank\"  rel=\"noopener noreferrer\" class='iconbox_icon heading-color avia-iconfont avia-font-entypo-fontello' data-av_icon='\ue859' data-av_iconfont='entypo-fontello' title=\"Online Bestellen\" desc=\"Online Bestellen\" ><\/a><div class=\"iconbox_content\"><header class=\"entry-content-header\" aria-label=\"Icon: Online Bestellen\"><h3 class='iconbox_content_title '  itemprop=\"headline\" ><a href='https:\/\/shop.pti.eu\/de\/produkter\/lagereinstze?page=1&#038;filter%5Bdata.attributedata.spec_temperatur%5D=Max.%2B200%25C2%25B0C,Max.%2B270%25C2%25B0C,Max.%2B350%25C2%25B0C' title='Online Bestellen'  target=\"_blank\"  rel=\"noopener noreferrer\">Online Bestellen<\/a><\/h3><\/header><div class='iconbox_content_container '  itemprop=\"text\" ><p>Sehen Sie die Verf\u00fcgbarkeit und Ihre Preise in unserem <a href=\"https:\/\/shop.pti.eu\/de\/produkter\/lagereinstze?page=1&amp;filter%5Bdata.attributedata.spec_temperatur%5D=Max.%2B200%25C2%25B0C,Max.%2B270%25C2%25B0C,Max.%2B350%25C2%25B0C\">Webshop<\/a>.<\/p>\n<p>Benutzen Sie Ihre Zugangsdaten um die Nettopreise zu sehen. Haben Sie diese nicht, erstellen Sie ein Konto <strong><a href=\"https:\/\/shop.pti.eu\/de\/konto-einrichten\">hier<\/a>.<\/strong><\/p>\n<\/div><\/div><footer class=\"entry-footer\"><\/footer><\/article>\n\n<style type=\"text\/css\" data-created_by=\"avia_inline_auto\" id=\"style-css-av-9xgo6-8bc9acce05fbf92a99abfd39eb5d6c5a\">\n#top .av-special-heading.av-9xgo6-8bc9acce05fbf92a99abfd39eb5d6c5a{\npadding-bottom:10px;\n}\nbody .av-special-heading.av-9xgo6-8bc9acce05fbf92a99abfd39eb5d6c5a .av-special-heading-tag .heading-char{\nfont-size:25px;\n}\n.av-special-heading.av-9xgo6-8bc9acce05fbf92a99abfd39eb5d6c5a .av-subheading{\nfont-size:15px;\n}\n<\/style>\n<div  class='av-special-heading av-9xgo6-8bc9acce05fbf92a99abfd39eb5d6c5a av-special-heading-h6  avia-builder-el-4  el_after_av_icon_box  el_before_av_one_third '><h6 class='av-special-heading-tag '  itemprop=\"headline\"  >Hochtemperatur Lagereins\u00e4tze<\/h6><div class=\"special-heading-border\"><div class=\"special-heading-inner-border\"><\/div><\/div><\/div>\n<div class='flex_column_table av-t8ld2-52c2a3261bc221fc8eb775ef0709bf22 sc-av_one_third av-equal-height-column-flextable'>\n<style type=\"text\/css\" data-created_by=\"avia_inline_auto\" id=\"style-css-av-t8ld2-52c2a3261bc221fc8eb775ef0709bf22\">\n.flex_column.av-t8ld2-52c2a3261bc221fc8eb775ef0709bf22{\nborder-radius:0px 0px 0px 0px;\npadding:0px 0px 0px 0px;\n}\n<\/style>\n<div  class='flex_column av-t8ld2-52c2a3261bc221fc8eb775ef0709bf22 av_one_third  avia-builder-el-5  el_after_av_heading  el_before_av_two_third  first flex_column_table_cell av-equal-height-column av-align-middle av-zero-column-padding  '     ><style type=\"text\/css\" data-created_by=\"avia_inline_auto\" id=\"style-css-av-kndf2-16c36e0b3d839a0af2ac9048cbd32e94\">\n.avia-image-container.av-kndf2-16c36e0b3d839a0af2ac9048cbd32e94 img.avia_image{\nbox-shadow:none;\n}\n.avia-image-container.av-kndf2-16c36e0b3d839a0af2ac9048cbd32e94 .av-image-caption-overlay-center{\ncolor:#ffffff;\n}\n<\/style>\n<div  class='avia-image-container av-kndf2-16c36e0b3d839a0af2ac9048cbd32e94 av-styling- avia-align-center  avia-builder-el-6  avia-builder-el-no-sibling '   itemprop=\"image\" itemscope=\"itemscope\" itemtype=\"https:\/\/schema.org\/ImageObject\" ><div class=\"avia-image-container-inner\"><div class=\"avia-image-overlay-wrap\"><img decoding=\"async\" fetchpriority=\"high\" class='wp-image-2061 avia-img-lazy-loading-not-2061 avia_image ' src=\"https:\/\/pti.eu\/wp-content\/uploads\/2016\/10\/insert.jpg\" alt='' title='Stainless Steel Insert Bearing'  height=\"187\" width=\"200\"  itemprop=\"thumbnailUrl\"  \/><\/div><\/div><\/div><\/div>\n<div class='av-flex-placeholder'><\/div>\n<style type=\"text\/css\" data-created_by=\"avia_inline_auto\" id=\"style-css-av-egm4m-59b174fec661dd60200fa88f208951a3\">\n.flex_column.av-egm4m-59b174fec661dd60200fa88f208951a3{\nborder-radius:0px 0px 0px 0px;\npadding:0px 0px 0px 0px;\n}\n<\/style>\n<div  class='flex_column av-egm4m-59b174fec661dd60200fa88f208951a3 av_two_third  avia-builder-el-7  el_after_av_one_third  avia-builder-el-last  flex_column_table_cell av-equal-height-column av-align-middle av-zero-column-padding  '     ><section  class='av_textblock_section av-act52-0afaf1896bcffb1c18e49fa00861d545 '   itemscope=\"itemscope\" itemtype=\"https:\/\/schema.org\/CreativeWork\" ><div class='avia_textblock'  itemprop=\"text\" ><p><a href=\"https:\/\/pti.eu\/pdf\/hightemp\/HT-UC.pdf\" target=\"_blank\" rel=\"noopener\">HT-UC 200 &amp; 300 Series &#8211; 200\u00b0C<\/a><\/p>\n<p><a href=\"https:\/\/pti.eu\/pdf\/hightemp\/HT-UC270.pdf\" target=\"_blank\" rel=\"noopener\">HT-UC 200 &amp; 300 Series &#8211; 270\u00b0C<\/a><\/p>\n<p><a href=\"https:\/\/pti.eu\/pdf\/hightemp\/HT-HC.pdf\" target=\"_blank\" rel=\"noopener\">HT-HC 200 Series &#8211; 200\u00b0C<\/a><\/p>\n<p><a href=\"https:\/\/pti.eu\/pdf\/hightemp\/HT-HC270.pdf\" target=\"_blank\" rel=\"noopener\">HT-HC 200 Series &#8211; 270\u00b0C<\/a><\/p>\n<\/div><\/section><\/div><\/div><!--close column table wrapper. Autoclose: 1 -->\n","protected":false},"excerpt":{"rendered":"","protected":false},"author":1,"featured_media":0,"parent":377,"menu_order":0,"comment_status":"closed","ping_status":"closed","template":"","meta":{"footnotes":""},"class_list":["post-798","page","type-page","status-publish","hentry"],"yoast_head":"<!-- This site is optimized with the Yoast SEO plugin v27.5 - https:\/\/yoast.com\/product\/yoast-seo-wordpress\/ -->\n<title>Hochtemperatur - PTI<\/title>\n<meta name=\"robots\" content=\"index, follow, max-snippet:-1, max-image-preview:large, max-video-preview:-1\" \/>\n<link rel=\"canonical\" href=\"https:\/\/pti.eu\/de\/produkte\/hochtemperatur\/\" \/>\n<meta property=\"og:locale\" content=\"de_DE\" \/>\n<meta property=\"og:type\" content=\"article\" \/>\n<meta property=\"og:title\" content=\"Hochtemperatur - PTI\" \/>\n<meta property=\"og:url\" content=\"https:\/\/pti.eu\/de\/produkte\/hochtemperatur\/\" \/>\n<meta property=\"og:site_name\" content=\"PTI\" \/>\n<meta property=\"article:publisher\" content=\"https:\/\/www.facebook.com\/ptieuropa\" \/>\n<meta property=\"article:modified_time\" content=\"2026-01-13T12:04:03+00:00\" \/>\n<meta name=\"twitter:card\" content=\"summary_large_image\" \/>\n<meta name=\"twitter:site\" content=\"@ptieu\" \/>\n<meta name=\"twitter:label1\" content=\"Gesch\u00e4tzte Lesezeit\" \/>\n\t<meta name=\"twitter:data1\" content=\"3 minutes\" \/>\n<script type=\"application\/ld+json\" class=\"yoast-schema-graph\">{\"@context\":\"https:\\\/\\\/schema.org\",\"@graph\":[{\"@type\":\"WebPage\",\"@id\":\"https:\\\/\\\/pti.eu\\\/de\\\/produkte\\\/hochtemperatur\\\/\",\"url\":\"https:\\\/\\\/pti.eu\\\/de\\\/produkte\\\/hochtemperatur\\\/\",\"name\":\"Hochtemperatur - PTI\",\"isPartOf\":{\"@id\":\"https:\\\/\\\/pti.eu\\\/de\\\/#website\"},\"datePublished\":\"2012-11-23T08:31:38+00:00\",\"dateModified\":\"2026-01-13T12:04:03+00:00\",\"breadcrumb\":{\"@id\":\"https:\\\/\\\/pti.eu\\\/de\\\/produkte\\\/hochtemperatur\\\/#breadcrumb\"},\"inLanguage\":\"de-DE\",\"potentialAction\":[{\"@type\":\"ReadAction\",\"target\":[\"https:\\\/\\\/pti.eu\\\/de\\\/produkte\\\/hochtemperatur\\\/\"]}]},{\"@type\":\"BreadcrumbList\",\"@id\":\"https:\\\/\\\/pti.eu\\\/de\\\/produkte\\\/hochtemperatur\\\/#breadcrumb\",\"itemListElement\":[{\"@type\":\"ListItem\",\"position\":1,\"name\":\"Home\",\"item\":\"https:\\\/\\\/pti.eu\\\/de\\\/home\\\/\"},{\"@type\":\"ListItem\",\"position\":2,\"name\":\"Produkte\",\"item\":\"https:\\\/\\\/pti.eu\\\/de\\\/produkte\\\/\"},{\"@type\":\"ListItem\",\"position\":3,\"name\":\"Hochtemperatur\"}]},{\"@type\":\"WebSite\",\"@id\":\"https:\\\/\\\/pti.eu\\\/de\\\/#website\",\"url\":\"https:\\\/\\\/pti.eu\\\/de\\\/\",\"name\":\"PTI Europa\",\"description\":\"Bearings &amp; Transmission\",\"publisher\":{\"@id\":\"https:\\\/\\\/pti.eu\\\/de\\\/#organization\"},\"potentialAction\":[{\"@type\":\"SearchAction\",\"target\":{\"@type\":\"EntryPoint\",\"urlTemplate\":\"https:\\\/\\\/pti.eu\\\/de\\\/?s={search_term_string}\"},\"query-input\":{\"@type\":\"PropertyValueSpecification\",\"valueRequired\":true,\"valueName\":\"search_term_string\"}}],\"inLanguage\":\"de-DE\"},{\"@type\":\"Organization\",\"@id\":\"https:\\\/\\\/pti.eu\\\/de\\\/#organization\",\"name\":\"PTI Europa A\\\/S\",\"url\":\"https:\\\/\\\/pti.eu\\\/de\\\/\",\"logo\":{\"@type\":\"ImageObject\",\"inLanguage\":\"de-DE\",\"@id\":\"https:\\\/\\\/pti.eu\\\/de\\\/#\\\/schema\\\/logo\\\/image\\\/\",\"url\":\"https:\\\/\\\/pti.eu\\\/wp-content\\\/uploads\\\/2021\\\/05\\\/PTI-Logo.png\",\"contentUrl\":\"https:\\\/\\\/pti.eu\\\/wp-content\\\/uploads\\\/2021\\\/05\\\/PTI-Logo.png\",\"width\":673,\"height\":673,\"caption\":\"PTI Europa A\\\/S\"},\"image\":{\"@id\":\"https:\\\/\\\/pti.eu\\\/de\\\/#\\\/schema\\\/logo\\\/image\\\/\"},\"sameAs\":[\"https:\\\/\\\/www.facebook.com\\\/ptieuropa\",\"https:\\\/\\\/x.com\\\/ptieu\",\"https:\\\/\\\/www.linkedin.com\\\/company\\\/pti-europa-a-s\\\/\"]}]}<\/script>\n<!-- \/ Yoast SEO plugin. -->","yoast_head_json":{"title":"Hochtemperatur - PTI","robots":{"index":"index","follow":"follow","max-snippet":"max-snippet:-1","max-image-preview":"max-image-preview:large","max-video-preview":"max-video-preview:-1"},"canonical":"https:\/\/pti.eu\/de\/produkte\/hochtemperatur\/","og_locale":"de_DE","og_type":"article","og_title":"Hochtemperatur - PTI","og_url":"https:\/\/pti.eu\/de\/produkte\/hochtemperatur\/","og_site_name":"PTI","article_publisher":"https:\/\/www.facebook.com\/ptieuropa","article_modified_time":"2026-01-13T12:04:03+00:00","twitter_card":"summary_large_image","twitter_site":"@ptieu","twitter_misc":{"Gesch\u00e4tzte Lesezeit":"3 minutes"},"schema":{"@context":"https:\/\/schema.org","@graph":[{"@type":"WebPage","@id":"https:\/\/pti.eu\/de\/produkte\/hochtemperatur\/","url":"https:\/\/pti.eu\/de\/produkte\/hochtemperatur\/","name":"Hochtemperatur - PTI","isPartOf":{"@id":"https:\/\/pti.eu\/de\/#website"},"datePublished":"2012-11-23T08:31:38+00:00","dateModified":"2026-01-13T12:04:03+00:00","breadcrumb":{"@id":"https:\/\/pti.eu\/de\/produkte\/hochtemperatur\/#breadcrumb"},"inLanguage":"de-DE","potentialAction":[{"@type":"ReadAction","target":["https:\/\/pti.eu\/de\/produkte\/hochtemperatur\/"]}]},{"@type":"BreadcrumbList","@id":"https:\/\/pti.eu\/de\/produkte\/hochtemperatur\/#breadcrumb","itemListElement":[{"@type":"ListItem","position":1,"name":"Home","item":"https:\/\/pti.eu\/de\/home\/"},{"@type":"ListItem","position":2,"name":"Produkte","item":"https:\/\/pti.eu\/de\/produkte\/"},{"@type":"ListItem","position":3,"name":"Hochtemperatur"}]},{"@type":"WebSite","@id":"https:\/\/pti.eu\/de\/#website","url":"https:\/\/pti.eu\/de\/","name":"PTI Europa","description":"Bearings &amp; Transmission","publisher":{"@id":"https:\/\/pti.eu\/de\/#organization"},"potentialAction":[{"@type":"SearchAction","target":{"@type":"EntryPoint","urlTemplate":"https:\/\/pti.eu\/de\/?s={search_term_string}"},"query-input":{"@type":"PropertyValueSpecification","valueRequired":true,"valueName":"search_term_string"}}],"inLanguage":"de-DE"},{"@type":"Organization","@id":"https:\/\/pti.eu\/de\/#organization","name":"PTI Europa A\/S","url":"https:\/\/pti.eu\/de\/","logo":{"@type":"ImageObject","inLanguage":"de-DE","@id":"https:\/\/pti.eu\/de\/#\/schema\/logo\/image\/","url":"https:\/\/pti.eu\/wp-content\/uploads\/2021\/05\/PTI-Logo.png","contentUrl":"https:\/\/pti.eu\/wp-content\/uploads\/2021\/05\/PTI-Logo.png","width":673,"height":673,"caption":"PTI Europa A\/S"},"image":{"@id":"https:\/\/pti.eu\/de\/#\/schema\/logo\/image\/"},"sameAs":["https:\/\/www.facebook.com\/ptieuropa","https:\/\/x.com\/ptieu","https:\/\/www.linkedin.com\/company\/pti-europa-a-s\/"]}]}},"_links":{"self":[{"href":"https:\/\/pti.eu\/de\/wp-json\/wp\/v2\/pages\/798","targetHints":{"allow":["GET"]}}],"collection":[{"href":"https:\/\/pti.eu\/de\/wp-json\/wp\/v2\/pages"}],"about":[{"href":"https:\/\/pti.eu\/de\/wp-json\/wp\/v2\/types\/page"}],"author":[{"embeddable":true,"href":"https:\/\/pti.eu\/de\/wp-json\/wp\/v2\/users\/1"}],"replies":[{"embeddable":true,"href":"https:\/\/pti.eu\/de\/wp-json\/wp\/v2\/comments?post=798"}],"version-history":[{"count":11,"href":"https:\/\/pti.eu\/de\/wp-json\/wp\/v2\/pages\/798\/revisions"}],"predecessor-version":[{"id":16431,"href":"https:\/\/pti.eu\/de\/wp-json\/wp\/v2\/pages\/798\/revisions\/16431"}],"up":[{"embeddable":true,"href":"https:\/\/pti.eu\/de\/wp-json\/wp\/v2\/pages\/377"}],"wp:attachment":[{"href":"https:\/\/pti.eu\/de\/wp-json\/wp\/v2\/media?parent=798"}],"curies":[{"name":"wp","href":"https:\/\/api.w.org\/{rel}","templated":true}]}}